{"id":18701,"date":"2025-01-13T10:43:36","date_gmt":"2025-01-13T09:43:36","guid":{"rendered":"https:\/\/shop.faresin.com\/prodotto\/fs-czarna-koszulka-dziecieca-6-26\/"},"modified":"2025-01-13T10:43:36","modified_gmt":"2025-01-13T09:43:36","slug":"fs-czarna-koszulka-dziecieca-6-26","status":"publish","type":"product","link":"https:\/\/shop.faresin.com\/pl\/prodotto\/fs-czarna-koszulka-dziecieca-6-26\/","title":{"rendered":"FS CZARNA KOSZULKA DZIECI\u0118CA 6.26"},"content":{"rendered":"","protected":false},"excerpt":{"rendered":"<p>Koszulka z okr\u0105g\u0142ym dekoltem wykonana w 100% z bawe\u0142ny, z pr\u0105\u017ckowanym ko\u0142nierzem i elastanem dla wygodnego i trwa\u0142ego dopasowania. Ekskluzywny design dedykowany zawodnikom FS 6.26, na ka\u017cd\u0105 okazj\u0119. <\/p>\n","protected":false},"featured_media":18660,"template":"","meta":[],"product_brand":[],"product_cat":[189],"product_tag":[],"class_list":{"0":"post-18701","1":"product","2":"type-product","3":"status-publish","4":"has-post-thumbnail","6":"product_cat-koszulka","8":"first","9":"instock","10":"taxable","11":"shipping-taxable","12":"purchasable","13":"product-type-variable"},"_links":{"self":[{"href":"https:\/\/shop.faresin.com\/pl\/wp-json\/wp\/v2\/product\/18701","targetHints":{"allow":["GET"]}}],"collection":[{"href":"https:\/\/shop.faresin.com\/pl\/wp-json\/wp\/v2\/product"}],"about":[{"href":"https:\/\/shop.faresin.com\/pl\/wp-json\/wp\/v2\/types\/product"}],"wp:featuredmedia":[{"embeddable":true,"href":"https:\/\/shop.faresin.com\/pl\/wp-json\/wp\/v2\/media\/18660"}],"wp:attachment":[{"href":"https:\/\/shop.faresin.com\/pl\/wp-json\/wp\/v2\/media?parent=18701"}],"wp:term":[{"taxonomy":"product_brand","embeddable":true,"href":"https:\/\/shop.faresin.com\/pl\/wp-json\/wp\/v2\/product_brand?post=18701"},{"taxonomy":"product_cat","embeddable":true,"href":"https:\/\/shop.faresin.com\/pl\/wp-json\/wp\/v2\/product_cat?post=18701"},{"taxonomy":"product_tag","embeddable":true,"href":"https:\/\/shop.faresin.com\/pl\/wp-json\/wp\/v2\/product_tag?post=18701"}],"curies":[{"name":"wp","href":"https:\/\/api.w.org\/{rel}","templated":true}]}}