{"id":17996,"date":"2023-06-14T15:58:18","date_gmt":"2023-06-14T13:58:18","guid":{"rendered":"https:\/\/shop.faresin.com\/?post_type=product&#038;p=17996"},"modified":"2024-08-19T08:35:30","modified_gmt":"2024-08-19T06:35:30","slug":"soft-shell","status":"publish","type":"product","link":"https:\/\/shop.faresin.com\/pl\/prodotto\/soft-shell\/","title":{"rendered":"SOFT SHELL"},"content":{"rendered":"","protected":false},"excerpt":{"rendered":"<p>Mi\u0119kka, wodoodporna czarna kurtka z poliestrow\u0105 wy\u015bci\u00f3\u0142k\u0105. Szare zamki, wy\u015bcie\u0142any kaptur i trzy kieszenie zapinane na zamek. Logo Faresin wyhaftowane po lewej stronie.<\/p>\n","protected":false},"featured_media":18158,"template":"","meta":[],"product_brand":[],"product_cat":[193],"product_tag":[],"class_list":{"0":"post-17996","1":"product","2":"type-product","3":"status-publish","4":"has-post-thumbnail","6":"product_cat-kurtka","8":"first","9":"instock","10":"taxable","11":"shipping-taxable","12":"purchasable","13":"product-type-variable"},"_links":{"self":[{"href":"https:\/\/shop.faresin.com\/pl\/wp-json\/wp\/v2\/product\/17996","targetHints":{"allow":["GET"]}}],"collection":[{"href":"https:\/\/shop.faresin.com\/pl\/wp-json\/wp\/v2\/product"}],"about":[{"href":"https:\/\/shop.faresin.com\/pl\/wp-json\/wp\/v2\/types\/product"}],"wp:featuredmedia":[{"embeddable":true,"href":"https:\/\/shop.faresin.com\/pl\/wp-json\/wp\/v2\/media\/18158"}],"wp:attachment":[{"href":"https:\/\/shop.faresin.com\/pl\/wp-json\/wp\/v2\/media?parent=17996"}],"wp:term":[{"taxonomy":"product_brand","embeddable":true,"href":"https:\/\/shop.faresin.com\/pl\/wp-json\/wp\/v2\/product_brand?post=17996"},{"taxonomy":"product_cat","embeddable":true,"href":"https:\/\/shop.faresin.com\/pl\/wp-json\/wp\/v2\/product_cat?post=17996"},{"taxonomy":"product_tag","embeddable":true,"href":"https:\/\/shop.faresin.com\/pl\/wp-json\/wp\/v2\/product_tag?post=17996"}],"curies":[{"name":"wp","href":"https:\/\/api.w.org\/{rel}","templated":true}]}}