{"id":17731,"date":"2022-06-27T17:38:17","date_gmt":"2022-06-27T15:38:17","guid":{"rendered":"https:\/\/shop.faresin.com\/?post_type=product&#038;p=17731"},"modified":"2024-08-19T10:14:06","modified_gmt":"2024-08-19T08:14:06","slug":"bluza-damski-gauzed","status":"publish","type":"product","link":"https:\/\/shop.faresin.com\/pl\/prodotto\/bluza-damski-gauzed\/","title":{"rendered":"BLUZA DAMSKI GAUZED"},"content":{"rendered":"","protected":false},"excerpt":{"rendered":"<p>Damski bluza gauzed w kolorze niebieskim przeznaczona do noszenia w po\u0142owie sezonu. Dwie wygodne kieszenie i zamek b\u0142yskawiczny sprawiaj\u0105, \u017ce jest praktyczna w u\u017cyciu zar\u00f3wno podczas pracy, jak i w czasie wolnym. Gumki w pasie i mankietach zwi\u0119kszaj\u0105 komfort u\u017cytkowania bluzy.<\/p>\n","protected":false},"featured_media":18208,"template":"","meta":[],"product_brand":[],"product_cat":[185],"product_tag":[],"class_list":{"0":"post-17731","1":"product","2":"type-product","3":"status-publish","4":"has-post-thumbnail","6":"product_cat-bluzie","8":"first","9":"instock","10":"taxable","11":"shipping-taxable","12":"purchasable","13":"product-type-variable"},"_links":{"self":[{"href":"https:\/\/shop.faresin.com\/pl\/wp-json\/wp\/v2\/product\/17731","targetHints":{"allow":["GET"]}}],"collection":[{"href":"https:\/\/shop.faresin.com\/pl\/wp-json\/wp\/v2\/product"}],"about":[{"href":"https:\/\/shop.faresin.com\/pl\/wp-json\/wp\/v2\/types\/product"}],"wp:featuredmedia":[{"embeddable":true,"href":"https:\/\/shop.faresin.com\/pl\/wp-json\/wp\/v2\/media\/18208"}],"wp:attachment":[{"href":"https:\/\/shop.faresin.com\/pl\/wp-json\/wp\/v2\/media?parent=17731"}],"wp:term":[{"taxonomy":"product_brand","embeddable":true,"href":"https:\/\/shop.faresin.com\/pl\/wp-json\/wp\/v2\/product_brand?post=17731"},{"taxonomy":"product_cat","embeddable":true,"href":"https:\/\/shop.faresin.com\/pl\/wp-json\/wp\/v2\/product_cat?post=17731"},{"taxonomy":"product_tag","embeddable":true,"href":"https:\/\/shop.faresin.com\/pl\/wp-json\/wp\/v2\/product_tag?post=17731"}],"curies":[{"name":"wp","href":"https:\/\/api.w.org\/{rel}","templated":true}]}}