{"id":16286,"date":"2022-06-27T14:53:55","date_gmt":"2022-06-27T12:53:55","guid":{"rendered":"https:\/\/shop.faresin.com\/prodotto\/pamiec-usb\/"},"modified":"2023-02-17T14:45:57","modified_gmt":"2023-02-17T13:45:57","slug":"pamiec-usb","status":"publish","type":"product","link":"https:\/\/shop.faresin.com\/pl\/prodotto\/pamiec-usb\/","title":{"rendered":"pami\u0119\u0107 USB"},"content":{"rendered":"","protected":false},"excerpt":{"rendered":"<p>Metalowa pami\u0119\u0107 USB grawerowana laserowo, najnowszej generacji o pojemno\u015bci 8GB.<\/p>\n","protected":false},"featured_media":15767,"template":"","meta":[],"product_brand":[],"product_cat":[199],"product_tag":[],"class_list":{"0":"post-16286","1":"product","2":"type-product","3":"status-publish","4":"has-post-thumbnail","6":"product_cat-akcesoria","8":"first","9":"instock","10":"taxable","11":"shipping-taxable","12":"purchasable","13":"product-type-simple"},"_links":{"self":[{"href":"https:\/\/shop.faresin.com\/pl\/wp-json\/wp\/v2\/product\/16286","targetHints":{"allow":["GET"]}}],"collection":[{"href":"https:\/\/shop.faresin.com\/pl\/wp-json\/wp\/v2\/product"}],"about":[{"href":"https:\/\/shop.faresin.com\/pl\/wp-json\/wp\/v2\/types\/product"}],"wp:featuredmedia":[{"embeddable":true,"href":"https:\/\/shop.faresin.com\/pl\/wp-json\/wp\/v2\/media\/15767"}],"wp:attachment":[{"href":"https:\/\/shop.faresin.com\/pl\/wp-json\/wp\/v2\/media?parent=16286"}],"wp:term":[{"taxonomy":"product_brand","embeddable":true,"href":"https:\/\/shop.faresin.com\/pl\/wp-json\/wp\/v2\/product_brand?post=16286"},{"taxonomy":"product_cat","embeddable":true,"href":"https:\/\/shop.faresin.com\/pl\/wp-json\/wp\/v2\/product_cat?post=16286"},{"taxonomy":"product_tag","embeddable":true,"href":"https:\/\/shop.faresin.com\/pl\/wp-json\/wp\/v2\/product_tag?post=16286"}],"curies":[{"name":"wp","href":"https:\/\/api.w.org\/{rel}","templated":true}]}}