{"id":16277,"date":"2022-06-27T15:10:04","date_gmt":"2022-06-27T13:10:04","guid":{"rendered":"https:\/\/shop.faresin.com\/prodotto\/parasol\/"},"modified":"2022-12-22T08:20:48","modified_gmt":"2022-12-22T07:20:48","slug":"parasol","status":"publish","type":"product","link":"https:\/\/shop.faresin.com\/pl\/prodotto\/parasol\/","title":{"rendered":"PARASOL"},"content":{"rendered":"","protected":false},"excerpt":{"rendered":"<p>Parasol z automatycznym otwieraniem, czarna plastikowa r\u0105czka, chromowany metalowy trzonek, szare nylonowe p\u0142\u00f3tno poliestrowe 170 T. Logo z nadrukiem Faresin.<\/p>\n","protected":false},"featured_media":15757,"template":"","meta":[],"product_brand":[],"product_cat":[199],"product_tag":[],"class_list":{"0":"post-16277","1":"product","2":"type-product","3":"status-publish","4":"has-post-thumbnail","6":"product_cat-akcesoria","8":"first","9":"instock","10":"taxable","11":"shipping-taxable","12":"purchasable","13":"product-type-simple"},"_links":{"self":[{"href":"https:\/\/shop.faresin.com\/pl\/wp-json\/wp\/v2\/product\/16277","targetHints":{"allow":["GET"]}}],"collection":[{"href":"https:\/\/shop.faresin.com\/pl\/wp-json\/wp\/v2\/product"}],"about":[{"href":"https:\/\/shop.faresin.com\/pl\/wp-json\/wp\/v2\/types\/product"}],"wp:featuredmedia":[{"embeddable":true,"href":"https:\/\/shop.faresin.com\/pl\/wp-json\/wp\/v2\/media\/15757"}],"wp:attachment":[{"href":"https:\/\/shop.faresin.com\/pl\/wp-json\/wp\/v2\/media?parent=16277"}],"wp:term":[{"taxonomy":"product_brand","embeddable":true,"href":"https:\/\/shop.faresin.com\/pl\/wp-json\/wp\/v2\/product_brand?post=16277"},{"taxonomy":"product_cat","embeddable":true,"href":"https:\/\/shop.faresin.com\/pl\/wp-json\/wp\/v2\/product_cat?post=16277"},{"taxonomy":"product_tag","embeddable":true,"href":"https:\/\/shop.faresin.com\/pl\/wp-json\/wp\/v2\/product_tag?post=16277"}],"curies":[{"name":"wp","href":"https:\/\/api.w.org\/{rel}","templated":true}]}}