{"id":16206,"date":"2022-06-27T16:12:31","date_gmt":"2022-06-27T14:12:31","guid":{"rendered":"https:\/\/shop.faresin.com\/prodotto\/kombinezon-roboczy\/"},"modified":"2022-12-21T16:45:52","modified_gmt":"2022-12-21T15:45:52","slug":"kombinezon","status":"publish","type":"product","link":"https:\/\/shop.faresin.com\/pl\/prodotto\/kombinezon\/","title":{"rendered":"KOMBINEZON"},"content":{"rendered":"","protected":false},"excerpt":{"rendered":"<p>Kombinezon Faresin jest idealny dla os\u00f3b pracuj\u0105cych na farmach lub w warsztatach. Bardzo dobrze nadaje si\u0119 do wszystkich prac, w kt\u00f3rych \u0142atwo si\u0119 brudzi. Mo\u017cna j\u0105 pra\u0107 w temperaturze do 60\u00b0C i ma elastyczn\u0105 tali\u0119, mankiety i 4 kieszenie zewn\u0119trzne, kt\u00f3re poprawiaj\u0105 dopasowanie podczas codziennych prac. Kryty zamek b\u0142yskawiczny pozwala na szybkie za\u0142o\u017cenie i zdj\u0119cie kombinezonu.<\/p>\n","protected":false},"featured_media":15742,"template":"","meta":[],"product_brand":[],"product_cat":[212],"product_tag":[],"class_list":{"0":"post-16206","1":"product","2":"type-product","3":"status-publish","4":"has-post-thumbnail","6":"product_cat-suits-pl","8":"first","9":"instock","10":"taxable","11":"shipping-taxable","12":"purchasable","13":"product-type-variable"},"_links":{"self":[{"href":"https:\/\/shop.faresin.com\/pl\/wp-json\/wp\/v2\/product\/16206","targetHints":{"allow":["GET"]}}],"collection":[{"href":"https:\/\/shop.faresin.com\/pl\/wp-json\/wp\/v2\/product"}],"about":[{"href":"https:\/\/shop.faresin.com\/pl\/wp-json\/wp\/v2\/types\/product"}],"wp:featuredmedia":[{"embeddable":true,"href":"https:\/\/shop.faresin.com\/pl\/wp-json\/wp\/v2\/media\/15742"}],"wp:attachment":[{"href":"https:\/\/shop.faresin.com\/pl\/wp-json\/wp\/v2\/media?parent=16206"}],"wp:term":[{"taxonomy":"product_brand","embeddable":true,"href":"https:\/\/shop.faresin.com\/pl\/wp-json\/wp\/v2\/product_brand?post=16206"},{"taxonomy":"product_cat","embeddable":true,"href":"https:\/\/shop.faresin.com\/pl\/wp-json\/wp\/v2\/product_cat?post=16206"},{"taxonomy":"product_tag","embeddable":true,"href":"https:\/\/shop.faresin.com\/pl\/wp-json\/wp\/v2\/product_tag?post=16206"}],"curies":[{"name":"wp","href":"https:\/\/api.w.org\/{rel}","templated":true}]}}