{"id":16127,"date":"2022-06-28T09:12:39","date_gmt":"2022-06-28T07:12:39","guid":{"rendered":"https:\/\/shop.faresin.com\/prodotto\/meski-szary-polar\/"},"modified":"2024-08-19T09:54:00","modified_gmt":"2024-08-19T07:54:00","slug":"polar-meski-szary","status":"publish","type":"product","link":"https:\/\/shop.faresin.com\/pl\/prodotto\/polar-meski-szary\/","title":{"rendered":"M\u0118SKI SZARY POLAR"},"content":{"rendered":"","protected":false},"excerpt":{"rendered":"<p>Polar m\u0119ski w kolorze szarym przeznaczony na zim\u0119, z bardzo wygodnego materia\u0142u, kt\u00f3ry nie obci\u0105\u017ca cia\u0142a. Polar jest lekki w noszeniu i ma wysoki stopie\u0144 izolacji termicznej. Polar zamyka si\u0119 przez pe\u0142ny zamek b\u0142yskawiczny. Haftowane logo Faresin.<\/p>\n","protected":false},"featured_media":15682,"template":"","meta":[],"product_brand":[],"product_cat":[185],"product_tag":[],"class_list":{"0":"post-16127","1":"product","2":"type-product","3":"status-publish","4":"has-post-thumbnail","6":"product_cat-bluzie","8":"first","9":"instock","10":"taxable","11":"shipping-taxable","12":"purchasable","13":"product-type-variable","14":"has-default-attributes"},"_links":{"self":[{"href":"https:\/\/shop.faresin.com\/pl\/wp-json\/wp\/v2\/product\/16127","targetHints":{"allow":["GET"]}}],"collection":[{"href":"https:\/\/shop.faresin.com\/pl\/wp-json\/wp\/v2\/product"}],"about":[{"href":"https:\/\/shop.faresin.com\/pl\/wp-json\/wp\/v2\/types\/product"}],"wp:featuredmedia":[{"embeddable":true,"href":"https:\/\/shop.faresin.com\/pl\/wp-json\/wp\/v2\/media\/15682"}],"wp:attachment":[{"href":"https:\/\/shop.faresin.com\/pl\/wp-json\/wp\/v2\/media?parent=16127"}],"wp:term":[{"taxonomy":"product_brand","embeddable":true,"href":"https:\/\/shop.faresin.com\/pl\/wp-json\/wp\/v2\/product_brand?post=16127"},{"taxonomy":"product_cat","embeddable":true,"href":"https:\/\/shop.faresin.com\/pl\/wp-json\/wp\/v2\/product_cat?post=16127"},{"taxonomy":"product_tag","embeddable":true,"href":"https:\/\/shop.faresin.com\/pl\/wp-json\/wp\/v2\/product_tag?post=16127"}],"curies":[{"name":"wp","href":"https:\/\/api.w.org\/{rel}","templated":true}]}}