{"id":16111,"date":"2022-06-28T09:26:05","date_gmt":"2022-06-28T07:26:05","guid":{"rendered":"https:\/\/shop.faresin.com\/prodotto\/meska-koszulka-polo-z-dlugimi-rekawami\/"},"modified":"2024-08-19T09:43:56","modified_gmt":"2024-08-19T07:43:56","slug":"koszulka-polo-z-dlugim-rekawem-mezczyzn","status":"publish","type":"product","link":"https:\/\/shop.faresin.com\/pl\/prodotto\/koszulka-polo-z-dlugim-rekawem-mezczyzn\/","title":{"rendered":"M\u0118SKA KOSZULKA POLO Z D\u0141UGIMI R\u0118KAWAMI"},"content":{"rendered":"","protected":false},"excerpt":{"rendered":"<p>Koszulka polo z d\u0142ugim r\u0119kawem dla m\u0119\u017cczyznm\u0119\u017cskie ze 100% bawe\u0142ny ring-spun pique, 180 g, dwa guziki w dopasowanych kolorach i kr\u00f3tki r\u0119kaw. Haftowane logo Faresin.<\/p>\n","protected":false},"featured_media":15672,"template":"","meta":[],"product_brand":[],"product_cat":[204],"product_tag":[],"class_list":{"0":"post-16111","1":"product","2":"type-product","3":"status-publish","4":"has-post-thumbnail","6":"product_cat-polo-pl","8":"first","9":"instock","10":"taxable","11":"shipping-taxable","12":"purchasable","13":"product-type-variable","14":"has-default-attributes"},"_links":{"self":[{"href":"https:\/\/shop.faresin.com\/pl\/wp-json\/wp\/v2\/product\/16111","targetHints":{"allow":["GET"]}}],"collection":[{"href":"https:\/\/shop.faresin.com\/pl\/wp-json\/wp\/v2\/product"}],"about":[{"href":"https:\/\/shop.faresin.com\/pl\/wp-json\/wp\/v2\/types\/product"}],"wp:featuredmedia":[{"embeddable":true,"href":"https:\/\/shop.faresin.com\/pl\/wp-json\/wp\/v2\/media\/15672"}],"wp:attachment":[{"href":"https:\/\/shop.faresin.com\/pl\/wp-json\/wp\/v2\/media?parent=16111"}],"wp:term":[{"taxonomy":"product_brand","embeddable":true,"href":"https:\/\/shop.faresin.com\/pl\/wp-json\/wp\/v2\/product_brand?post=16111"},{"taxonomy":"product_cat","embeddable":true,"href":"https:\/\/shop.faresin.com\/pl\/wp-json\/wp\/v2\/product_cat?post=16111"},{"taxonomy":"product_tag","embeddable":true,"href":"https:\/\/shop.faresin.com\/pl\/wp-json\/wp\/v2\/product_tag?post=16111"}],"curies":[{"name":"wp","href":"https:\/\/api.w.org\/{rel}","templated":true}]}}