{"id":16079,"date":"2022-06-28T10:07:08","date_gmt":"2022-06-28T08:07:08","guid":{"rendered":"https:\/\/shop.faresin.com\/prodotto\/kamizelka\/"},"modified":"2026-01-26T13:38:24","modified_gmt":"2026-01-26T12:38:24","slug":"kamizelka","status":"publish","type":"product","link":"https:\/\/shop.faresin.com\/pl\/prodotto\/kamizelka\/","title":{"rendered":"KAMIZELKA"},"content":{"rendered":"","protected":false},"excerpt":{"rendered":"<p class=\"p1\">Dwukolorowa 2-warstwowa kamizelka soft shell z wodoodporn\u0105 pow\u0142ok\u0105 wykonana w 100% z elastycznego poliestru. Zapi\u0119cie z przodu na plastikowy zamek b\u0142yskawiczny, metalowy suwak i dwie zewn\u0119trzne kieszenie.<\/p>\n","protected":false},"featured_media":18463,"template":"","meta":[],"product_brand":[],"product_cat":[193],"product_tag":[],"class_list":{"0":"post-16079","1":"product","2":"type-product","3":"status-publish","4":"has-post-thumbnail","6":"product_cat-kurtka","8":"first","9":"instock","10":"taxable","11":"shipping-taxable","12":"purchasable","13":"product-type-variable","14":"has-default-attributes"},"_links":{"self":[{"href":"https:\/\/shop.faresin.com\/pl\/wp-json\/wp\/v2\/product\/16079","targetHints":{"allow":["GET"]}}],"collection":[{"href":"https:\/\/shop.faresin.com\/pl\/wp-json\/wp\/v2\/product"}],"about":[{"href":"https:\/\/shop.faresin.com\/pl\/wp-json\/wp\/v2\/types\/product"}],"wp:featuredmedia":[{"embeddable":true,"href":"https:\/\/shop.faresin.com\/pl\/wp-json\/wp\/v2\/media\/18463"}],"wp:attachment":[{"href":"https:\/\/shop.faresin.com\/pl\/wp-json\/wp\/v2\/media?parent=16079"}],"wp:term":[{"taxonomy":"product_brand","embeddable":true,"href":"https:\/\/shop.faresin.com\/pl\/wp-json\/wp\/v2\/product_brand?post=16079"},{"taxonomy":"product_cat","embeddable":true,"href":"https:\/\/shop.faresin.com\/pl\/wp-json\/wp\/v2\/product_cat?post=16079"},{"taxonomy":"product_tag","embeddable":true,"href":"https:\/\/shop.faresin.com\/pl\/wp-json\/wp\/v2\/product_tag?post=16079"}],"curies":[{"name":"wp","href":"https:\/\/api.w.org\/{rel}","templated":true}]}}