{"id":15997,"date":"2022-06-27T17:38:39","date_gmt":"2022-06-27T15:38:39","guid":{"rendered":"https:\/\/shop.faresin.com\/prodotto\/mezczyzna-bluzie\/"},"modified":"2024-08-19T10:13:31","modified_gmt":"2024-08-19T08:13:31","slug":"bluza-meska-gauzed","status":"publish","type":"product","link":"https:\/\/shop.faresin.com\/pl\/prodotto\/bluza-meska-gauzed\/","title":{"rendered":"BLUZA M\u0118SKA GAUZED"},"content":{"rendered":"","protected":false},"excerpt":{"rendered":"<p>M\u0119ska bluza gauzed w kolorze niebieskim przeznaczona do noszenia w po\u0142owie sezonu. Dwie wygodne kieszenie i zamek b\u0142yskawiczny sprawiaj\u0105, \u017ce jest praktyczna w u\u017cyciu zar\u00f3wno podczas pracy, jak i w czasie wolnym. Gumki w pasie i mankietach zwi\u0119kszaj\u0105 komfort u\u017cytkowania bluzy.<\/p>\n","protected":false},"featured_media":18212,"template":"","meta":[],"product_brand":[],"product_cat":[185],"product_tag":[],"class_list":{"0":"post-15997","1":"product","2":"type-product","3":"status-publish","4":"has-post-thumbnail","6":"product_cat-bluzie","8":"first","9":"instock","10":"taxable","11":"shipping-taxable","12":"purchasable","13":"product-type-variable"},"_links":{"self":[{"href":"https:\/\/shop.faresin.com\/pl\/wp-json\/wp\/v2\/product\/15997","targetHints":{"allow":["GET"]}}],"collection":[{"href":"https:\/\/shop.faresin.com\/pl\/wp-json\/wp\/v2\/product"}],"about":[{"href":"https:\/\/shop.faresin.com\/pl\/wp-json\/wp\/v2\/types\/product"}],"wp:featuredmedia":[{"embeddable":true,"href":"https:\/\/shop.faresin.com\/pl\/wp-json\/wp\/v2\/media\/18212"}],"wp:attachment":[{"href":"https:\/\/shop.faresin.com\/pl\/wp-json\/wp\/v2\/media?parent=15997"}],"wp:term":[{"taxonomy":"product_brand","embeddable":true,"href":"https:\/\/shop.faresin.com\/pl\/wp-json\/wp\/v2\/product_brand?post=15997"},{"taxonomy":"product_cat","embeddable":true,"href":"https:\/\/shop.faresin.com\/pl\/wp-json\/wp\/v2\/product_cat?post=15997"},{"taxonomy":"product_tag","embeddable":true,"href":"https:\/\/shop.faresin.com\/pl\/wp-json\/wp\/v2\/product_tag?post=15997"}],"curies":[{"name":"wp","href":"https:\/\/api.w.org\/{rel}","templated":true}]}}