{"id":17855,"date":"2022-07-29T17:13:41","date_gmt":"2022-07-29T15:13:41","guid":{"rendered":"https:\/\/shop.faresin.com\/informacyjna\/"},"modified":"2023-02-20T14:00:31","modified_gmt":"2023-02-20T13:00:31","slug":"informacyjna","status":"publish","type":"page","link":"https:\/\/shop.faresin.com\/pl\/informacyjna\/","title":{"rendered":"Informacyjna"},"content":{"rendered":"\t\t<div data-elementor-type=\"wp-page\" data-elementor-id=\"17855\" class=\"elementor elementor-17855 elementor-13159\" data-elementor-post-type=\"page\">\n\t\t\t\t\t\t<section class=\"elementor-section elementor-top-section elementor-element elementor-element-306f86f elementor-section-boxed elementor-section-height-default elementor-section-height-default\" data-id=\"306f86f\" data-element_type=\"section\" data-e-type=\"section\" data-settings=\"{&quot;background_background&quot;:&quot;classic&quot;}\">\n\t\t\t\t\t\t<div class=\"elementor-container elementor-column-gap-default\">\n\t\t\t\t\t<div class=\"elementor-column elementor-col-100 elementor-top-column elementor-element elementor-element-f821701\" data-id=\"f821701\" data-element_type=\"column\" data-e-type=\"column\" data-settings=\"{&quot;background_background&quot;:&quot;classic&quot;}\">\n\t\t\t<div class=\"elementor-widget-wrap elementor-element-populated\">\n\t\t\t\t\t\t<div class=\"elementor-element elementor-element-8710609 elementor-widget elementor-widget-heading\" data-id=\"8710609\" data-element_type=\"widget\" data-e-type=\"widget\" data-widget_type=\"heading.default\">\n\t\t\t\t<div class=\"elementor-widget-container\">\n\t\t\t\t\t<h1 class=\"elementor-heading-title elementor-size-default\">Informacyjna<\/h1>\t\t\t\t<\/div>\n\t\t\t\t<\/div>\n\t\t\t\t<div class=\"elementor-element elementor-element-ca97376 elementor-widget elementor-widget-heading\" data-id=\"ca97376\" data-element_type=\"widget\" data-e-type=\"widget\" data-widget_type=\"heading.default\">\n\t\t\t\t<div class=\"elementor-widget-container\">\n\t\t\t\t\t<h2 class=\"elementor-heading-title elementor-size-medium\">Informacja na podstawie art. 13 europejskiego rozporz\u0105dzenia o ochronie danych (GDPR - EU Reg. 679\/16)<\/h2>\t\t\t\t<\/div>\n\t\t\t\t<\/div>\n\t\t\t\t\t<\/div>\n\t\t<\/div>\n\t\t\t\t\t<\/div>\n\t\t<\/section>\n\t\t\t\t<section class=\"elementor-section elementor-top-section elementor-element elementor-element-a2410e0 elementor-section-boxed elementor-section-height-default elementor-section-height-default\" data-id=\"a2410e0\" data-element_type=\"section\" data-e-type=\"section\">\n\t\t\t\t\t\t<div class=\"elementor-container elementor-column-gap-default\">\n\t\t\t\t\t<div class=\"elementor-column elementor-col-100 elementor-top-column elementor-element elementor-element-6995aa9\" data-id=\"6995aa9\" data-element_type=\"column\" data-e-type=\"column\">\n\t\t\t<div class=\"elementor-widget-wrap\">\n\t\t\t\t\t\t\t<\/div>\n\t\t<\/div>\n\t\t\t\t\t<\/div>\n\t\t<\/section>\n\t\t\t\t<section class=\"elementor-section elementor-top-section elementor-element elementor-element-aa05541 elementor-section-boxed elementor-section-height-default elementor-section-height-default\" data-id=\"aa05541\" data-element_type=\"section\" data-e-type=\"section\">\n\t\t\t\t\t\t<div class=\"elementor-container elementor-column-gap-default\">\n\t\t\t\t\t<div class=\"elementor-column elementor-col-100 elementor-top-column elementor-element elementor-element-324a2a0\" data-id=\"324a2a0\" data-element_type=\"column\" data-e-type=\"column\">\n\t\t\t<div class=\"elementor-widget-wrap elementor-element-populated\">\n\t\t\t\t\t\t<div class=\"elementor-element elementor-element-7714b9d elementor-widget elementor-widget-text-editor\" data-id=\"7714b9d\" data-element_type=\"widget\" data-e-type=\"widget\" data-widget_type=\"text-editor.default\">\n\t\t\t\t<div class=\"elementor-widget-container\">\n\t\t\t\t\t\t\t\t\t<section>\n<div>\n<div>\n<p><span style=\"color: var( --e-global-color-text ); font-family: var( --e-global-typography-text-font-family ), Sans-serif; font-size: 16px;\">Zgodnie z art. 13 rozporz\u0105dzenia UE 679\/16 przekazujemy Pa\u0144stwu nast\u0119puj\u0105ce informacje dotycz\u0105ce przetwarzania, kt\u00f3re mo\u017ce mie\u0107 miejsce w wyniku dokonania przez Pa\u0144stwa zakupu online na naszej stronie internetowej www.faresindustries.com &nbsp;oraz ewentualnej rejestracji konta osobistego.&nbsp;<\/span><\/p>\n<\/div>\n<\/div>\n<\/section>\n<section>\n<div>\n<div>\n<div>\n<div>\n<div>Administratorem danych jest Faresin Industries Spa z siedzib\u0105 i administracj\u0105 w via dell&#8217;Artigianato 36, 36042 Breganze (VI). Wpisane do rejestru przedsi\u0119biorstw w Vicenzy z numerem VAT i kodem podatkowym 03542090281, kontakt pod adresem&nbsp;<a href=\"mailto:faresin@faresin.com\">faresin@faresin.com.<\/a><\/div>\n<div>&nbsp;<\/div>\n<div>Dane b\u0119d\u0105 wykorzystywane przez posiadacza do nast\u0119puj\u0105cych cel\u00f3w:&nbsp;<\/div>\n<div>&#8211; Do zarz\u0105dzania nawi\u0105zan\u0105 relacj\u0105 biznesow\u0105, w tym w jej ramach kontaktem z nasz\u0105 organizacj\u0105 handlow\u0105, jako konieczno\u015b\u0107 umowna;<\/div>\n<div>&#8211; Za rejestracj\u0119 indywidualnego konta po wype\u0142nieniu przez Ciebie dedykowanej sekcji, je\u015bli nie dokonasz zakupu z wykorzystaniem jedynie profilu go\u015bcia lub szybkiego check outu;<\/div>\n<div>&#8211; Do obs\u0142ugi wszelkich obowi\u0105zk\u00f3w administracyjnych i podatkowych z tego wynikaj\u0105cych, jako obowi\u0105zek prawny;&nbsp;<\/div>\n<div>&#8211; W celu obrony wszelkich praw pisarza wynikaj\u0105cych ze stosunku umownego.<\/div><div>&#8211; opcjonalnie, za Twoj\u0105 wyra\u017an\u0105 zgod\u0105, w celu subskrypcji naszego newslettera lub wysy\u0142ania Ci komunikat\u00f3w promocyjnych lub ofert handlowych za po\u015brednictwem poczty elektronicznej lub komunikator\u00f3w internetowych.<br><\/div>\n<div>&nbsp;<\/div>\n<div>Nale\u017cy pami\u0119ta\u0107, \u017ce dane oznaczone * (gwiazdk\u0105) musz\u0105 zosta\u0107 podane, aby m\u00f3c skorzysta\u0107 z us\u0142ug, o kt\u00f3re zamierzaj\u0105 Pa\u0144stwo wyst\u0105pi\u0107; w przypadku niewype\u0142nienia tych danych mo\u017ce nie by\u0107 mo\u017cliwe \u015bwiadczenie tych us\u0142ug, a same dane mog\u0105 nie zosta\u0107 pozyskane. Wype\u0142nienie pozosta\u0142ych danych w formularzu jest nieobowi\u0105zkowe i masz swobod\u0119 decyzji, czy je wype\u0142nisz, czy nie.<\/div>\n<div>&nbsp;<\/div>\n<div>Przekazane przez Pa\u0144stwa dane mog\u0105 zosta\u0107 ujawnione pracownikom administratora danych zaanga\u017cowanym w realizacj\u0119 zam\u00f3wionych przez Pa\u0144stwa us\u0142ug oraz wszelkim osobom trzecim zaanga\u017cowanym w realizacj\u0119 tych samych dzia\u0142a\u0144 jako podmioty przetwarzaj\u0105ce dane.&nbsp;<\/div>\n<div>Dane zawarte w formularzach mog\u0105 zosta\u0107 ujawnione naszej organizacji sprzeda\u017cy we wskazanych celach lub mog\u0105 zosta\u0107 ujawnione osobom trzecim, je\u015bli jest to niezb\u0119dne do \u015bwiadczenia zam\u00f3wionych us\u0142ug.&nbsp;<\/div>\n<div>&nbsp;<\/div>\n<div>Dane te mog\u0105 by\u0107 r\u00f3wnie\u017c przekazywane do (a) stronom, kt\u00f3re \u015bwiadcz\u0105 us\u0142ugi zarz\u0105dzania, ksi\u0119gowe lub podatkowe dla naszej firmy, w ramach ich kompetencji jako procesor\u00f3w danych; (b) stronom, kt\u00f3rych ujawnienie jest obowi\u0105zkowe z mocy prawa; (c) instytucje bankowe do obs\u0142ugi p\u0142atno\u015bci; d) &nbsp;firmy ubezpieczeniowe i\/lub windykacyjne; e) przewo\u017anicy, kt\u00f3rym zlecono us\u0142ug\u0119 transportow\u0105.<\/div>\n<div>&nbsp;<\/div>\n<div>&nbsp;Dane b\u0119d\u0105 przechowywane do czasu wykonania \u017c\u0105danych us\u0142ug lub \u017c\u0105dania ich usuni\u0119cia, a w przypadku wymog\u00f3w organizacyjnych lub regulacyjnych mog\u0105 by\u0107 przechowywane w okre\u015blonych archiwach przez okres \u015bci\u015ble niezb\u0119dny do tych cel\u00f3w.<\/div>\n<div>&nbsp;<\/div>\n<div>&nbsp;Przypominamy o przys\u0142uguj\u0105cym Pa\u0144stwu prawie do \u017c\u0105dania od administratora danych dost\u0119pu do swoich danych osobowych, ich sprostowania lub usuni\u0119cia albo ograniczenia przetwarzania oraz do wniesienia sprzeciwu wobec takiego przetwarzania, a tak\u017ce o prawie do przenoszenia danych; prawa te mog\u0105 Pa\u0144stwo realizowa\u0107 korzystaj\u0105c z powy\u017cszych danych kontaktowych. Udzielona zgoda mo\u017ce by\u0107 w ka\u017cdej chwili odwo\u0142ana poprzez kontakt z posiadaczem na wskazane adresy e-mail lub za pomoc\u0105 metod wskazanych przez narz\u0119dzia wykorzystywane do przetwarzania.<\/div>\n<div>&nbsp;<\/div>\n<div>&nbsp;Przypominamy r\u00f3wnie\u017c o prawie do z\u0142o\u017cenia skargi do organu nadzorczego, we W\u0142oszech reprezentowanego przez Garante per la protezione dei dati personali (www.garanteprivacy.it).<\/div>\n<div>&nbsp;<\/div>\n<div>Dalsze informacje na temat administratora danych i metod przetwarzania wynikaj\u0105cych z nawigacji na tej stronie mo\u017cna znale\u017a\u0107 na stronie prezentuj\u0105cej<a href=\"https:\/\/www.faresindustries.com\/privacy-policy\" target=\"_blank\" rel=\"noopener\">polityk\u0119 prywatno\u015bci<\/a>&nbsp;<a href=\"https:\/\/www.faresindustries.com\/privacy-policy\" target=\"_blank\" rel=\"noopener\">&nbsp; .<\/a><\/div>\n<\/div>\n<\/div>\n<\/div>\n<\/div>\n<\/section>\t\t\t\t\t\t\t\t<\/div>\n\t\t\t\t<\/div>\n\t\t\t\t\t<\/div>\n\t\t<\/div>\n\t\t\t\t\t<\/div>\n\t\t<\/section>\n\t\t\t\t<\/div>\n\t\t","protected":false},"excerpt":{"rendered":"<p>Informacyjna Informacja na podstawie art. 13 europejskiego rozporz\u0105dzenia o ochronie danych (GDPR &#8211; EU Reg. 679\/16) Zgodnie z art. 13 rozporz\u0105dzenia UE 679\/16 przekazujemy Pa\u0144stwu nast\u0119puj\u0105ce informacje dotycz\u0105ce przetwarzania, kt\u00f3re mo\u017ce mie\u0107 miejsce w wyniku dokonania przez Pa\u0144stwa zakupu online na naszej stronie internetowej www.faresindustries.com &nbsp;oraz ewentualnej rejestracji konta osobistego.&nbsp; Administratorem danych jest Faresin Industries [&hellip;]<\/p>\n","protected":false},"author":1,"featured_media":0,"parent":0,"menu_order":0,"comment_status":"closed","ping_status":"closed","template":"elementor_header_footer","meta":{"footnotes":""},"class_list":["post-17855","page","type-page","status-publish","hentry"],"_links":{"self":[{"href":"https:\/\/shop.faresin.com\/pl\/wp-json\/wp\/v2\/pages\/17855","targetHints":{"allow":["GET"]}}],"collection":[{"href":"https:\/\/shop.faresin.com\/pl\/wp-json\/wp\/v2\/pages"}],"about":[{"href":"https:\/\/shop.faresin.com\/pl\/wp-json\/wp\/v2\/types\/page"}],"author":[{"embeddable":true,"href":"https:\/\/shop.faresin.com\/pl\/wp-json\/wp\/v2\/users\/1"}],"replies":[{"embeddable":true,"href":"https:\/\/shop.faresin.com\/pl\/wp-json\/wp\/v2\/comments?post=17855"}],"version-history":[{"count":1,"href":"https:\/\/shop.faresin.com\/pl\/wp-json\/wp\/v2\/pages\/17855\/revisions"}],"predecessor-version":[{"id":17856,"href":"https:\/\/shop.faresin.com\/pl\/wp-json\/wp\/v2\/pages\/17855\/revisions\/17856"}],"wp:attachment":[{"href":"https:\/\/shop.faresin.com\/pl\/wp-json\/wp\/v2\/media?parent=17855"}],"curies":[{"name":"wp","href":"https:\/\/api.w.org\/{rel}","templated":true}]}}