{"id":16814,"date":"2022-08-26T09:56:06","date_gmt":"2022-08-26T07:56:06","guid":{"rendered":"https:\/\/shop.faresin.com\/oswiadczenie\/"},"modified":"2023-02-08T15:34:43","modified_gmt":"2023-02-08T14:34:43","slug":"oswiadczenie","status":"publish","type":"page","link":"https:\/\/shop.faresin.com\/pl\/oswiadczenie\/","title":{"rendered":"O\u015bwiadczenie"},"content":{"rendered":"\t\t<div data-elementor-type=\"wp-page\" data-elementor-id=\"16814\" class=\"elementor elementor-16814 elementor-14023\" data-elementor-post-type=\"page\">\n\t\t\t\t\t\t<section class=\"elementor-section elementor-top-section elementor-element elementor-element-0c1285d elementor-section-boxed elementor-section-height-default elementor-section-height-default\" data-id=\"0c1285d\" data-element_type=\"section\" data-e-type=\"section\" data-settings=\"{&quot;background_background&quot;:&quot;classic&quot;}\">\n\t\t\t\t\t\t<div class=\"elementor-container elementor-column-gap-default\">\n\t\t\t\t\t<div class=\"elementor-column elementor-col-100 elementor-top-column elementor-element elementor-element-a5e6c3d\" data-id=\"a5e6c3d\" data-element_type=\"column\" data-e-type=\"column\" data-settings=\"{&quot;background_background&quot;:&quot;classic&quot;}\">\n\t\t\t<div class=\"elementor-widget-wrap elementor-element-populated\">\n\t\t\t\t\t\t<div class=\"elementor-element elementor-element-270d6d1 elementor-widget elementor-widget-heading\" data-id=\"270d6d1\" data-element_type=\"widget\" data-e-type=\"widget\" data-widget_type=\"heading.default\">\n\t\t\t\t<div class=\"elementor-widget-container\">\n\t\t\t\t\t<h1 class=\"elementor-heading-title elementor-size-default\">O\u015bwiadczenie<\/h1>\t\t\t\t<\/div>\n\t\t\t\t<\/div>\n\t\t\t\t\t<\/div>\n\t\t<\/div>\n\t\t\t\t\t<\/div>\n\t\t<\/section>\n\t\t\t\t<section class=\"elementor-section elementor-top-section elementor-element elementor-element-c6f0c1d elementor-section-boxed elementor-section-height-default elementor-section-height-default\" data-id=\"c6f0c1d\" data-element_type=\"section\" data-e-type=\"section\">\n\t\t\t\t\t\t<div class=\"elementor-container elementor-column-gap-default\">\n\t\t\t\t\t<div class=\"elementor-column elementor-col-100 elementor-top-column elementor-element elementor-element-575362e\" data-id=\"575362e\" data-element_type=\"column\" data-e-type=\"column\">\n\t\t\t<div class=\"elementor-widget-wrap elementor-element-populated\">\n\t\t\t\t\t\t<div class=\"elementor-element elementor-element-c32336a elementor-widget elementor-widget-text-editor\" data-id=\"c32336a\" data-element_type=\"widget\" data-e-type=\"widget\" data-widget_type=\"text-editor.default\">\n\t\t\t\t<div class=\"elementor-widget-container\">\n\t\t\t\t\t\t\t\t\t<section>\n<section class=\"page-article\">\n<div class=\"page-article-stack\">\n<div class=\"page-article-main\">\n<div class=\"page-article-content\">\n<h4>Uwagi prawne i warunki u\u017cytkowania<\/h4>\n<p><br><\/p>\n<p>Wszelkie prawa zastrze\u017cone. \u017badna cz\u0119\u015b\u0107 tego zastrze\u017cenia nie mo\u017ce by\u0107 wykorzystywana lub powielana w jakiejkolwiek formie bez zgody FARESIN INDUSTRIES s.p.a. (dalej Faresin Industries).<\/p>\n<p>Faresin Industries nie przyjmuje \u017cadnych roszcze\u0144 ani \u017c\u0105da\u0144 gwarancyjnych w odniesieniu do tre\u015bci niniejszego zastrze\u017cenia lub do opisu swoich produkt\u00f3w zawartych na stronie internetowej, w przyj\u0119tych broszurach, dokumentach ilustracyjnych, instrukcjach obs\u0142ugi i konserwacji lub do opisu swoich produkt\u00f3w w nich zawartych.<\/p>\n<p><br><\/p>\n<h4>Przekazywanie informacji dost\u0119pnych na stronie internetowej i w dokumentacji upowszechniaj\u0105cej<\/h4>\n<p><br><\/p>\n<p>U\u017cytkownicy strony internetowej nale\u017c\u0105cej do Faresin Industries i, og\u00f3lnie, wszyscy, kt\u00f3rzy wchodz\u0105 w posiadanie i przegl\u0105daj\u0105 broszury, ulotki, katalogi, instrukcje obs\u0142ugi i konserwacji oraz wszystko inne, co zosta\u0142o ujawnione przez Faresin Industries, s\u0105 upowa\u017cnieni do korzystania z dokumentacji technicznej, opublikowanych informacji i danych, specyfikacji i danych technicznych, wiadomo\u015bci, rysunk\u00f3w itp. (zwanych dalej \u0142\u0105cznie &nbsp;&#8222;Dokumentacj\u0105&#8221;) pod wyra\u017anym warunkiem, \u017ce: (i) s\u0142owa &lt; copyright &nbsp;wszelkie prawa zastrze\u017cone przez Faresin Industries &gt; s\u0105 zawsze obecne w ka\u017cdej kopii; (ii) wykorzystanie takiej Dokumentacji jest przeznaczone wy\u0142\u0105cznie do cel\u00f3w informacyjnych i niekomercyjnych oraz \u017ce nie jest ona powielana lub kopiowana ani publikowana w sieci, nawet intranetowej, ani umieszczana w kana\u0142ach komunikacyjnych; (iii) i wreszcie, \u017ce Dokumenty nie s\u0105 w \u017caden spos\u00f3b zmieniane ani modyfikowane.<\/p>\n<p>Wszystkie elementy sk\u0142adaj\u0105ce si\u0119 i tworz\u0105ce stron\u0119 internetow\u0105 Faresin Industries s\u0105 chronione prawem i nie mog\u0105 by\u0107 kopiowane ani na\u015bladowane, nawet cz\u0119\u015bciowo.<\/p>\n<p>Faresin Industries nie ponosi \u017cadnej odpowiedzialno\u015bci, ani wyra\u017anej, ani dorozumianej, o jakimkolwiek charakterze, za kompletno\u015b\u0107 i dok\u0142adno\u015b\u0107 wszelkich informacji zawartych i\/lub podawanych na stronie internetowej.<\/p>\n<p>Strona internetowa Faresin Industries oraz wszystkie broszury, ulotki, katalogi, instrukcje obs\u0142ugi i konserwacji oraz wszelkie inne materia\u0142y ujawnione przez Faresin Industries zawieraj\u0105 dane, materia\u0142y, znaki towarowe i informacje, w tym mi\u0119dzy innymi tekst, oprogramowanie, zdj\u0119cia, filmy, grafik\u0119, kt\u00f3re s\u0105 chronione przez w\u0142oskie i mi\u0119dzynarodowe przepisy dotycz\u0105ce ochrony praw w\u0142asno\u015bci intelektualnej.<\/p>\n<p><br><\/p>\n<h4>Informacje o zawarto\u015bci strony i dokumentacji<\/h4>\n<p><br><\/p>\n<p>Faresin Industries jest firm\u0105, kt\u00f3ra projektuje, produkuje, wprowadza na rynek, sprzedaje i instaluje wozy paszowe, \u0142adowarki teleskopowe do podnoszenia i przenoszenia r\u00f3\u017cnych materia\u0142\u00f3w oraz r\u00f3\u017cnego rodzaju urz\u0105dzenia (zwane dalej \u0142\u0105cznie Maszynami i Urz\u0105dzeniami).<\/p>\n<p>Maszyny i urz\u0105dzenia Faresin Industries s\u0105 zawsze opracowywane, projektowane i produkowane na skal\u0119 przemys\u0142ow\u0105, na bazie standardowej, z wyj\u0105tkiem adaptacji i\/lub produkcji specjalnych na specjalne zam\u00f3wienie klienta.<\/p><p><br><\/p>\n<h4>Wy\u0142\u0105czenie i wy\u0142\u0105czenie odpowiedzialno\u015bci<\/h4><p><br><\/p>\n<p>Faresin Industries zaleca, aby ka\u017cdy, kto zamierza naby\u0107 i\/lub u\u017cytkowa\u0107 jej Maszyny i\/lub Urz\u0105dzenia, skrupulatnie i dok\u0142adnie zapozna\u0142 si\u0119 z Dokumentacj\u0105 zamieszczon\u0105 na stronie internetowej i w dokumentach papierowych, a zatem ze wszystkimi parametrami technicznymi poszczeg\u00f3lnych i specyficznych Maszyn i\/lub Urz\u0105dze\u0144, podanymi &#8211; opr\u00f3cz niniejszej strony &#8211; w katalogach, broszurach, instrukcjach obs\u0142ugi i konserwacji oraz we wszystkich innych materia\u0142ach i dokumentach technicznych przygotowanych przez Faresin Industries, w celu sprawdzenia i upewnienia si\u0119, \u017ce Maszyny i\/lub Urz\u0105dzenia  &nbsp;posiadaj\u0105 niezb\u0119dne i w\u0142a\u015bciwe cechy do wykorzystania i\/lub zamierzonego wykorzystania przez nabywc\u0119.  &nbsp;&nbsp;<\/p>\n<p>W zwi\u0105zku z tym Faresin Industries zrzeka si\u0119 wszelkiej odpowiedzialno\u015bci za nieprawid\u0142owe dzia\u0142anie maszyn i\/lub urz\u0105dze\u0144.  &nbsp;i\/lub ich zmniejszon\u0105 zdolno\u015b\u0107 do u\u017cytkowania i\/lub inne osi\u0105gi &#8211; w por\u00f3wnaniu z tymi podanymi w Dokumentacji i w ich w\u0142asnych materia\u0142ach ilustracyjnych i\/lub w ich w\u0142asnych instrukcjach u\u017cytkowania i\/lub konserwacji &#8211; i\/lub za ewentualne wadliwe dzia\u0142anie i\/lub zmniejszon\u0105 zdolno\u015b\u0107 do u\u017cytkowania i\/lub za awarie, spowodowane b\u0142\u0119dnym wyborem i\/lub b\u0142\u0119dn\u0105 ocen\u0105 przez klienta\/u\u017cytkownika.<\/p>\n<p>Faresin Industries zrzeka si\u0119 r\u00f3wnie\u017c wszelkiej odpowiedzialno\u015bci za wszelkiego rodzaju szkody, kt\u00f3re mog\u0105, bezpo\u015brednio lub po\u015brednio, zosta\u0107 wyrz\u0105dzone osobom lub rzeczom w wyniku nieprawid\u0142owego wyboru dokonanego przez klienta\/u\u017cytkownika lub nieprzestrzegania wszystkich zalece\u0144 wskazanych w dokumentacji oraz w instrukcjach u\u017cytkowania i konserwacji, dotycz\u0105cych w szczeg\u00f3lno\u015bci ostrze\u017ce\u0144 dotycz\u0105cych instalacji,  &nbsp;uruchomienia, u\u017cytkowania i konserwacji swoich Maszyn i\/lub Urz\u0105dze\u0144.<\/p>\n<p>Faresin Industries zach\u0119ca do korzystania z Maszyn i\/lub Urz\u0105dze\u0144 tylko i wy\u0142\u0105cznie po dok\u0142adnym zapoznaniu si\u0119 z instrukcjami obs\u0142ugi i konserwacji oraz innymi dokumentami technicznymi do\u0142\u0105czonymi do nich, a tak\u017ce  &nbsp;dost\u0119pu i u\u017cytkowania Maszyn i\/lub Urz\u0105dze\u0144 tylko i wy\u0142\u0105cznie w granicach wskazanych w Dokumentacji, przy czym ich u\u017cytkowanie musi by\u0107 zarezerwowane dla fachowego personelu, uprawnionego do u\u017cytkowania tego typu maszyn i urz\u0105dze\u0144, maj\u0105cego uko\u0144czone 18 lat, b\u0119d\u0105cego w odpowiedniej kondycji psychofizycznej i nie znajduj\u0105cego si\u0119 w stanie zmiany spowodowanej przyj\u0119ciem lub u\u017cyciem alkoholu, substancji odurzaj\u0105cych lub narkotyk\u00f3w, \u015brodk\u00f3w psychotropowych, itp&#8230;&#8230; Maszyny i\/lub urz\u0105dzenia mog\u0105 by\u0107 u\u017cywane jednocze\u015bnie tylko przez jednego operatora, kt\u00f3ry przed ich uruchomieniem, a tym samym rozpocz\u0119ciem ich pracy, musi sprawdzi\u0107, czy w pobli\u017cu nie znajduj\u0105 si\u0119 osoby lub zwierz\u0119ta oraz czy zosta\u0142y wykonane czynno\u015bci konserwacyjne zalecane w instrukcjach u\u017cytkowania i konserwacji.<\/p>\n<p>Faresin Industries &nbsp;podkre\u015bla, \u017ce zalety lub wady &nbsp;stosowania  &nbsp;Produkowane przez ni\u0105 Maszyny i\/lub Urz\u0105dzenia mog\u0105 by\u0107 krytycznie i w pe\u0142ni ocenione tylko i wy\u0142\u0105cznie poprzez kontrole, analizy i testy przeprowadzane przez samych nabywc\u00f3w\/u\u017cytkownik\u00f3w, poniewa\u017c tylko oni s\u0105 w stanie pozna\u0107 swoje rzeczywiste wymagania, zw\u0142aszcza w odniesieniu do funkcjonalno\u015bci, bezpiecze\u0144stwa, niezawodno\u015bci czas trwania, warunki u\u017cytkowania, wydajno\u015b\u0107, standardy, jak r\u00f3wnie\u017c spe\u0142nienie wymaga\u0144 okre\u015blonych przez normy, przepisy techniczne, standardy, lokalne zwyczaje lub narzuconych lub sugerowanych przez szczeg\u00f3lne lub nietypowe warunki u\u017cytkowania, ze wzgl\u0119du na szczeg\u00f3lne warunki klimatyczne i\/lub atmosferyczne (jedynie tytu\u0142em przyk\u0142adu, a zatem nie wyczerpuj\u0105co, ni\u017csze temperatury, ni\u017csze  &nbsp;przy &#8211; 20\u00b0 C &nbsp;lub powy\u017cej 40\u00b0 C , &#8211; mi\u0119dzynarodowa skala Celsjusza &#8211; wysoka &nbsp;wilgotno\u015b\u0107 powietrza, miejsca zapylone &nbsp;, s\u0142ony klimat &nbsp;, burze elektromagnetyczne, &nbsp;obecno\u015b\u0107 substancji \u017cr\u0105cych, itp&#8230;.) i miejsca niezdrowe.<\/p>\n<p>Maszyny i\/lub Urz\u0105dzenia mog\u0105 mie\u0107 ograniczenia w u\u017cytkowaniu, dlatego nale\u017cy zapozna\u0107 si\u0119 z Dokumentacj\u0105, broszurami, materia\u0142ami ilustracyjnymi, instrukcjami obs\u0142ugi i konserwacji, aby dowiedzie\u0107 si\u0119, do jakich zastosowa\u0144 s\u0105 przeznaczone. W ka\u017cdym przypadku, Maszyny i\/lub Urz\u0105dzenia mog\u0105 porusza\u0107 si\u0119 po drogach publicznych tylko wtedy, gdy zosta\u0142y wcze\u015bniej zatwierdzone do tego typu ruchu, i w ka\u017cdym przypadku musz\u0105 by\u0107 u\u017cytkowane tylko i wy\u0142\u0105cznie w odpowiednio wentylowanych pomieszczeniach, oraz je\u015bli zosta\u0142y poddane okresowej konserwacji przewidzianej w instrukcjach u\u017cytkowania i konserwacji.<\/p>\n<p>Wynika z tego, \u017ce Faresin Industries zrzeka si\u0119 wszelkiej odpowiedzialno\u015bci  &nbsp;je\u015bli,  &nbsp;z naruszeniem powy\u017cszego, Maszyny i\/lub Urz\u0105dzenia s\u0105 wstawiane i\/lub  &nbsp;umieszczone na liniach produkcyjnych lub u\u017cywane w nietypowych warunkach lub niezgodne z charakterystyk\u0105 techniczn\u0105 i metodami u\u017cytkowania sugerowanymi przez Faresin Industries i\/lub zawarte  &nbsp;na stronie  &nbsp;.  &nbsp;  i\/lub  &nbsp;w broszurach i\/lub &nbsp;w &nbsp;r\u00f3\u017cnych materia\u0142ach &nbsp;ilustruj\u0105cych &nbsp;Faresin Industries, w tym w instrukcjach u\u017cytkowania i konserwacji, lub, ponownie, niezgodnych z przepisami i\/lub normami technicznymi, zwyczajami lub tym, co sugeruje powszechne do\u015bwiadczenie.<\/p>\n<p>To zwolnienie z odpowiedzialno\u015bci dotyczy zar\u00f3wno odpowiedzialno\u015bci wobec os\u00f3b trzecich, zgodnie z og\u00f3lno\u015bwiatowymi przepisami o odpowiedzialno\u015bci za produkt, jak i w zakresie gwarancji i odpowiedzialno\u015bci kontraktowej.<\/p><p><br><\/p>\n<h4>Inne przepisy<\/h4><p><br><\/p>\n<p>Nabywcy\/u\u017cytkownicy maszyn lub urz\u0105dze\u0144 produkowanych przez Faresin Industries  &nbsp;s\u0105 zobowi\u0105zani do przeprowadzenia, na w\u0142asn\u0105 bezpo\u015bredni\u0105 odpowiedzialno\u015b\u0107 oraz na w\u0142asn\u0105 opiek\u0119 i koszt, niezb\u0119dnych i odpowiednich kontroli, pr\u00f3b, weryfikacji i, w razie potrzeby, pr\u00f3b funkcjonowania technicznego, w celu stwierdzenia zgodno\u015bci Maszyny i Urz\u0105dzenia  &nbsp;zakupione w odniesieniu do ich potrzeb i\/lub wymaga\u0144, oraz, bardziej og\u00f3lnie, do  &nbsp;co zosta\u0142o podane na stronie internetowej Faresin Industries, w Dokumentacji i materia\u0142ach ilustracyjnych oraz w instrukcjach u\u017cytkowania i konserwacji, kt\u00f3re towarzysz\u0105 Maszynom i Urz\u0105dzeniom.<br>Wszystkie dane i informacje o charakterze technicznym dostarczone przez Faresin Industries s\u0105 wynikiem kontroli, test\u00f3w, weryfikacji i pr\u00f3b funkcjonowania technicznego przeprowadzonych przez jego personel, z zastosowaniem techniki i parametr\u00f3w zalecanych i\/lub sugerowanych przez do\u015bwiadczenie, normy techniczne i najlepsze praktyki.<br>Wszystkie maszyny i urz\u0105dzenia zaprojektowane i wyprodukowane przez Faresin Industries zosta\u0142y zaprojektowane, zaprojektowane i wyprodukowane do r\u00f3\u017cnych zastosowa\u0144, ale nie zosta\u0142y zaprojektowane, zaprojektowane ani wyprodukowane w celu wyrz\u0105dzenia szkody osobom lub mieniu.<br>Maszyny i Urz\u0105dzenia nie mog\u0105 by\u0107 wykorzystywane do cel\u00f3w nielegalnych ani do cel\u00f3w innych ni\u017c wskazane na stronie i\/lub w przyj\u0119tych przez Faresin Industries dokumentach ilustracyjnych, broszurach, materia\u0142ach ilustracyjnych oraz instrukcjach obs\u0142ugi i konserwacji.<br>W \u017cadnym wypadku firma Faresin Industries nie ponosi odpowiedzialno\u015bci za jakiekolwiek szkody bezpo\u015brednie lub po\u015brednie, nawet przypadkowe, ani za tzw. szkody karne, powsta\u0142e w wyniku lub w zwi\u0105zku z u\u017cytkowaniem jej Maszyn i\/lub Urz\u0105dze\u0144.<\/p>\n<p>Faresin Industries nie przyjmuje \u017cadnych roszcze\u0144 ani \u017c\u0105da\u0144 gwarancyjnych w odniesieniu do tre\u015bci niniejszego Zastrze\u017cenia lub do opisu Maszyn i\/lub Urz\u0105dze\u0144 &nbsp;zawartych na stronie internetowej, w Dokumentacji, broszurach, instrukcjach u\u017cytkowania i konserwacji &nbsp;lub do opisu Maszyn i Urz\u0105dze\u0144 w nich zawartych.<\/p>\n<p>Niewa\u017cno\u015b\u0107 lub nieskuteczno\u015b\u0107 jednego lub wi\u0119cej postanowie\u0144 niniejszego Zrzeczenia si\u0119 odpowiedzialno\u015bci nie b\u0119dzie mia\u0142a wp\u0142ywu na wa\u017cno\u015b\u0107 i skuteczno\u015b\u0107 pozosta\u0142ych postanowie\u0144.<\/p>\n<p>W takim przypadku ka\u017cde niewa\u017cne lub nieskuteczne postanowienie lub klauzula zostanie zast\u0105pione innym wa\u017cnym i skutecznym, kt\u00f3re osi\u0105gnie, w miar\u0119 mo\u017cliwo\u015bci, te same rezultaty i intencje Faresin Industries s.p.a.<\/p>\n<\/div>\n<\/div>\n<\/div>\n<\/section>\n<section class=\"page-article\">\n<div class=\"page-article-stack\">\n<div class=\"page-article-main\">\n<div class=\"page-article-content\">&nbsp;<\/div>\n<\/div>\n<\/div>\n<\/section>\n<\/section>\t\t\t\t\t\t\t\t<\/div>\n\t\t\t\t<\/div>\n\t\t\t\t\t<\/div>\n\t\t<\/div>\n\t\t\t\t\t<\/div>\n\t\t<\/section>\n\t\t\t\t<\/div>\n\t\t","protected":false},"excerpt":{"rendered":"<p>O\u015bwiadczenie Uwagi prawne i warunki u\u017cytkowania Wszelkie prawa zastrze\u017cone. \u017badna cz\u0119\u015b\u0107 tego zastrze\u017cenia nie mo\u017ce by\u0107 wykorzystywana lub powielana w jakiejkolwiek formie bez zgody FARESIN INDUSTRIES s.p.a. (dalej Faresin Industries). Faresin Industries nie przyjmuje \u017cadnych roszcze\u0144 ani \u017c\u0105da\u0144 gwarancyjnych w odniesieniu do tre\u015bci niniejszego zastrze\u017cenia lub do opisu swoich produkt\u00f3w zawartych na stronie internetowej, w [&hellip;]<\/p>\n","protected":false},"author":1,"featured_media":0,"parent":0,"menu_order":0,"comment_status":"closed","ping_status":"closed","template":"elementor_header_footer","meta":{"footnotes":""},"class_list":["post-16814","page","type-page","status-publish","hentry"],"_links":{"self":[{"href":"https:\/\/shop.faresin.com\/pl\/wp-json\/wp\/v2\/pages\/16814","targetHints":{"allow":["GET"]}}],"collection":[{"href":"https:\/\/shop.faresin.com\/pl\/wp-json\/wp\/v2\/pages"}],"about":[{"href":"https:\/\/shop.faresin.com\/pl\/wp-json\/wp\/v2\/types\/page"}],"author":[{"embeddable":true,"href":"https:\/\/shop.faresin.com\/pl\/wp-json\/wp\/v2\/users\/1"}],"replies":[{"embeddable":true,"href":"https:\/\/shop.faresin.com\/pl\/wp-json\/wp\/v2\/comments?post=16814"}],"version-history":[{"count":1,"href":"https:\/\/shop.faresin.com\/pl\/wp-json\/wp\/v2\/pages\/16814\/revisions"}],"predecessor-version":[{"id":16815,"href":"https:\/\/shop.faresin.com\/pl\/wp-json\/wp\/v2\/pages\/16814\/revisions\/16815"}],"wp:attachment":[{"href":"https:\/\/shop.faresin.com\/pl\/wp-json\/wp\/v2\/media?parent=16814"}],"curies":[{"name":"wp","href":"https:\/\/api.w.org\/{rel}","templated":true}]}}