{"id":16605,"date":"2022-03-09T10:33:05","date_gmt":"2022-03-09T09:33:05","guid":{"rendered":"https:\/\/shop.faresin.com\/firma\/"},"modified":"2022-12-19T10:32:41","modified_gmt":"2022-12-19T09:32:41","slug":"firma","status":"publish","type":"page","link":"https:\/\/shop.faresin.com\/pl\/firma\/","title":{"rendered":"Firma"},"content":{"rendered":"\t\t<div data-elementor-type=\"wp-page\" data-elementor-id=\"16605\" class=\"elementor elementor-16605 elementor-16492\" data-elementor-post-type=\"page\">\n\t\t\t\t\t\t<section class=\"elementor-section elementor-top-section elementor-element elementor-element-7b377774 elementor-section-boxed elementor-section-height-default elementor-section-height-default\" data-id=\"7b377774\" data-element_type=\"section\" data-e-type=\"section\">\n\t\t\t\t\t\t<div class=\"elementor-container elementor-column-gap-default\">\n\t\t\t\t\t<div class=\"elementor-column elementor-col-100 elementor-top-column elementor-element elementor-element-64dc47e1\" data-id=\"64dc47e1\" data-element_type=\"column\" data-e-type=\"column\">\n\t\t\t<div class=\"elementor-widget-wrap elementor-element-populated\">\n\t\t\t\t\t\t<div class=\"elementor-element elementor-element-5731108 elementor-widget-divider--view-line elementor-widget elementor-widget-divider\" data-id=\"5731108\" data-element_type=\"widget\" data-e-type=\"widget\" data-widget_type=\"divider.default\">\n\t\t\t\t<div class=\"elementor-widget-container\">\n\t\t\t\t\t\t\t<div class=\"elementor-divider\">\n\t\t\t<span class=\"elementor-divider-separator\">\n\t\t\t\t\t\t<\/span>\n\t\t<\/div>\n\t\t\t\t\t\t<\/div>\n\t\t\t\t<\/div>\n\t\t\t\t<div class=\"elementor-element elementor-element-c803721 elementor-widget elementor-widget-heading\" data-id=\"c803721\" data-element_type=\"widget\" data-e-type=\"widget\" data-widget_type=\"heading.default\">\n\t\t\t\t<div class=\"elementor-widget-container\">\n\t\t\t\t\t<h2 class=\"elementor-heading-title elementor-size-default\">Kim Jestesmy<\/h2>\t\t\t\t<\/div>\n\t\t\t\t<\/div>\n\t\t\t\t<div class=\"elementor-element elementor-element-18600c7 elementor-widget elementor-widget-text-editor\" data-id=\"18600c7\" data-element_type=\"widget\" data-e-type=\"widget\" data-widget_type=\"text-editor.default\">\n\t\t\t\t<div class=\"elementor-widget-container\">\n\t\t\t\t\t\t\t\t\t<p>Faresin Industries, to firma z siedzib\u0105 w Breganze (VI), kt\u00f3ra projektuje, produkuje i sprzedaje wozy paszowe oraz analizatory paszy dla bran\u017cy zootechnicznej, a tak\u017ce jest konstruktorem \u0142adowarek teleskopowych wykorzystywanych w przemy\u015ble i rolnictwie. Firma zosta\u0142a za\u0142o\u017cona w 1973 roku przez obecnego Prezesa Sante Faresin. \u0141\u0105czy ona tradycj\u0119 silnego, rodzinnego przewodnictwa z dynamik\u0105 i nowoczesno\u015bci\u0105 mi\u0119dzynarodowej grupy o zasi\u0119gu globalnym, kt\u00f3ra posiada filie oraz sie\u0107 dystrybutor\u00f3w i sprzedawc\u00f3w.<\/p>\n\t\t\t\t\t\t\t\t<\/div>\n\t\t\t\t<\/div>\n\t\t\t\t<div class=\"elementor-element elementor-element-57a0629 elementor-widget elementor-widget-heading\" data-id=\"57a0629\" data-element_type=\"widget\" data-e-type=\"widget\" data-widget_type=\"heading.default\">\n\t\t\t\t<div class=\"elementor-widget-container\">\n\t\t\t\t\t<h2 class=\"elementor-heading-title elementor-size-default\">Misja I Wizja<\/h2>\t\t\t\t<\/div>\n\t\t\t\t<\/div>\n\t\t\t\t<div class=\"elementor-element elementor-element-3d0f5a0 elementor-widget elementor-widget-text-editor\" data-id=\"3d0f5a0\" data-element_type=\"widget\" data-e-type=\"widget\" data-widget_type=\"text-editor.default\">\n\t\t\t\t<div class=\"elementor-widget-container\">\n\t\t\t\t\t\t\t\t\t<p>Innowacja, kt\u00f3ra ma s\u0142u\u017cy\u0107 naszym klientom podczas ich codziennej pracy. Misja, kt\u00f3ra rozpocz\u0119\u0142a si\u0119 50 lat temu z ch\u0119ci rozwoju, produkowania i sprzedawania na ca\u0142ym \u015bwiecie technologicznie zaawansowanych maszyn dla rolnictwa, zootechniki, budownictwa i przemys\u0142u. Ka\u017cde nasze dzia\u0142anie, pocz\u0105wszy od projektowania, a\u017c po obs\u0142ug\u0119 posprzeda\u017cn\u0105, maj\u0105 na celu zapewni\u0107 bezpiecze\u0144stwo, lepsz\u0105 wydajno\u015b\u0107 i prostot\u0119 u\u017cytkowania naszym klientom.<\/p>\n<p>Spogladamy ku ambitnym celom na przysz\u0142o\u015b\u0107, ale mocno zakorzenionym w warto\u015bciach naszej przesz\u0142o\u015bci. Faresin Industries to firma o mi\u0119dzynarodowym zasi\u0119gu, kt\u00f3ra z biegiem lat wzrasta\u0142a i tworzy\u0142a struktury na ca\u0142ym \u015bwiecie. Firma zawsze by\u0142a zawsze zarz\u0105dzana przez rodzin\u0119, \u015bci\u015ble zwi\u0105zan\u0105 z terenami, z kt\u00f3rych pochodzi. Decyzja o utrzymaniu siedziby i zak\u0142ad\u00f3w produkcyjnych w Breganze ma na celu przynie\u015b\u0107 istotn\u0105 warto\u015b\u0107 dodan\u0105 dla lokalnej struktury spo\u0142eczno-gospodarczej, pokazuj\u0105c jej zalety na rynkowej arenie mi\u0119dzynarodowej. Jeste\u015bmy przekonani, \u017ce to ludzie robi\u0105 r\u00f3\u017cnic\u0119, dlatego k\u0142adziemy du\u017cy nacisk na szkolenie naszych pracownik\u00f3w i budowanie silnych, opartych na zaufaniu relacji z partnerami, klientami i dostawcami.<\/p>\n\t\t\t\t\t\t\t\t<\/div>\n\t\t\t\t<\/div>\n\t\t\t\t<div class=\"elementor-element elementor-element-48d57b3 elementor-widget elementor-widget-button\" data-id=\"48d57b3\" data-element_type=\"widget\" data-e-type=\"widget\" data-widget_type=\"button.default\">\n\t\t\t\t<div class=\"elementor-widget-container\">\n\t\t\t\t\t\t\t\t\t<div class=\"elementor-button-wrapper\">\n\t\t\t\t\t<a class=\"elementor-button elementor-button-link elementor-size-md\" href=\"https:\/\/www.faresin.com\" target=\"_blank\" rel=\"noopener\">\n\t\t\t\t\t\t<span class=\"elementor-button-content-wrapper\">\n\t\t\t\t\t\t\t\t\t<span class=\"elementor-button-text\">Dowiedz si\u0119 wi\u0119cej na stronie faresin.com<\/span>\n\t\t\t\t\t<\/span>\n\t\t\t\t\t<\/a>\n\t\t\t\t<\/div>\n\t\t\t\t\t\t\t\t<\/div>\n\t\t\t\t<\/div>\n\t\t\t\t\t<\/div>\n\t\t<\/div>\n\t\t\t\t\t<\/div>\n\t\t<\/section>\n\t\t\t\t<\/div>\n\t\t","protected":false},"excerpt":{"rendered":"<p>Home Kim Jestesmy Faresin Industries, to firma z siedzib\u0105 w Breganze (VI), kt\u00f3ra projektuje, produkuje i sprzedaje wozy paszowe oraz analizatory paszy dla bran\u017cy zootechnicznej, a tak\u017ce jest konstruktorem \u0142adowarek teleskopowych wykorzystywanych w przemy\u015ble i rolnictwie. Firma zosta\u0142a za\u0142o\u017cona w 1973 roku przez obecnego Prezesa Sante Faresin. \u0141\u0105czy ona tradycj\u0119 silnego, rodzinnego przewodnictwa z dynamik\u0105 [&hellip;]<\/p>\n","protected":false},"author":1,"featured_media":0,"parent":0,"menu_order":0,"comment_status":"closed","ping_status":"closed","template":"elementor_header_footer","meta":{"footnotes":""},"class_list":["post-16605","page","type-page","status-publish","hentry"],"_links":{"self":[{"href":"https:\/\/shop.faresin.com\/pl\/wp-json\/wp\/v2\/pages\/16605","targetHints":{"allow":["GET"]}}],"collection":[{"href":"https:\/\/shop.faresin.com\/pl\/wp-json\/wp\/v2\/pages"}],"about":[{"href":"https:\/\/shop.faresin.com\/pl\/wp-json\/wp\/v2\/types\/page"}],"author":[{"embeddable":true,"href":"https:\/\/shop.faresin.com\/pl\/wp-json\/wp\/v2\/users\/1"}],"replies":[{"embeddable":true,"href":"https:\/\/shop.faresin.com\/pl\/wp-json\/wp\/v2\/comments?post=16605"}],"version-history":[{"count":4,"href":"https:\/\/shop.faresin.com\/pl\/wp-json\/wp\/v2\/pages\/16605\/revisions"}],"predecessor-version":[{"id":16736,"href":"https:\/\/shop.faresin.com\/pl\/wp-json\/wp\/v2\/pages\/16605\/revisions\/16736"}],"wp:attachment":[{"href":"https:\/\/shop.faresin.com\/pl\/wp-json\/wp\/v2\/media?parent=16605"}],"curies":[{"name":"wp","href":"https:\/\/api.w.org\/{rel}","templated":true}]}}