{"id":18708,"date":"2025-01-13T10:12:29","date_gmt":"2025-01-13T09:12:29","guid":{"rendered":"https:\/\/shop.faresin.com\/prodotto\/t-shirt-fs-noir-6-26\/"},"modified":"2025-01-13T10:12:29","modified_gmt":"2025-01-13T09:12:29","slug":"t-shirt-fs-noir-6-26","status":"publish","type":"product","link":"https:\/\/shop.faresin.com\/fr\/prodotto\/t-shirt-fs-noir-6-26\/","title":{"rendered":"T-SHIRT FS NOIR 6.26"},"content":{"rendered":"","protected":false},"excerpt":{"rendered":"<p>T-shirt \u00e0 col ras du cou en 100% coton, avec col c\u00f4tel\u00e9 et \u00e9lasthanne pour un ajustement confortable et durable. Design exclusif d\u00e9di\u00e9 \u00e0 l&rsquo;halt\u00e9rophile FS 6.26, pour toutes les occasions. <\/p>\n","protected":false},"featured_media":18658,"template":"","meta":[],"product_brand":[],"product_cat":[186],"product_tag":[],"class_list":{"0":"post-18708","1":"product","2":"type-product","3":"status-publish","4":"has-post-thumbnail","6":"product_cat-t-shirt-fr","8":"first","9":"instock","10":"taxable","11":"shipping-taxable","12":"purchasable","13":"product-type-variable"},"_links":{"self":[{"href":"https:\/\/shop.faresin.com\/fr\/wp-json\/wp\/v2\/product\/18708","targetHints":{"allow":["GET"]}}],"collection":[{"href":"https:\/\/shop.faresin.com\/fr\/wp-json\/wp\/v2\/product"}],"about":[{"href":"https:\/\/shop.faresin.com\/fr\/wp-json\/wp\/v2\/types\/product"}],"wp:featuredmedia":[{"embeddable":true,"href":"https:\/\/shop.faresin.com\/fr\/wp-json\/wp\/v2\/media\/18658"}],"wp:attachment":[{"href":"https:\/\/shop.faresin.com\/fr\/wp-json\/wp\/v2\/media?parent=18708"}],"wp:term":[{"taxonomy":"product_brand","embeddable":true,"href":"https:\/\/shop.faresin.com\/fr\/wp-json\/wp\/v2\/product_brand?post=18708"},{"taxonomy":"product_cat","embeddable":true,"href":"https:\/\/shop.faresin.com\/fr\/wp-json\/wp\/v2\/product_cat?post=18708"},{"taxonomy":"product_tag","embeddable":true,"href":"https:\/\/shop.faresin.com\/fr\/wp-json\/wp\/v2\/product_tag?post=18708"}],"curies":[{"name":"wp","href":"https:\/\/api.w.org\/{rel}","templated":true}]}}