{"id":17957,"date":"2023-06-14T15:58:18","date_gmt":"2023-06-14T13:58:18","guid":{"rendered":"https:\/\/shop.faresin.com\/?post_type=product&#038;p=17957"},"modified":"2024-08-19T08:34:45","modified_gmt":"2024-08-19T06:34:45","slug":"soft-shell","status":"publish","type":"product","link":"https:\/\/shop.faresin.com\/fr\/prodotto\/soft-shell\/","title":{"rendered":"SOFT SHELL"},"content":{"rendered":"","protected":false},"excerpt":{"rendered":"<p>Veste noire souple et imperm\u00e9able avec rembourrage en polyester. Fermetures \u00e9clair grises, capuche rembourr\u00e9e et trois poches zipp\u00e9es. Logo FARESIN brod\u00e9 sur le c\u00f4t\u00e9 gauche.<\/p>\n","protected":false},"featured_media":18158,"template":"","meta":[],"product_brand":[],"product_cat":[190],"product_tag":[],"class_list":{"0":"post-17957","1":"product","2":"type-product","3":"status-publish","4":"has-post-thumbnail","6":"product_cat-veste","8":"first","9":"instock","10":"taxable","11":"shipping-taxable","12":"purchasable","13":"product-type-variable"},"_links":{"self":[{"href":"https:\/\/shop.faresin.com\/fr\/wp-json\/wp\/v2\/product\/17957","targetHints":{"allow":["GET"]}}],"collection":[{"href":"https:\/\/shop.faresin.com\/fr\/wp-json\/wp\/v2\/product"}],"about":[{"href":"https:\/\/shop.faresin.com\/fr\/wp-json\/wp\/v2\/types\/product"}],"wp:featuredmedia":[{"embeddable":true,"href":"https:\/\/shop.faresin.com\/fr\/wp-json\/wp\/v2\/media\/18158"}],"wp:attachment":[{"href":"https:\/\/shop.faresin.com\/fr\/wp-json\/wp\/v2\/media?parent=17957"}],"wp:term":[{"taxonomy":"product_brand","embeddable":true,"href":"https:\/\/shop.faresin.com\/fr\/wp-json\/wp\/v2\/product_brand?post=17957"},{"taxonomy":"product_cat","embeddable":true,"href":"https:\/\/shop.faresin.com\/fr\/wp-json\/wp\/v2\/product_cat?post=17957"},{"taxonomy":"product_tag","embeddable":true,"href":"https:\/\/shop.faresin.com\/fr\/wp-json\/wp\/v2\/product_tag?post=17957"}],"curies":[{"name":"wp","href":"https:\/\/api.w.org\/{rel}","templated":true}]}}