{"id":17646,"date":"2022-06-28T09:50:41","date_gmt":"2022-06-28T07:50:41","guid":{"rendered":"https:\/\/shop.faresin.com\/?post_type=product&#038;p=17646"},"modified":"2024-08-19T09:32:14","modified_gmt":"2024-08-19T07:32:14","slug":"t-shirt-leger-femmes","status":"publish","type":"product","link":"https:\/\/shop.faresin.com\/fr\/prodotto\/t-shirt-leger-femmes\/","title":{"rendered":"T-SHIRT FEMME L\u00c9GER"},"content":{"rendered":"","protected":false},"excerpt":{"rendered":"<div class=\"item-meta-desc\">\n<div>T-shirt extra 150, col ras du cou, 100% coton peign\u00e9 ring spun, col c\u00f4tel\u00e9 avec \u00e9lasthanne.<\/div>\n<\/div>\n","protected":false},"featured_media":15655,"template":"","meta":[],"product_brand":[],"product_cat":[186],"product_tag":[],"class_list":{"0":"post-17646","1":"product","2":"type-product","3":"status-publish","4":"has-post-thumbnail","6":"product_cat-t-shirt-fr","8":"first","9":"instock","10":"taxable","11":"shipping-taxable","12":"purchasable","13":"product-type-variable","14":"has-default-attributes"},"_links":{"self":[{"href":"https:\/\/shop.faresin.com\/fr\/wp-json\/wp\/v2\/product\/17646","targetHints":{"allow":["GET"]}}],"collection":[{"href":"https:\/\/shop.faresin.com\/fr\/wp-json\/wp\/v2\/product"}],"about":[{"href":"https:\/\/shop.faresin.com\/fr\/wp-json\/wp\/v2\/types\/product"}],"wp:featuredmedia":[{"embeddable":true,"href":"https:\/\/shop.faresin.com\/fr\/wp-json\/wp\/v2\/media\/15655"}],"wp:attachment":[{"href":"https:\/\/shop.faresin.com\/fr\/wp-json\/wp\/v2\/media?parent=17646"}],"wp:term":[{"taxonomy":"product_brand","embeddable":true,"href":"https:\/\/shop.faresin.com\/fr\/wp-json\/wp\/v2\/product_brand?post=17646"},{"taxonomy":"product_cat","embeddable":true,"href":"https:\/\/shop.faresin.com\/fr\/wp-json\/wp\/v2\/product_cat?post=17646"},{"taxonomy":"product_tag","embeddable":true,"href":"https:\/\/shop.faresin.com\/fr\/wp-json\/wp\/v2\/product_tag?post=17646"}],"curies":[{"name":"wp","href":"https:\/\/api.w.org\/{rel}","templated":true}]}}