{"id":16283,"date":"2022-06-27T14:53:55","date_gmt":"2022-06-27T12:53:55","guid":{"rendered":"https:\/\/shop.faresin.com\/prodotto\/cle-usb\/"},"modified":"2023-02-17T14:45:56","modified_gmt":"2023-02-17T13:45:56","slug":"cle-usb","status":"publish","type":"product","link":"https:\/\/shop.faresin.com\/fr\/prodotto\/cle-usb\/","title":{"rendered":"CL\u00c9 USB"},"content":{"rendered":"","protected":false},"excerpt":{"rendered":"<p>Cl\u00e9 USB en m\u00e9tal grav\u00e9e au laser, m\u00e9moire de 8 Go de derni\u00e8re g\u00e9n\u00e9ration.<\/p>\n","protected":false},"featured_media":15765,"template":"","meta":[],"product_brand":[],"product_cat":[181],"product_tag":[],"class_list":{"0":"post-16283","1":"product","2":"type-product","3":"status-publish","4":"has-post-thumbnail","6":"product_cat-accessoires","8":"first","9":"instock","10":"taxable","11":"shipping-taxable","12":"purchasable","13":"product-type-simple"},"_links":{"self":[{"href":"https:\/\/shop.faresin.com\/fr\/wp-json\/wp\/v2\/product\/16283","targetHints":{"allow":["GET"]}}],"collection":[{"href":"https:\/\/shop.faresin.com\/fr\/wp-json\/wp\/v2\/product"}],"about":[{"href":"https:\/\/shop.faresin.com\/fr\/wp-json\/wp\/v2\/types\/product"}],"wp:featuredmedia":[{"embeddable":true,"href":"https:\/\/shop.faresin.com\/fr\/wp-json\/wp\/v2\/media\/15765"}],"wp:attachment":[{"href":"https:\/\/shop.faresin.com\/fr\/wp-json\/wp\/v2\/media?parent=16283"}],"wp:term":[{"taxonomy":"product_brand","embeddable":true,"href":"https:\/\/shop.faresin.com\/fr\/wp-json\/wp\/v2\/product_brand?post=16283"},{"taxonomy":"product_cat","embeddable":true,"href":"https:\/\/shop.faresin.com\/fr\/wp-json\/wp\/v2\/product_cat?post=16283"},{"taxonomy":"product_tag","embeddable":true,"href":"https:\/\/shop.faresin.com\/fr\/wp-json\/wp\/v2\/product_tag?post=16283"}],"curies":[{"name":"wp","href":"https:\/\/api.w.org\/{rel}","templated":true}]}}