{"id":16274,"date":"2022-06-27T15:10:04","date_gmt":"2022-06-27T13:10:04","guid":{"rendered":"https:\/\/shop.faresin.com\/prodotto\/parapluie\/"},"modified":"2022-12-22T08:14:21","modified_gmt":"2022-12-22T07:14:21","slug":"parapluie","status":"publish","type":"product","link":"https:\/\/shop.faresin.com\/fr\/prodotto\/parapluie\/","title":{"rendered":"PARAPLUIE"},"content":{"rendered":"","protected":false},"excerpt":{"rendered":"<p>Parapluie \u00e0 ouverture automatique, poign\u00e9e en plastique noir, tige en m\u00e9tal chrom\u00e9, toile en nylon polyester gris 170 T. Logo imprim\u00e9 Faresin.<\/p>\n","protected":false},"featured_media":15755,"template":"","meta":[],"product_brand":[],"product_cat":[181],"product_tag":[],"class_list":{"0":"post-16274","1":"product","2":"type-product","3":"status-publish","4":"has-post-thumbnail","6":"product_cat-accessoires","8":"first","9":"instock","10":"taxable","11":"shipping-taxable","12":"purchasable","13":"product-type-simple"},"_links":{"self":[{"href":"https:\/\/shop.faresin.com\/fr\/wp-json\/wp\/v2\/product\/16274","targetHints":{"allow":["GET"]}}],"collection":[{"href":"https:\/\/shop.faresin.com\/fr\/wp-json\/wp\/v2\/product"}],"about":[{"href":"https:\/\/shop.faresin.com\/fr\/wp-json\/wp\/v2\/types\/product"}],"wp:featuredmedia":[{"embeddable":true,"href":"https:\/\/shop.faresin.com\/fr\/wp-json\/wp\/v2\/media\/15755"}],"wp:attachment":[{"href":"https:\/\/shop.faresin.com\/fr\/wp-json\/wp\/v2\/media?parent=16274"}],"wp:term":[{"taxonomy":"product_brand","embeddable":true,"href":"https:\/\/shop.faresin.com\/fr\/wp-json\/wp\/v2\/product_brand?post=16274"},{"taxonomy":"product_cat","embeddable":true,"href":"https:\/\/shop.faresin.com\/fr\/wp-json\/wp\/v2\/product_cat?post=16274"},{"taxonomy":"product_tag","embeddable":true,"href":"https:\/\/shop.faresin.com\/fr\/wp-json\/wp\/v2\/product_tag?post=16274"}],"curies":[{"name":"wp","href":"https:\/\/api.w.org\/{rel}","templated":true}]}}