{"id":16197,"date":"2022-06-27T16:12:31","date_gmt":"2022-06-27T14:12:31","guid":{"rendered":"https:\/\/shop.faresin.com\/prodotto\/tenue-de-travail\/"},"modified":"2022-12-21T16:43:03","modified_gmt":"2022-12-21T15:43:03","slug":"tenue-de-travail","status":"publish","type":"product","link":"https:\/\/shop.faresin.com\/fr\/prodotto\/tenue-de-travail\/","title":{"rendered":"TENUE DE TRAVAIL"},"content":{"rendered":"","protected":false},"excerpt":{"rendered":"<p>La tenue de travail Faresin est id\u00e9ale pour les personnes travaillant dans les fermes ou les ateliers. Il est tr\u00e8s bien adapt\u00e9 \u00e0 tous les travaux o\u00f9 l&rsquo;on se salit facilement. Il peut \u00eatre lav\u00e9 jusqu&rsquo;\u00e0 60\u00b0C et dispose d&rsquo;une taille et de poignets \u00e9lastiques et de 4 poches ext\u00e9rieures pour am\u00e9liorer l&rsquo;ajustement pendant le travail quotidien. La fermeture \u00e9clair couverte permet d&rsquo;enfiler et d&rsquo;enlever la combinaison rapidement.<\/p>\n","protected":false},"featured_media":15740,"template":"","meta":[],"product_brand":[],"product_cat":[209],"product_tag":[],"class_list":{"0":"post-16197","1":"product","2":"type-product","3":"status-publish","4":"has-post-thumbnail","6":"product_cat-suits-fr","8":"first","9":"instock","10":"taxable","11":"shipping-taxable","12":"purchasable","13":"product-type-variable"},"_links":{"self":[{"href":"https:\/\/shop.faresin.com\/fr\/wp-json\/wp\/v2\/product\/16197","targetHints":{"allow":["GET"]}}],"collection":[{"href":"https:\/\/shop.faresin.com\/fr\/wp-json\/wp\/v2\/product"}],"about":[{"href":"https:\/\/shop.faresin.com\/fr\/wp-json\/wp\/v2\/types\/product"}],"wp:featuredmedia":[{"embeddable":true,"href":"https:\/\/shop.faresin.com\/fr\/wp-json\/wp\/v2\/media\/15740"}],"wp:attachment":[{"href":"https:\/\/shop.faresin.com\/fr\/wp-json\/wp\/v2\/media?parent=16197"}],"wp:term":[{"taxonomy":"product_brand","embeddable":true,"href":"https:\/\/shop.faresin.com\/fr\/wp-json\/wp\/v2\/product_brand?post=16197"},{"taxonomy":"product_cat","embeddable":true,"href":"https:\/\/shop.faresin.com\/fr\/wp-json\/wp\/v2\/product_cat?post=16197"},{"taxonomy":"product_tag","embeddable":true,"href":"https:\/\/shop.faresin.com\/fr\/wp-json\/wp\/v2\/product_tag?post=16197"}],"curies":[{"name":"wp","href":"https:\/\/api.w.org\/{rel}","templated":true}]}}