{"id":16178,"date":"2022-06-27T17:00:26","date_gmt":"2022-06-27T15:00:26","guid":{"rendered":"https:\/\/shop.faresin.com\/prodotto\/pantalon\/"},"modified":"2024-08-19T11:15:23","modified_gmt":"2024-08-19T09:15:23","slug":"pantalons-de-travail","status":"publish","type":"product","link":"https:\/\/shop.faresin.com\/fr\/prodotto\/pantalons-de-travail\/","title":{"rendered":"PANTALON DE TRAVAIL"},"content":{"rendered":"","protected":false},"excerpt":{"rendered":"<div class=\"item-meta-desc\">\n<div>Pantalon de travail multi-poches en coton hydrophile 210 g, poche m\u00e8tre dissimul\u00e9e, poche de s\u00e9curit\u00e9 zipp\u00e9e, passants de ceinture et taille \u00e9lastiqu\u00e9e. Couleur : gris.<\/div>\n<\/div>\n","protected":false},"featured_media":18778,"template":"","meta":[],"product_brand":[],"product_cat":[209],"product_tag":[],"class_list":{"0":"post-16178","1":"product","2":"type-product","3":"status-publish","4":"has-post-thumbnail","6":"product_cat-suits-fr","8":"first","9":"instock","10":"taxable","11":"shipping-taxable","12":"purchasable","13":"product-type-variable","14":"has-default-attributes"},"_links":{"self":[{"href":"https:\/\/shop.faresin.com\/fr\/wp-json\/wp\/v2\/product\/16178","targetHints":{"allow":["GET"]}}],"collection":[{"href":"https:\/\/shop.faresin.com\/fr\/wp-json\/wp\/v2\/product"}],"about":[{"href":"https:\/\/shop.faresin.com\/fr\/wp-json\/wp\/v2\/types\/product"}],"wp:featuredmedia":[{"embeddable":true,"href":"https:\/\/shop.faresin.com\/fr\/wp-json\/wp\/v2\/media\/18778"}],"wp:attachment":[{"href":"https:\/\/shop.faresin.com\/fr\/wp-json\/wp\/v2\/media?parent=16178"}],"wp:term":[{"taxonomy":"product_brand","embeddable":true,"href":"https:\/\/shop.faresin.com\/fr\/wp-json\/wp\/v2\/product_brand?post=16178"},{"taxonomy":"product_cat","embeddable":true,"href":"https:\/\/shop.faresin.com\/fr\/wp-json\/wp\/v2\/product_cat?post=16178"},{"taxonomy":"product_tag","embeddable":true,"href":"https:\/\/shop.faresin.com\/fr\/wp-json\/wp\/v2\/product_tag?post=16178"}],"curies":[{"name":"wp","href":"https:\/\/api.w.org\/{rel}","templated":true}]}}