{"id":16129,"date":"2022-06-28T08:50:42","date_gmt":"2022-06-28T06:50:42","guid":{"rendered":"https:\/\/shop.faresin.com\/prodotto\/mans-sweater\/"},"modified":"2024-08-19T10:00:15","modified_gmt":"2024-08-19T08:00:15","slug":"pull-homme","status":"publish","type":"product","link":"https:\/\/shop.faresin.com\/fr\/prodotto\/pull-homme\/","title":{"rendered":"PULL HOMME"},"content":{"rendered":"","protected":false},"excerpt":{"rendered":"<div>\u00c9l\u00e9gant pull-over gris pour homme en tissu polycoton 55% coton &#8211; 45% acrylique, d\u00e9tails c\u00f4tel\u00e9s, logo Faresin brod\u00e9.<\/div>\n","protected":false},"featured_media":15685,"template":"","meta":[],"product_brand":[],"product_cat":[183],"product_tag":[],"class_list":{"0":"post-16129","1":"product","2":"type-product","3":"status-publish","4":"has-post-thumbnail","6":"product_cat-sweat-shirt","8":"first","9":"instock","10":"taxable","11":"shipping-taxable","12":"purchasable","13":"product-type-variable","14":"has-default-attributes"},"_links":{"self":[{"href":"https:\/\/shop.faresin.com\/fr\/wp-json\/wp\/v2\/product\/16129","targetHints":{"allow":["GET"]}}],"collection":[{"href":"https:\/\/shop.faresin.com\/fr\/wp-json\/wp\/v2\/product"}],"about":[{"href":"https:\/\/shop.faresin.com\/fr\/wp-json\/wp\/v2\/types\/product"}],"wp:featuredmedia":[{"embeddable":true,"href":"https:\/\/shop.faresin.com\/fr\/wp-json\/wp\/v2\/media\/15685"}],"wp:attachment":[{"href":"https:\/\/shop.faresin.com\/fr\/wp-json\/wp\/v2\/media?parent=16129"}],"wp:term":[{"taxonomy":"product_brand","embeddable":true,"href":"https:\/\/shop.faresin.com\/fr\/wp-json\/wp\/v2\/product_brand?post=16129"},{"taxonomy":"product_cat","embeddable":true,"href":"https:\/\/shop.faresin.com\/fr\/wp-json\/wp\/v2\/product_cat?post=16129"},{"taxonomy":"product_tag","embeddable":true,"href":"https:\/\/shop.faresin.com\/fr\/wp-json\/wp\/v2\/product_tag?post=16129"}],"curies":[{"name":"wp","href":"https:\/\/api.w.org\/{rel}","templated":true}]}}