{"id":16121,"date":"2022-06-28T09:12:39","date_gmt":"2022-06-28T07:12:39","guid":{"rendered":"https:\/\/shop.faresin.com\/prodotto\/polaire-grise-hommes\/"},"modified":"2024-08-19T09:54:02","modified_gmt":"2024-08-19T07:54:02","slug":"polaire-gris-homme","status":"publish","type":"product","link":"https:\/\/shop.faresin.com\/fr\/prodotto\/polaire-gris-homme\/","title":{"rendered":"POLAIRE GRISE POUR HOMMES"},"content":{"rendered":"","protected":false},"excerpt":{"rendered":"<p>Une polaire pour homme de couleur grise con\u00e7ue pour l&rsquo;hiver, avec un tissu tr\u00e8s confortable qui n&rsquo;alourdit pas le corps. La polaire est l\u00e9g\u00e8re \u00e0 porter et poss\u00e8de un haut degr\u00e9 d&rsquo;isolation thermique. La polaire se ferme par une fermeture \u00e9clair compl\u00e8te. Logo FARESIN brod\u00e9.<\/p>\n","protected":false},"featured_media":15680,"template":"","meta":[],"product_brand":[],"product_cat":[183],"product_tag":[],"class_list":{"0":"post-16121","1":"product","2":"type-product","3":"status-publish","4":"has-post-thumbnail","6":"product_cat-sweat-shirt","8":"first","9":"instock","10":"taxable","11":"shipping-taxable","12":"purchasable","13":"product-type-variable","14":"has-default-attributes"},"_links":{"self":[{"href":"https:\/\/shop.faresin.com\/fr\/wp-json\/wp\/v2\/product\/16121","targetHints":{"allow":["GET"]}}],"collection":[{"href":"https:\/\/shop.faresin.com\/fr\/wp-json\/wp\/v2\/product"}],"about":[{"href":"https:\/\/shop.faresin.com\/fr\/wp-json\/wp\/v2\/types\/product"}],"wp:featuredmedia":[{"embeddable":true,"href":"https:\/\/shop.faresin.com\/fr\/wp-json\/wp\/v2\/media\/15680"}],"wp:attachment":[{"href":"https:\/\/shop.faresin.com\/fr\/wp-json\/wp\/v2\/media?parent=16121"}],"wp:term":[{"taxonomy":"product_brand","embeddable":true,"href":"https:\/\/shop.faresin.com\/fr\/wp-json\/wp\/v2\/product_brand?post=16121"},{"taxonomy":"product_cat","embeddable":true,"href":"https:\/\/shop.faresin.com\/fr\/wp-json\/wp\/v2\/product_cat?post=16121"},{"taxonomy":"product_tag","embeddable":true,"href":"https:\/\/shop.faresin.com\/fr\/wp-json\/wp\/v2\/product_tag?post=16121"}],"curies":[{"name":"wp","href":"https:\/\/api.w.org\/{rel}","templated":true}]}}