{"id":16113,"date":"2022-06-28T09:21:18","date_gmt":"2022-06-28T07:21:18","guid":{"rendered":"https:\/\/shop.faresin.com\/prodotto\/polaire-grise-femmes\/"},"modified":"2024-08-19T09:48:56","modified_gmt":"2024-08-19T07:48:56","slug":"polaire-gris","status":"publish","type":"product","link":"https:\/\/shop.faresin.com\/fr\/prodotto\/polaire-gris\/","title":{"rendered":"POLAIRE GRISE POUR FEMMES"},"content":{"rendered":"","protected":false},"excerpt":{"rendered":"<div class=\"item-meta-desc\">Polaire grise pour femme con\u00e7ue pour l&rsquo;hiver, avec un tissu tr\u00e8s confortable qui n&rsquo;alourdit pas le corps. La polaire est l\u00e9g\u00e8re \u00e0 porter et poss\u00e8de un haut degr\u00e9 d&rsquo;isolation thermique. La polaire se ferme par une fermeture \u00e9clair compl\u00e8te. Logo FARESIN brod\u00e9.<\/div>\n","protected":false},"featured_media":15675,"template":"","meta":[],"product_brand":[],"product_cat":[183],"product_tag":[],"class_list":{"0":"post-16113","1":"product","2":"type-product","3":"status-publish","4":"has-post-thumbnail","6":"product_cat-sweat-shirt","8":"first","9":"instock","10":"taxable","11":"shipping-taxable","12":"purchasable","13":"product-type-variable"},"_links":{"self":[{"href":"https:\/\/shop.faresin.com\/fr\/wp-json\/wp\/v2\/product\/16113","targetHints":{"allow":["GET"]}}],"collection":[{"href":"https:\/\/shop.faresin.com\/fr\/wp-json\/wp\/v2\/product"}],"about":[{"href":"https:\/\/shop.faresin.com\/fr\/wp-json\/wp\/v2\/types\/product"}],"wp:featuredmedia":[{"embeddable":true,"href":"https:\/\/shop.faresin.com\/fr\/wp-json\/wp\/v2\/media\/15675"}],"wp:attachment":[{"href":"https:\/\/shop.faresin.com\/fr\/wp-json\/wp\/v2\/media?parent=16113"}],"wp:term":[{"taxonomy":"product_brand","embeddable":true,"href":"https:\/\/shop.faresin.com\/fr\/wp-json\/wp\/v2\/product_brand?post=16113"},{"taxonomy":"product_cat","embeddable":true,"href":"https:\/\/shop.faresin.com\/fr\/wp-json\/wp\/v2\/product_cat?post=16113"},{"taxonomy":"product_tag","embeddable":true,"href":"https:\/\/shop.faresin.com\/fr\/wp-json\/wp\/v2\/product_tag?post=16113"}],"curies":[{"name":"wp","href":"https:\/\/api.w.org\/{rel}","templated":true}]}}