{"id":16073,"date":"2022-06-28T10:07:08","date_gmt":"2022-06-28T08:07:08","guid":{"rendered":"https:\/\/shop.faresin.com\/prodotto\/gilet\/"},"modified":"2026-01-26T13:37:03","modified_gmt":"2026-01-26T12:37:03","slug":"gilet","status":"publish","type":"product","link":"https:\/\/shop.faresin.com\/fr\/prodotto\/gilet\/","title":{"rendered":"GILET"},"content":{"rendered":"","protected":false},"excerpt":{"rendered":"<p class=\"p1\">Gilet soft shell bicolore \u00e0 deux couches avec traitement d\u00e9perlant en 100% polyester extensible. Fermeture frontale avec zip en plastique, curseur en m\u00e9tal et deux poches ext\u00e9rieures.<\/p>\n","protected":false},"featured_media":18461,"template":"","meta":[],"product_brand":[],"product_cat":[190],"product_tag":[],"class_list":{"0":"post-16073","1":"product","2":"type-product","3":"status-publish","4":"has-post-thumbnail","6":"product_cat-veste","8":"first","9":"instock","10":"taxable","11":"shipping-taxable","12":"purchasable","13":"product-type-variable","14":"has-default-attributes"},"_links":{"self":[{"href":"https:\/\/shop.faresin.com\/fr\/wp-json\/wp\/v2\/product\/16073","targetHints":{"allow":["GET"]}}],"collection":[{"href":"https:\/\/shop.faresin.com\/fr\/wp-json\/wp\/v2\/product"}],"about":[{"href":"https:\/\/shop.faresin.com\/fr\/wp-json\/wp\/v2\/types\/product"}],"wp:featuredmedia":[{"embeddable":true,"href":"https:\/\/shop.faresin.com\/fr\/wp-json\/wp\/v2\/media\/18461"}],"wp:attachment":[{"href":"https:\/\/shop.faresin.com\/fr\/wp-json\/wp\/v2\/media?parent=16073"}],"wp:term":[{"taxonomy":"product_brand","embeddable":true,"href":"https:\/\/shop.faresin.com\/fr\/wp-json\/wp\/v2\/product_brand?post=16073"},{"taxonomy":"product_cat","embeddable":true,"href":"https:\/\/shop.faresin.com\/fr\/wp-json\/wp\/v2\/product_cat?post=16073"},{"taxonomy":"product_tag","embeddable":true,"href":"https:\/\/shop.faresin.com\/fr\/wp-json\/wp\/v2\/product_tag?post=16073"}],"curies":[{"name":"wp","href":"https:\/\/api.w.org\/{rel}","templated":true}]}}