{"id":17851,"date":"2022-07-29T17:13:41","date_gmt":"2022-07-29T15:13:41","guid":{"rendered":"https:\/\/shop.faresin.com\/informatif\/"},"modified":"2023-02-20T14:00:20","modified_gmt":"2023-02-20T13:00:20","slug":"informatif","status":"publish","type":"page","link":"https:\/\/shop.faresin.com\/fr\/informatif\/","title":{"rendered":"Informatif"},"content":{"rendered":"\t\t<div data-elementor-type=\"wp-page\" data-elementor-id=\"17851\" class=\"elementor elementor-17851 elementor-13159\" data-elementor-post-type=\"page\">\n\t\t\t\t\t\t<section class=\"elementor-section elementor-top-section elementor-element elementor-element-306f86f elementor-section-boxed elementor-section-height-default elementor-section-height-default\" data-id=\"306f86f\" data-element_type=\"section\" data-e-type=\"section\" data-settings=\"{&quot;background_background&quot;:&quot;classic&quot;}\">\n\t\t\t\t\t\t<div class=\"elementor-container elementor-column-gap-default\">\n\t\t\t\t\t<div class=\"elementor-column elementor-col-100 elementor-top-column elementor-element elementor-element-f821701\" data-id=\"f821701\" data-element_type=\"column\" data-e-type=\"column\" data-settings=\"{&quot;background_background&quot;:&quot;classic&quot;}\">\n\t\t\t<div class=\"elementor-widget-wrap elementor-element-populated\">\n\t\t\t\t\t\t<div class=\"elementor-element elementor-element-8710609 elementor-widget elementor-widget-heading\" data-id=\"8710609\" data-element_type=\"widget\" data-e-type=\"widget\" data-widget_type=\"heading.default\">\n\t\t\t\t<div class=\"elementor-widget-container\">\n\t\t\t\t\t<h1 class=\"elementor-heading-title elementor-size-default\">Informatif<\/h1>\t\t\t\t<\/div>\n\t\t\t\t<\/div>\n\t\t\t\t<div class=\"elementor-element elementor-element-ca97376 elementor-widget elementor-widget-heading\" data-id=\"ca97376\" data-element_type=\"widget\" data-e-type=\"widget\" data-widget_type=\"heading.default\">\n\t\t\t\t<div class=\"elementor-widget-container\">\n\t\t\t\t\t<h2 class=\"elementor-heading-title elementor-size-medium\">Information en vertu de l'art. 13 du r\u00e8glement europ\u00e9en sur la protection des donn\u00e9es (GDPR - EU Reg. 679\/16)<\/h2>\t\t\t\t<\/div>\n\t\t\t\t<\/div>\n\t\t\t\t\t<\/div>\n\t\t<\/div>\n\t\t\t\t\t<\/div>\n\t\t<\/section>\n\t\t\t\t<section class=\"elementor-section elementor-top-section elementor-element elementor-element-a2410e0 elementor-section-boxed elementor-section-height-default elementor-section-height-default\" data-id=\"a2410e0\" data-element_type=\"section\" data-e-type=\"section\">\n\t\t\t\t\t\t<div class=\"elementor-container elementor-column-gap-default\">\n\t\t\t\t\t<div class=\"elementor-column elementor-col-100 elementor-top-column elementor-element elementor-element-6995aa9\" data-id=\"6995aa9\" data-element_type=\"column\" data-e-type=\"column\">\n\t\t\t<div class=\"elementor-widget-wrap\">\n\t\t\t\t\t\t\t<\/div>\n\t\t<\/div>\n\t\t\t\t\t<\/div>\n\t\t<\/section>\n\t\t\t\t<section class=\"elementor-section elementor-top-section elementor-element elementor-element-aa05541 elementor-section-boxed elementor-section-height-default elementor-section-height-default\" data-id=\"aa05541\" data-element_type=\"section\" data-e-type=\"section\">\n\t\t\t\t\t\t<div class=\"elementor-container elementor-column-gap-default\">\n\t\t\t\t\t<div class=\"elementor-column elementor-col-100 elementor-top-column elementor-element elementor-element-324a2a0\" data-id=\"324a2a0\" data-element_type=\"column\" data-e-type=\"column\">\n\t\t\t<div class=\"elementor-widget-wrap elementor-element-populated\">\n\t\t\t\t\t\t<div class=\"elementor-element elementor-element-7714b9d elementor-widget elementor-widget-text-editor\" data-id=\"7714b9d\" data-element_type=\"widget\" data-e-type=\"widget\" data-widget_type=\"text-editor.default\">\n\t\t\t\t<div class=\"elementor-widget-container\">\n\t\t\t\t\t\t\t\t\t<section>\n<div>\n<div>\n<p><span style=\"color: var( --e-global-color-text ); font-family: var( --e-global-typography-text-font-family ), Sans-serif; font-size: 16px;\">Conform\u00e9ment \u00e0 l&rsquo;art. 13 du r\u00e8glement europ\u00e9en 679\/16 vous sont fournies les informations suivantes sur le traitement qui peut avoir lieu \u00e0 la suite de votre achat en ligne sur notre site www.faresindustries.com &nbsp;et de l&rsquo;enregistrement \u00e9ventuel d&rsquo;un compte personnel.&nbsp;<\/span><\/p>\n<\/div>\n<\/div>\n<\/section>\n<section>\n<div>\n<div>\n<div>\n<div>\n<div>Le responsable du traitement des donn\u00e9es est Faresin Industries Spa dont le si\u00e8ge social et administratif est situ\u00e9 via dell&rsquo;Artigianato 36, 36042 Breganze (VI). Inscrit au registre des entreprises de Vicence avec le num\u00e9ro de TVA et le code fiscal 03542090281, contact\u00e9 \u00e0 l&rsquo;adresse suivante&nbsp;<a href=\"mailto:faresin@faresin.com\">faresin@faresin.com.<\/a><\/div>\n<div>&nbsp;<\/div>\n<div>Les donn\u00e9es seront utilis\u00e9es par le titulaire aux fins suivantes :&nbsp;<\/div>\n<div>&#8211; Pour la gestion de la relation d&rsquo;affaires \u00e9tablie, y compris dans le cadre du contact avec notre organisation commerciale, en tant que n\u00e9cessit\u00e9 contractuelle ;<\/div>\n<div>&#8211; Pour l&rsquo;enregistrement d&rsquo;un compte individuel apr\u00e8s avoir rempli la section d\u00e9di\u00e9e, si vous n&rsquo;effectuez pas d&rsquo;achat avec le simple profil d&rsquo;invit\u00e9 ou le paiement rapide ;<\/div>\n<div>&#8211; Pour le traitement de toutes les obligations administratives et fiscales qui en d\u00e9coulent, en tant qu&rsquo;obligation l\u00e9gale ;&nbsp;<\/div>\n<div>&#8211; Pour la d\u00e9fense de tous les droits de l&rsquo;auteur d\u00e9coulant de la relation contractuelle.<\/div><div>&#8211; facultativement, avec votre consentement sp\u00e9cifique, pour vous abonner \u00e0 notre bulletin d&rsquo;information ou vous envoyer des communications promotionnelles ou des offres commerciales par courrier \u00e9lectronique ou par messagerie instantan\u00e9e.<br><\/div>\n<div>&nbsp;<\/div>\n<div>Veuillez noter que les donn\u00e9es marqu\u00e9es d&rsquo;un * (ast\u00e9risque) doivent \u00eatre fournies afin de pouvoir b\u00e9n\u00e9ficier des services que vous avez l&rsquo;intention de demander ; si ces donn\u00e9es ne sont pas remplies, il se peut que nous ne puissions pas vous fournir ces services et que les donn\u00e9es elles-m\u00eames ne soient pas acquises. Le remplissage des autres donn\u00e9es du formulaire est facultatif et vous \u00eates libre de d\u00e9cider de les remplir ou non.<\/div>\n<div>&nbsp;<\/div>\n<div>Les donn\u00e9es que vous avez communiqu\u00e9es peuvent \u00eatre divulgu\u00e9es aux employ\u00e9s du responsable du traitement impliqu\u00e9s dans l&rsquo;ex\u00e9cution des services que vous avez demand\u00e9s et \u00e0 tout tiers impliqu\u00e9 dans l&rsquo;ex\u00e9cution des m\u00eames activit\u00e9s en leur qualit\u00e9 de responsables du traitement des donn\u00e9es.&nbsp;<\/div>\n<div>Les donn\u00e9es figurant dans les formulaires peuvent \u00eatre communiqu\u00e9es \u00e0 notre organisation commerciale aux fins indiqu\u00e9es ou peuvent \u00eatre communiqu\u00e9es \u00e0 des tiers si cela est n\u00e9cessaire pour la fourniture des services demand\u00e9s.&nbsp;<\/div>\n<div>&nbsp;<\/div>\n<div>Les donn\u00e9es peuvent \u00e9galement \u00eatre communiqu\u00e9es \u00e0 (a) les parties qui fournissent des services de gestion, de comptabilit\u00e9 ou de fiscalit\u00e9 \u00e0 notre soci\u00e9t\u00e9, en leur qualit\u00e9 de responsables du traitement des donn\u00e9es ; (b) les parties auxquelles la loi impose la divulgation ; (c) les institutions bancaires pour le traitement des paiements ; d) &nbsp;les compagnies d&rsquo;assurance et\/ou de recouvrement de cr\u00e9ances ; e) les transporteurs \u00e0 qui le service de transport est confi\u00e9.<\/div>\n<div>&nbsp;<\/div>\n<div>&nbsp;Les donn\u00e9es seront conserv\u00e9es jusqu&rsquo;\u00e0 la fin des services demand\u00e9s ou jusqu&rsquo;\u00e0 ce que leur suppression soit demand\u00e9e et, en cas d&rsquo;exigences organisationnelles ou r\u00e9glementaires, elles pourront \u00eatre conserv\u00e9es dans des archives sp\u00e9cifiques pendant la p\u00e9riode strictement n\u00e9cessaire \u00e0 ces fins.<\/div>\n<div>&nbsp;<\/div>\n<div>&nbsp;Nous vous rappelons votre droit d&rsquo;exercer votre droit de demander au responsable du traitement l&rsquo;acc\u00e8s \u00e0 vos donn\u00e9es personnelles, leur rectification, leur effacement ou leur limitation et de vous opposer \u00e0 ce traitement, ainsi que votre droit \u00e0 la portabilit\u00e9 des donn\u00e9es ; vous pouvez exercer ces droits en utilisant les coordonn\u00e9es ci-dessus. Le consentement donn\u00e9 peut \u00eatre r\u00e9voqu\u00e9 \u00e0 tout moment en contactant le titulaire aux adresses \u00e9lectroniques indiqu\u00e9es ou en utilisant les m\u00e9thodes indiqu\u00e9es par les outils utilis\u00e9s pour le traitement.<\/div>\n<div>&nbsp;<\/div>\n<div>&nbsp;Nous vous rappelons \u00e9galement votre droit de d\u00e9poser une plainte aupr\u00e8s de l&rsquo;autorit\u00e9 de surveillance, repr\u00e9sent\u00e9e en Italie par le Garante per la protezione dei dati personali (www.garanteprivacy.it).<\/div>\n<div>&nbsp;<\/div>\n<div>De plus amples informations sur le responsable du traitement des donn\u00e9es et sur les modalit\u00e9s de traitement r\u00e9sultant de la navigation sur ce site sont disponibles sur la page pr\u00e9sentant la<a href=\"https:\/\/www.faresindustries.com\/privacy-policy\" target=\"_blank\" rel=\"noopener\">politique de confidentialit\u00e9<\/a>&nbsp;<a href=\"https:\/\/www.faresindustries.com\/privacy-policy\" target=\"_blank\" rel=\"noopener\">&nbsp; .<\/a><\/div>\n<\/div>\n<\/div>\n<\/div>\n<\/div>\n<\/section>\t\t\t\t\t\t\t\t<\/div>\n\t\t\t\t<\/div>\n\t\t\t\t\t<\/div>\n\t\t<\/div>\n\t\t\t\t\t<\/div>\n\t\t<\/section>\n\t\t\t\t<\/div>\n\t\t","protected":false},"excerpt":{"rendered":"<p>Informatif Information en vertu de l&rsquo;art. 13 du r\u00e8glement europ\u00e9en sur la protection des donn\u00e9es (GDPR &#8211; EU Reg. 679\/16) Conform\u00e9ment \u00e0 l&rsquo;art. 13 du r\u00e8glement europ\u00e9en 679\/16 vous sont fournies les informations suivantes sur le traitement qui peut avoir lieu \u00e0 la suite de votre achat en ligne sur notre site www.faresindustries.com &nbsp;et de [&hellip;]<\/p>\n","protected":false},"author":1,"featured_media":0,"parent":0,"menu_order":0,"comment_status":"closed","ping_status":"closed","template":"elementor_header_footer","meta":{"footnotes":""},"class_list":["post-17851","page","type-page","status-publish","hentry"],"_links":{"self":[{"href":"https:\/\/shop.faresin.com\/fr\/wp-json\/wp\/v2\/pages\/17851","targetHints":{"allow":["GET"]}}],"collection":[{"href":"https:\/\/shop.faresin.com\/fr\/wp-json\/wp\/v2\/pages"}],"about":[{"href":"https:\/\/shop.faresin.com\/fr\/wp-json\/wp\/v2\/types\/page"}],"author":[{"embeddable":true,"href":"https:\/\/shop.faresin.com\/fr\/wp-json\/wp\/v2\/users\/1"}],"replies":[{"embeddable":true,"href":"https:\/\/shop.faresin.com\/fr\/wp-json\/wp\/v2\/comments?post=17851"}],"version-history":[{"count":1,"href":"https:\/\/shop.faresin.com\/fr\/wp-json\/wp\/v2\/pages\/17851\/revisions"}],"predecessor-version":[{"id":17852,"href":"https:\/\/shop.faresin.com\/fr\/wp-json\/wp\/v2\/pages\/17851\/revisions\/17852"}],"wp:attachment":[{"href":"https:\/\/shop.faresin.com\/fr\/wp-json\/wp\/v2\/media?parent=17851"}],"curies":[{"name":"wp","href":"https:\/\/api.w.org\/{rel}","templated":true}]}}