{"id":16581,"date":"2022-03-09T10:33:05","date_gmt":"2022-03-09T09:33:05","guid":{"rendered":"https:\/\/shop.faresin.com\/societe\/"},"modified":"2022-12-19T10:32:40","modified_gmt":"2022-12-19T09:32:40","slug":"societe","status":"publish","type":"page","link":"https:\/\/shop.faresin.com\/fr\/societe\/","title":{"rendered":"Soci\u00e9t\u00e9"},"content":{"rendered":"\t\t<div data-elementor-type=\"wp-page\" data-elementor-id=\"16581\" class=\"elementor elementor-16581 elementor-16492\" data-elementor-post-type=\"page\">\n\t\t\t\t\t\t<section class=\"elementor-section elementor-top-section elementor-element elementor-element-7b377774 elementor-section-boxed elementor-section-height-default elementor-section-height-default\" data-id=\"7b377774\" data-element_type=\"section\" data-e-type=\"section\">\n\t\t\t\t\t\t<div class=\"elementor-container elementor-column-gap-default\">\n\t\t\t\t\t<div class=\"elementor-column elementor-col-100 elementor-top-column elementor-element elementor-element-64dc47e1\" data-id=\"64dc47e1\" data-element_type=\"column\" data-e-type=\"column\">\n\t\t\t<div class=\"elementor-widget-wrap elementor-element-populated\">\n\t\t\t\t\t\t<div class=\"elementor-element elementor-element-5731108 elementor-widget-divider--view-line elementor-widget elementor-widget-divider\" data-id=\"5731108\" data-element_type=\"widget\" data-e-type=\"widget\" data-widget_type=\"divider.default\">\n\t\t\t\t<div class=\"elementor-widget-container\">\n\t\t\t\t\t\t\t<div class=\"elementor-divider\">\n\t\t\t<span class=\"elementor-divider-separator\">\n\t\t\t\t\t\t<\/span>\n\t\t<\/div>\n\t\t\t\t\t\t<\/div>\n\t\t\t\t<\/div>\n\t\t\t\t<div class=\"elementor-element elementor-element-c803721 elementor-widget elementor-widget-heading\" data-id=\"c803721\" data-element_type=\"widget\" data-e-type=\"widget\" data-widget_type=\"heading.default\">\n\t\t\t\t<div class=\"elementor-widget-container\">\n\t\t\t\t\t<h2 class=\"elementor-heading-title elementor-size-default\">Qui Nous Sommes<\/h2>\t\t\t\t<\/div>\n\t\t\t\t<\/div>\n\t\t\t\t<div class=\"elementor-element elementor-element-18600c7 elementor-widget elementor-widget-text-editor\" data-id=\"18600c7\" data-element_type=\"widget\" data-e-type=\"widget\" data-widget_type=\"text-editor.default\">\n\t\t\t\t<div class=\"elementor-widget-container\">\n\t\t\t\t\t\t\t\t\t<p>Faresin Industries, dont le si\u00e8ge est \u00e0 Breganze (VI), con\u00e7oit, fabrique et vend des m\u00e9langeuses et des instruments d\u2019analyse des rations pour le secteur de l\u2019\u00e9levage, des chariots t\u00e9lescopiques \u00e0 usage agricole et industriel. L\u2019entreprise, fond\u00e9e en 1973 par l&rsquo;actuel pr\u00e9sident, Sante Faresin, allie la tradition d&rsquo;un guide familial solide au dynamisme d&rsquo;un groupe international pr\u00e9sent au niveau mondial gr\u00e2ce \u00e0 un r\u00e9seau \u00e9tendu de succursales, de distributeurs et de d\u00e9taillants.<\/p>\n\t\t\t\t\t\t\t\t<\/div>\n\t\t\t\t<\/div>\n\t\t\t\t<div class=\"elementor-element elementor-element-57a0629 elementor-widget elementor-widget-heading\" data-id=\"57a0629\" data-element_type=\"widget\" data-e-type=\"widget\" data-widget_type=\"heading.default\">\n\t\t\t\t<div class=\"elementor-widget-container\">\n\t\t\t\t\t<h2 class=\"elementor-heading-title elementor-size-default\">Mission &amp; Vision<\/h2>\t\t\t\t<\/div>\n\t\t\t\t<\/div>\n\t\t\t\t<div class=\"elementor-element elementor-element-3d0f5a0 elementor-widget elementor-widget-text-editor\" data-id=\"3d0f5a0\" data-element_type=\"widget\" data-e-type=\"widget\" data-widget_type=\"text-editor.default\">\n\t\t\t\t<div class=\"elementor-widget-container\">\n\t\t\t\t\t\t\t\t\t<p>L&rsquo;innovation au service du travail quotidien de nos clients. Une mission initi\u00e9e il y a 50 ans de la volont\u00e9 de d\u00e9velopper, produire et vendre dans le monde entier des machines technologiquement avanc\u00e9es pour les secteurs de l&rsquo;agriculture, de l&rsquo;\u00e9levage, de la construction et de l&rsquo;industrie. Chacune de nos activit\u00e9s, de la conception au service apr\u00e8s-vente, vise \u00e0 rendre le travail de nos clients de plus en plus s\u00fbr, efficace et simple.<\/p>\n<p>Le regard tourn\u00e9 vers des objectifs ambitieux pour l&rsquo;avenir, les racines fermement enracin\u00e9es dans les valeurs de notre pass\u00e9. Faresin Industries est une entreprise \u00e0 vocation internationale qui, au fil des ans, s&rsquo;est structur\u00e9e et s&rsquo;est d\u00e9velopp\u00e9e dans le monde entier, tout en maintenant la conduite prudente d&rsquo;une famille \u00e9troitement li\u00e9e \u00e0 son territoire d&rsquo;origine. La d\u00e9cision de conserver le si\u00e8ge et les usines de production \u00e0 Breganze vise \u00e0 apporter une valeur ajout\u00e9e significative au tissu socio-\u00e9conomique local, en projetant l\u2019excellence sur la sc\u00e8ne du march\u00e9 mondial. Nous sommes convaincus que ce sont les personnes qui font la diff\u00e9rence, c&rsquo;est pourquoi nous accordons une grande importance \u00e0 la formation de nos employ\u00e9s et \u00e0 l&rsquo;\u00e9tablissement de solides relations de confiance avec nos partenaires, nos clients et nos fournisseurs.<\/p>\n\t\t\t\t\t\t\t\t<\/div>\n\t\t\t\t<\/div>\n\t\t\t\t<div class=\"elementor-element elementor-element-48d57b3 elementor-widget elementor-widget-button\" data-id=\"48d57b3\" data-element_type=\"widget\" data-e-type=\"widget\" data-widget_type=\"button.default\">\n\t\t\t\t<div class=\"elementor-widget-container\">\n\t\t\t\t\t\t\t\t\t<div class=\"elementor-button-wrapper\">\n\t\t\t\t\t<a class=\"elementor-button elementor-button-link elementor-size-md\" href=\"https:\/\/www.faresin.com\" target=\"_blank\" rel=\"noopener\">\n\t\t\t\t\t\t<span class=\"elementor-button-content-wrapper\">\n\t\t\t\t\t\t\t\t\t<span class=\"elementor-button-text\">Pour en savoir plus, consultez le site faresin.com<\/span>\n\t\t\t\t\t<\/span>\n\t\t\t\t\t<\/a>\n\t\t\t\t<\/div>\n\t\t\t\t\t\t\t\t<\/div>\n\t\t\t\t<\/div>\n\t\t\t\t\t<\/div>\n\t\t<\/div>\n\t\t\t\t\t<\/div>\n\t\t<\/section>\n\t\t\t\t<\/div>\n\t\t","protected":false},"excerpt":{"rendered":"<p>Home Qui Nous Sommes Faresin Industries, dont le si\u00e8ge est \u00e0 Breganze (VI), con\u00e7oit, fabrique et vend des m\u00e9langeuses et des instruments d\u2019analyse des rations pour le secteur de l\u2019\u00e9levage, des chariots t\u00e9lescopiques \u00e0 usage agricole et industriel. L\u2019entreprise, fond\u00e9e en 1973 par l&rsquo;actuel pr\u00e9sident, Sante Faresin, allie la tradition d&rsquo;un guide familial solide au [&hellip;]<\/p>\n","protected":false},"author":1,"featured_media":0,"parent":0,"menu_order":0,"comment_status":"closed","ping_status":"closed","template":"elementor_header_footer","meta":{"footnotes":""},"class_list":["post-16581","page","type-page","status-publish","hentry"],"_links":{"self":[{"href":"https:\/\/shop.faresin.com\/fr\/wp-json\/wp\/v2\/pages\/16581","targetHints":{"allow":["GET"]}}],"collection":[{"href":"https:\/\/shop.faresin.com\/fr\/wp-json\/wp\/v2\/pages"}],"about":[{"href":"https:\/\/shop.faresin.com\/fr\/wp-json\/wp\/v2\/types\/page"}],"author":[{"embeddable":true,"href":"https:\/\/shop.faresin.com\/fr\/wp-json\/wp\/v2\/users\/1"}],"replies":[{"embeddable":true,"href":"https:\/\/shop.faresin.com\/fr\/wp-json\/wp\/v2\/comments?post=16581"}],"version-history":[{"count":4,"href":"https:\/\/shop.faresin.com\/fr\/wp-json\/wp\/v2\/pages\/16581\/revisions"}],"predecessor-version":[{"id":16734,"href":"https:\/\/shop.faresin.com\/fr\/wp-json\/wp\/v2\/pages\/16581\/revisions\/16734"}],"wp:attachment":[{"href":"https:\/\/shop.faresin.com\/fr\/wp-json\/wp\/v2\/media?parent=16581"}],"curies":[{"name":"wp","href":"https:\/\/api.w.org\/{rel}","templated":true}]}}