{"id":18694,"date":"2025-01-13T10:43:36","date_gmt":"2025-01-13T09:43:36","guid":{"rendered":"https:\/\/shop.faresin.com\/prodotto\/camiseta-infantil-negra-fs-6-26\/"},"modified":"2025-01-13T10:43:36","modified_gmt":"2025-01-13T09:43:36","slug":"camiseta-infantil-negra-fs-6-26","status":"publish","type":"product","link":"https:\/\/shop.faresin.com\/es\/prodotto\/camiseta-infantil-negra-fs-6-26\/","title":{"rendered":"CAMISETA INFANTIL NEGRA FS 6.26"},"content":{"rendered":"","protected":false},"excerpt":{"rendered":"<p>Camiseta de cuello redondo fabricada en algod\u00f3n 100%, con cuello de canal\u00e9 y elastano para un ajuste c\u00f3modo y duradero. Dise\u00f1o exclusivo dedicado al levantador FS 6.26, para cualquier ocasi\u00f3n. <\/p>\n","protected":false},"featured_media":18661,"template":"","meta":[],"product_brand":[],"product_cat":[188],"product_tag":[],"class_list":{"0":"post-18694","1":"product","2":"type-product","3":"status-publish","4":"has-post-thumbnail","6":"product_cat-t-shirt-es","8":"first","9":"instock","10":"taxable","11":"shipping-taxable","12":"purchasable","13":"product-type-variable"},"_links":{"self":[{"href":"https:\/\/shop.faresin.com\/es\/wp-json\/wp\/v2\/product\/18694","targetHints":{"allow":["GET"]}}],"collection":[{"href":"https:\/\/shop.faresin.com\/es\/wp-json\/wp\/v2\/product"}],"about":[{"href":"https:\/\/shop.faresin.com\/es\/wp-json\/wp\/v2\/types\/product"}],"wp:featuredmedia":[{"embeddable":true,"href":"https:\/\/shop.faresin.com\/es\/wp-json\/wp\/v2\/media\/18661"}],"wp:attachment":[{"href":"https:\/\/shop.faresin.com\/es\/wp-json\/wp\/v2\/media?parent=18694"}],"wp:term":[{"taxonomy":"product_brand","embeddable":true,"href":"https:\/\/shop.faresin.com\/es\/wp-json\/wp\/v2\/product_brand?post=18694"},{"taxonomy":"product_cat","embeddable":true,"href":"https:\/\/shop.faresin.com\/es\/wp-json\/wp\/v2\/product_cat?post=18694"},{"taxonomy":"product_tag","embeddable":true,"href":"https:\/\/shop.faresin.com\/es\/wp-json\/wp\/v2\/product_tag?post=18694"}],"curies":[{"name":"wp","href":"https:\/\/api.w.org\/{rel}","templated":true}]}}