{"id":17725,"date":"2022-06-27T17:38:17","date_gmt":"2022-06-27T15:38:17","guid":{"rendered":"https:\/\/shop.faresin.com\/?post_type=product&#038;p=17725"},"modified":"2024-08-19T10:14:05","modified_gmt":"2024-08-19T08:14:05","slug":"sudadera-de-gasa-mujer","status":"publish","type":"product","link":"https:\/\/shop.faresin.com\/es\/prodotto\/sudadera-de-gasa-mujer\/","title":{"rendered":"SUDADERA DE GASA MUJER"},"content":{"rendered":"","protected":false},"excerpt":{"rendered":"<p>Sudadera de gasa para mujer en color azul dise\u00f1ada para llevar en entretiempo. Dos c\u00f3modos bolsillos y un cierre de cremallera lo hacen pr\u00e1ctico para utilizarlo tanto en el trabajo como en el tiempo libre. Los el\u00e1sticos en la cintura y los pu\u00f1os aumentan la comodidad de la sudadera.<\/p>\n","protected":false},"featured_media":18208,"template":"","meta":[],"product_brand":[],"product_cat":[184],"product_tag":[],"class_list":{"0":"post-17725","1":"product","2":"type-product","3":"status-publish","4":"has-post-thumbnail","6":"product_cat-sudadera","8":"first","9":"instock","10":"taxable","11":"shipping-taxable","12":"purchasable","13":"product-type-variable"},"_links":{"self":[{"href":"https:\/\/shop.faresin.com\/es\/wp-json\/wp\/v2\/product\/17725","targetHints":{"allow":["GET"]}}],"collection":[{"href":"https:\/\/shop.faresin.com\/es\/wp-json\/wp\/v2\/product"}],"about":[{"href":"https:\/\/shop.faresin.com\/es\/wp-json\/wp\/v2\/types\/product"}],"wp:featuredmedia":[{"embeddable":true,"href":"https:\/\/shop.faresin.com\/es\/wp-json\/wp\/v2\/media\/18208"}],"wp:attachment":[{"href":"https:\/\/shop.faresin.com\/es\/wp-json\/wp\/v2\/media?parent=17725"}],"wp:term":[{"taxonomy":"product_brand","embeddable":true,"href":"https:\/\/shop.faresin.com\/es\/wp-json\/wp\/v2\/product_brand?post=17725"},{"taxonomy":"product_cat","embeddable":true,"href":"https:\/\/shop.faresin.com\/es\/wp-json\/wp\/v2\/product_cat?post=17725"},{"taxonomy":"product_tag","embeddable":true,"href":"https:\/\/shop.faresin.com\/es\/wp-json\/wp\/v2\/product_tag?post=17725"}],"curies":[{"name":"wp","href":"https:\/\/api.w.org\/{rel}","templated":true}]}}