{"id":16285,"date":"2022-06-27T14:53:55","date_gmt":"2022-06-27T12:53:55","guid":{"rendered":"https:\/\/shop.faresin.com\/prodotto\/memoria-usb\/"},"modified":"2023-02-17T14:45:57","modified_gmt":"2023-02-17T13:45:57","slug":"memoria-usb","status":"publish","type":"product","link":"https:\/\/shop.faresin.com\/es\/prodotto\/memoria-usb\/","title":{"rendered":"MEMORIA USB"},"content":{"rendered":"","protected":false},"excerpt":{"rendered":"<p>Memoria USB met\u00e1lica grabada con l\u00e1ser, memoria de \u00faltima generaci\u00f3n de 8 GB.<\/p>\n","protected":false},"featured_media":15768,"template":"","meta":[],"product_brand":[],"product_cat":[197],"product_tag":[],"class_list":{"0":"post-16285","1":"product","2":"type-product","3":"status-publish","4":"has-post-thumbnail","6":"product_cat-accesorios","8":"first","9":"instock","10":"taxable","11":"shipping-taxable","12":"purchasable","13":"product-type-simple"},"_links":{"self":[{"href":"https:\/\/shop.faresin.com\/es\/wp-json\/wp\/v2\/product\/16285","targetHints":{"allow":["GET"]}}],"collection":[{"href":"https:\/\/shop.faresin.com\/es\/wp-json\/wp\/v2\/product"}],"about":[{"href":"https:\/\/shop.faresin.com\/es\/wp-json\/wp\/v2\/types\/product"}],"wp:featuredmedia":[{"embeddable":true,"href":"https:\/\/shop.faresin.com\/es\/wp-json\/wp\/v2\/media\/15768"}],"wp:attachment":[{"href":"https:\/\/shop.faresin.com\/es\/wp-json\/wp\/v2\/media?parent=16285"}],"wp:term":[{"taxonomy":"product_brand","embeddable":true,"href":"https:\/\/shop.faresin.com\/es\/wp-json\/wp\/v2\/product_brand?post=16285"},{"taxonomy":"product_cat","embeddable":true,"href":"https:\/\/shop.faresin.com\/es\/wp-json\/wp\/v2\/product_cat?post=16285"},{"taxonomy":"product_tag","embeddable":true,"href":"https:\/\/shop.faresin.com\/es\/wp-json\/wp\/v2\/product_tag?post=16285"}],"curies":[{"name":"wp","href":"https:\/\/api.w.org\/{rel}","templated":true}]}}