{"id":16276,"date":"2022-06-27T15:10:04","date_gmt":"2022-06-27T13:10:04","guid":{"rendered":"https:\/\/shop.faresin.com\/prodotto\/paraguas\/"},"modified":"2022-12-22T08:22:09","modified_gmt":"2022-12-22T07:22:09","slug":"paraguas","status":"publish","type":"product","link":"https:\/\/shop.faresin.com\/es\/prodotto\/paraguas\/","title":{"rendered":"PARAGUAS"},"content":{"rendered":"","protected":false},"excerpt":{"rendered":"<p>Paraguas con apertura autom\u00e1tica, mango de pl\u00e1stico negro, eje de metal cromado, lona de nailon de poli\u00e9ster gris 170 T. Logotipo impreso Faresin.<\/p>\n","protected":false},"featured_media":15758,"template":"","meta":[],"product_brand":[],"product_cat":[197],"product_tag":[],"class_list":{"0":"post-16276","1":"product","2":"type-product","3":"status-publish","4":"has-post-thumbnail","6":"product_cat-accesorios","8":"first","9":"instock","10":"taxable","11":"shipping-taxable","12":"purchasable","13":"product-type-simple"},"_links":{"self":[{"href":"https:\/\/shop.faresin.com\/es\/wp-json\/wp\/v2\/product\/16276","targetHints":{"allow":["GET"]}}],"collection":[{"href":"https:\/\/shop.faresin.com\/es\/wp-json\/wp\/v2\/product"}],"about":[{"href":"https:\/\/shop.faresin.com\/es\/wp-json\/wp\/v2\/types\/product"}],"wp:featuredmedia":[{"embeddable":true,"href":"https:\/\/shop.faresin.com\/es\/wp-json\/wp\/v2\/media\/15758"}],"wp:attachment":[{"href":"https:\/\/shop.faresin.com\/es\/wp-json\/wp\/v2\/media?parent=16276"}],"wp:term":[{"taxonomy":"product_brand","embeddable":true,"href":"https:\/\/shop.faresin.com\/es\/wp-json\/wp\/v2\/product_brand?post=16276"},{"taxonomy":"product_cat","embeddable":true,"href":"https:\/\/shop.faresin.com\/es\/wp-json\/wp\/v2\/product_cat?post=16276"},{"taxonomy":"product_tag","embeddable":true,"href":"https:\/\/shop.faresin.com\/es\/wp-json\/wp\/v2\/product_tag?post=16276"}],"curies":[{"name":"wp","href":"https:\/\/api.w.org\/{rel}","templated":true}]}}