{"id":16185,"date":"2022-06-27T17:00:26","date_gmt":"2022-06-27T15:00:26","guid":{"rendered":"https:\/\/shop.faresin.com\/prodotto\/pantalones\/"},"modified":"2024-08-19T11:15:54","modified_gmt":"2024-08-19T09:15:54","slug":"pantalones-de-trabajo","status":"publish","type":"product","link":"https:\/\/shop.faresin.com\/es\/prodotto\/pantalones-de-trabajo\/","title":{"rendered":"PANTALONES DE TRABAJO"},"content":{"rendered":"","protected":false},"excerpt":{"rendered":"<div class=\"item-meta-desc\">\n<div>Pantal\u00f3n de trabajo multibolsillos de algod\u00f3n drill de 210 g, bolsillo oculto para cinta m\u00e9trica, bolsillo de seguridad con cremallera, trabillas y cintura el\u00e1stica. Color: gris.<\/div>\n<\/div>\n","protected":false},"featured_media":18781,"template":"","meta":[],"product_brand":[],"product_cat":[211],"product_tag":[],"class_list":{"0":"post-16185","1":"product","2":"type-product","3":"status-publish","4":"has-post-thumbnail","6":"product_cat-trajes","8":"first","9":"instock","10":"taxable","11":"shipping-taxable","12":"purchasable","13":"product-type-variable","14":"has-default-attributes"},"_links":{"self":[{"href":"https:\/\/shop.faresin.com\/es\/wp-json\/wp\/v2\/product\/16185","targetHints":{"allow":["GET"]}}],"collection":[{"href":"https:\/\/shop.faresin.com\/es\/wp-json\/wp\/v2\/product"}],"about":[{"href":"https:\/\/shop.faresin.com\/es\/wp-json\/wp\/v2\/types\/product"}],"wp:featuredmedia":[{"embeddable":true,"href":"https:\/\/shop.faresin.com\/es\/wp-json\/wp\/v2\/media\/18781"}],"wp:attachment":[{"href":"https:\/\/shop.faresin.com\/es\/wp-json\/wp\/v2\/media?parent=16185"}],"wp:term":[{"taxonomy":"product_brand","embeddable":true,"href":"https:\/\/shop.faresin.com\/es\/wp-json\/wp\/v2\/product_brand?post=16185"},{"taxonomy":"product_cat","embeddable":true,"href":"https:\/\/shop.faresin.com\/es\/wp-json\/wp\/v2\/product_cat?post=16185"},{"taxonomy":"product_tag","embeddable":true,"href":"https:\/\/shop.faresin.com\/es\/wp-json\/wp\/v2\/product_tag?post=16185"}],"curies":[{"name":"wp","href":"https:\/\/api.w.org\/{rel}","templated":true}]}}