{"id":16133,"date":"2022-06-28T08:50:42","date_gmt":"2022-06-28T06:50:42","guid":{"rendered":"https:\/\/shop.faresin.com\/prodotto\/sueter-hombre\/"},"modified":"2024-08-19T10:02:18","modified_gmt":"2024-08-19T08:02:18","slug":"jersey-hombre","status":"publish","type":"product","link":"https:\/\/shop.faresin.com\/es\/prodotto\/jersey-hombre\/","title":{"rendered":"JERSEY HOMBRE"},"content":{"rendered":"","protected":false},"excerpt":{"rendered":"<div>Elegante jersey gris para hombre confeccionado en tejido de polialgod\u00f3n 55% algod\u00f3n &#8211; 45% acr\u00edlico, detalles de canal\u00e9, logotipo Faresin bordado<\/div>\n","protected":false},"featured_media":15688,"template":"","meta":[],"product_brand":[],"product_cat":[184],"product_tag":[],"class_list":{"0":"post-16133","1":"product","2":"type-product","3":"status-publish","4":"has-post-thumbnail","6":"product_cat-sudadera","8":"first","9":"instock","10":"taxable","11":"shipping-taxable","12":"purchasable","13":"product-type-variable","14":"has-default-attributes"},"_links":{"self":[{"href":"https:\/\/shop.faresin.com\/es\/wp-json\/wp\/v2\/product\/16133","targetHints":{"allow":["GET"]}}],"collection":[{"href":"https:\/\/shop.faresin.com\/es\/wp-json\/wp\/v2\/product"}],"about":[{"href":"https:\/\/shop.faresin.com\/es\/wp-json\/wp\/v2\/types\/product"}],"wp:featuredmedia":[{"embeddable":true,"href":"https:\/\/shop.faresin.com\/es\/wp-json\/wp\/v2\/media\/15688"}],"wp:attachment":[{"href":"https:\/\/shop.faresin.com\/es\/wp-json\/wp\/v2\/media?parent=16133"}],"wp:term":[{"taxonomy":"product_brand","embeddable":true,"href":"https:\/\/shop.faresin.com\/es\/wp-json\/wp\/v2\/product_brand?post=16133"},{"taxonomy":"product_cat","embeddable":true,"href":"https:\/\/shop.faresin.com\/es\/wp-json\/wp\/v2\/product_cat?post=16133"},{"taxonomy":"product_tag","embeddable":true,"href":"https:\/\/shop.faresin.com\/es\/wp-json\/wp\/v2\/product_tag?post=16133"}],"curies":[{"name":"wp","href":"https:\/\/api.w.org\/{rel}","templated":true}]}}