{"id":16125,"date":"2022-06-28T09:12:39","date_gmt":"2022-06-28T07:12:39","guid":{"rendered":"https:\/\/shop.faresin.com\/prodotto\/polar-gris-hombre\/"},"modified":"2024-08-19T09:53:58","modified_gmt":"2024-08-19T07:53:58","slug":"vellon-gris-hombre","status":"publish","type":"product","link":"https:\/\/shop.faresin.com\/es\/prodotto\/vellon-gris-hombre\/","title":{"rendered":"POLAR GRIS PARA HOMBRE"},"content":{"rendered":"","protected":false},"excerpt":{"rendered":"<p>Un forro polar de hombre de color gris dise\u00f1ado para el invierno, con un tejido muy c\u00f3modo que no pesa. El forro polar es ligero de llevar y tiene un alto grado de aislamiento t\u00e9rmico. El forro polar se cierra mediante una cremallera completa. Logotipo de Faresin bordado.<\/p>\n","protected":false},"featured_media":15683,"template":"","meta":[],"product_brand":[],"product_cat":[184],"product_tag":[],"class_list":{"0":"post-16125","1":"product","2":"type-product","3":"status-publish","4":"has-post-thumbnail","6":"product_cat-sudadera","8":"first","9":"instock","10":"taxable","11":"shipping-taxable","12":"purchasable","13":"product-type-variable","14":"has-default-attributes"},"_links":{"self":[{"href":"https:\/\/shop.faresin.com\/es\/wp-json\/wp\/v2\/product\/16125","targetHints":{"allow":["GET"]}}],"collection":[{"href":"https:\/\/shop.faresin.com\/es\/wp-json\/wp\/v2\/product"}],"about":[{"href":"https:\/\/shop.faresin.com\/es\/wp-json\/wp\/v2\/types\/product"}],"wp:featuredmedia":[{"embeddable":true,"href":"https:\/\/shop.faresin.com\/es\/wp-json\/wp\/v2\/media\/15683"}],"wp:attachment":[{"href":"https:\/\/shop.faresin.com\/es\/wp-json\/wp\/v2\/media?parent=16125"}],"wp:term":[{"taxonomy":"product_brand","embeddable":true,"href":"https:\/\/shop.faresin.com\/es\/wp-json\/wp\/v2\/product_brand?post=16125"},{"taxonomy":"product_cat","embeddable":true,"href":"https:\/\/shop.faresin.com\/es\/wp-json\/wp\/v2\/product_cat?post=16125"},{"taxonomy":"product_tag","embeddable":true,"href":"https:\/\/shop.faresin.com\/es\/wp-json\/wp\/v2\/product_tag?post=16125"}],"curies":[{"name":"wp","href":"https:\/\/api.w.org\/{rel}","templated":true}]}}