{"id":16103,"date":"2022-06-28T09:34:14","date_gmt":"2022-06-28T07:34:14","guid":{"rendered":"https:\/\/shop.faresin.com\/prodotto\/polo-hombre\/"},"modified":"2024-08-19T09:37:18","modified_gmt":"2024-08-19T07:37:18","slug":"polo-hombre","status":"publish","type":"product","link":"https:\/\/shop.faresin.com\/es\/prodotto\/polo-hombre\/","title":{"rendered":"POLO HOMBRE"},"content":{"rendered":"","protected":false},"excerpt":{"rendered":"<div class=\"item-meta-desc\">\n<div>Polo hombre cl\u00e1sico de piqu\u00e9 100% algod\u00f3n hilado en anillos, 180 g, dos botones en colores a juego y mangas cortas. Logotipo de Faresin bordado.<\/div>\n<\/div>\n","protected":false},"featured_media":15668,"template":"","meta":[],"product_brand":[],"product_cat":[203],"product_tag":[],"class_list":{"0":"post-16103","1":"product","2":"type-product","3":"status-publish","4":"has-post-thumbnail","6":"product_cat-polo-es","8":"first","9":"instock","10":"taxable","11":"shipping-taxable","12":"purchasable","13":"product-type-variable","14":"has-default-attributes"},"_links":{"self":[{"href":"https:\/\/shop.faresin.com\/es\/wp-json\/wp\/v2\/product\/16103","targetHints":{"allow":["GET"]}}],"collection":[{"href":"https:\/\/shop.faresin.com\/es\/wp-json\/wp\/v2\/product"}],"about":[{"href":"https:\/\/shop.faresin.com\/es\/wp-json\/wp\/v2\/types\/product"}],"wp:featuredmedia":[{"embeddable":true,"href":"https:\/\/shop.faresin.com\/es\/wp-json\/wp\/v2\/media\/15668"}],"wp:attachment":[{"href":"https:\/\/shop.faresin.com\/es\/wp-json\/wp\/v2\/media?parent=16103"}],"wp:term":[{"taxonomy":"product_brand","embeddable":true,"href":"https:\/\/shop.faresin.com\/es\/wp-json\/wp\/v2\/product_brand?post=16103"},{"taxonomy":"product_cat","embeddable":true,"href":"https:\/\/shop.faresin.com\/es\/wp-json\/wp\/v2\/product_cat?post=16103"},{"taxonomy":"product_tag","embeddable":true,"href":"https:\/\/shop.faresin.com\/es\/wp-json\/wp\/v2\/product_tag?post=16103"}],"curies":[{"name":"wp","href":"https:\/\/api.w.org\/{rel}","templated":true}]}}