{"id":16093,"date":"2022-06-28T09:40:35","date_gmt":"2022-06-28T07:40:35","guid":{"rendered":"https:\/\/shop.faresin.com\/prodotto\/polo-mujer\/"},"modified":"2022-12-19T10:28:05","modified_gmt":"2022-12-19T09:28:05","slug":"polo-mujer","status":"publish","type":"product","link":"https:\/\/shop.faresin.com\/es\/prodotto\/polo-mujer\/","title":{"rendered":"POLO MUJER"},"content":{"rendered":"","protected":false},"excerpt":{"rendered":"<div class=\"item-meta-desc\">\n<div>Polo mujer cl\u00e1sico de piqu\u00e9 100% algod\u00f3n hilado en anillos, 180 g, dos botones en colores a juego. Logotipo Faresin bordado.<\/div>\n<\/div>\n","protected":false},"featured_media":15668,"template":"","meta":[],"product_brand":[],"product_cat":[203],"product_tag":[],"class_list":{"0":"post-16093","1":"product","2":"type-product","3":"status-publish","4":"has-post-thumbnail","6":"product_cat-polo-es","8":"first","9":"instock","10":"taxable","11":"shipping-taxable","12":"purchasable","13":"product-type-variable","14":"has-default-attributes"},"_links":{"self":[{"href":"https:\/\/shop.faresin.com\/es\/wp-json\/wp\/v2\/product\/16093","targetHints":{"allow":["GET"]}}],"collection":[{"href":"https:\/\/shop.faresin.com\/es\/wp-json\/wp\/v2\/product"}],"about":[{"href":"https:\/\/shop.faresin.com\/es\/wp-json\/wp\/v2\/types\/product"}],"wp:featuredmedia":[{"embeddable":true,"href":"https:\/\/shop.faresin.com\/es\/wp-json\/wp\/v2\/media\/15668"}],"wp:attachment":[{"href":"https:\/\/shop.faresin.com\/es\/wp-json\/wp\/v2\/media?parent=16093"}],"wp:term":[{"taxonomy":"product_brand","embeddable":true,"href":"https:\/\/shop.faresin.com\/es\/wp-json\/wp\/v2\/product_brand?post=16093"},{"taxonomy":"product_cat","embeddable":true,"href":"https:\/\/shop.faresin.com\/es\/wp-json\/wp\/v2\/product_cat?post=16093"},{"taxonomy":"product_tag","embeddable":true,"href":"https:\/\/shop.faresin.com\/es\/wp-json\/wp\/v2\/product_tag?post=16093"}],"curies":[{"name":"wp","href":"https:\/\/api.w.org\/{rel}","templated":true}]}}