{"id":16077,"date":"2022-06-28T10:07:08","date_gmt":"2022-06-28T08:07:08","guid":{"rendered":"https:\/\/shop.faresin.com\/prodotto\/chaleco\/"},"modified":"2026-01-26T13:38:54","modified_gmt":"2026-01-26T12:38:54","slug":"chaleco","status":"publish","type":"product","link":"https:\/\/shop.faresin.com\/es\/prodotto\/chaleco\/","title":{"rendered":"CHALECO"},"content":{"rendered":"","protected":false},"excerpt":{"rendered":"<p class=\"p1\">Chaleco soft shell bicolor de 2 capas con tratamiento hidr\u00f3fugo, de poli\u00e9ster 100% el\u00e1stico. Cierre delantero con cremallera de pl\u00e1stico, cursor met\u00e1lico y dos bolsillos exteriores.<\/p>\n","protected":false},"featured_media":18464,"template":"","meta":[],"product_brand":[],"product_cat":[192],"product_tag":[],"class_list":{"0":"post-16077","1":"product","2":"type-product","3":"status-publish","4":"has-post-thumbnail","6":"product_cat-chaqueta","8":"first","9":"instock","10":"taxable","11":"shipping-taxable","12":"purchasable","13":"product-type-variable","14":"has-default-attributes"},"_links":{"self":[{"href":"https:\/\/shop.faresin.com\/es\/wp-json\/wp\/v2\/product\/16077","targetHints":{"allow":["GET"]}}],"collection":[{"href":"https:\/\/shop.faresin.com\/es\/wp-json\/wp\/v2\/product"}],"about":[{"href":"https:\/\/shop.faresin.com\/es\/wp-json\/wp\/v2\/types\/product"}],"wp:featuredmedia":[{"embeddable":true,"href":"https:\/\/shop.faresin.com\/es\/wp-json\/wp\/v2\/media\/18464"}],"wp:attachment":[{"href":"https:\/\/shop.faresin.com\/es\/wp-json\/wp\/v2\/media?parent=16077"}],"wp:term":[{"taxonomy":"product_brand","embeddable":true,"href":"https:\/\/shop.faresin.com\/es\/wp-json\/wp\/v2\/product_brand?post=16077"},{"taxonomy":"product_cat","embeddable":true,"href":"https:\/\/shop.faresin.com\/es\/wp-json\/wp\/v2\/product_cat?post=16077"},{"taxonomy":"product_tag","embeddable":true,"href":"https:\/\/shop.faresin.com\/es\/wp-json\/wp\/v2\/product_tag?post=16077"}],"curies":[{"name":"wp","href":"https:\/\/api.w.org\/{rel}","templated":true}]}}