{"id":17857,"date":"2022-07-29T17:13:41","date_gmt":"2022-07-29T15:13:41","guid":{"rendered":"https:\/\/shop.faresin.com\/informativo\/"},"modified":"2023-02-20T14:00:37","modified_gmt":"2023-02-20T13:00:37","slug":"informativo","status":"publish","type":"page","link":"https:\/\/shop.faresin.com\/es\/informativo\/","title":{"rendered":"Informativo"},"content":{"rendered":"\t\t<div data-elementor-type=\"wp-page\" data-elementor-id=\"17857\" class=\"elementor elementor-17857 elementor-13159\" data-elementor-post-type=\"page\">\n\t\t\t\t\t\t<section class=\"elementor-section elementor-top-section elementor-element elementor-element-306f86f elementor-section-boxed elementor-section-height-default elementor-section-height-default\" data-id=\"306f86f\" data-element_type=\"section\" data-e-type=\"section\" data-settings=\"{&quot;background_background&quot;:&quot;classic&quot;}\">\n\t\t\t\t\t\t<div class=\"elementor-container elementor-column-gap-default\">\n\t\t\t\t\t<div class=\"elementor-column elementor-col-100 elementor-top-column elementor-element elementor-element-f821701\" data-id=\"f821701\" data-element_type=\"column\" data-e-type=\"column\" data-settings=\"{&quot;background_background&quot;:&quot;classic&quot;}\">\n\t\t\t<div class=\"elementor-widget-wrap elementor-element-populated\">\n\t\t\t\t\t\t<div class=\"elementor-element elementor-element-8710609 elementor-widget elementor-widget-heading\" data-id=\"8710609\" data-element_type=\"widget\" data-e-type=\"widget\" data-widget_type=\"heading.default\">\n\t\t\t\t<div class=\"elementor-widget-container\">\n\t\t\t\t\t<h1 class=\"elementor-heading-title elementor-size-default\">Informativo<\/h1>\t\t\t\t<\/div>\n\t\t\t\t<\/div>\n\t\t\t\t<div class=\"elementor-element elementor-element-ca97376 elementor-widget elementor-widget-heading\" data-id=\"ca97376\" data-element_type=\"widget\" data-e-type=\"widget\" data-widget_type=\"heading.default\">\n\t\t\t\t<div class=\"elementor-widget-container\">\n\t\t\t\t\t<h2 class=\"elementor-heading-title elementor-size-medium\">Informaci\u00f3n con arreglo al art. 13 del Reglamento Europeo de Protecci\u00f3n de Datos (GDPR - EU Reg. 679\/16)<\/h2>\t\t\t\t<\/div>\n\t\t\t\t<\/div>\n\t\t\t\t\t<\/div>\n\t\t<\/div>\n\t\t\t\t\t<\/div>\n\t\t<\/section>\n\t\t\t\t<section class=\"elementor-section elementor-top-section elementor-element elementor-element-a2410e0 elementor-section-boxed elementor-section-height-default elementor-section-height-default\" data-id=\"a2410e0\" data-element_type=\"section\" data-e-type=\"section\">\n\t\t\t\t\t\t<div class=\"elementor-container elementor-column-gap-default\">\n\t\t\t\t\t<div class=\"elementor-column elementor-col-100 elementor-top-column elementor-element elementor-element-6995aa9\" data-id=\"6995aa9\" data-element_type=\"column\" data-e-type=\"column\">\n\t\t\t<div class=\"elementor-widget-wrap\">\n\t\t\t\t\t\t\t<\/div>\n\t\t<\/div>\n\t\t\t\t\t<\/div>\n\t\t<\/section>\n\t\t\t\t<section class=\"elementor-section elementor-top-section elementor-element elementor-element-aa05541 elementor-section-boxed elementor-section-height-default elementor-section-height-default\" data-id=\"aa05541\" data-element_type=\"section\" data-e-type=\"section\">\n\t\t\t\t\t\t<div class=\"elementor-container elementor-column-gap-default\">\n\t\t\t\t\t<div class=\"elementor-column elementor-col-100 elementor-top-column elementor-element elementor-element-324a2a0\" data-id=\"324a2a0\" data-element_type=\"column\" data-e-type=\"column\">\n\t\t\t<div class=\"elementor-widget-wrap elementor-element-populated\">\n\t\t\t\t\t\t<div class=\"elementor-element elementor-element-7714b9d elementor-widget elementor-widget-text-editor\" data-id=\"7714b9d\" data-element_type=\"widget\" data-e-type=\"widget\" data-widget_type=\"text-editor.default\">\n\t\t\t\t<div class=\"elementor-widget-container\">\n\t\t\t\t\t\t\t\t\t<section>\n<div>\n<div>\n<p><span style=\"color: var( --e-global-color-text ); font-family: var( --e-global-typography-text-font-family ), Sans-serif; font-size: 16px;\">De conformidad con el art. 13 del Reglamento UE 679\/16 se le facilita la siguiente informaci\u00f3n sobre el tratamiento que puede tener lugar como consecuencia de su compra en l\u00ednea en nuestro sitio web www.faresindustries.com &nbsp;y el posible registro de una cuenta personal.&nbsp;<\/span><\/p>\n<\/div>\n<\/div>\n<\/section>\n<section>\n<div>\n<div>\n<div>\n<div>\n<div>El responsable del tratamiento de los datos es Faresin Industries Spa con domicilio social y administrativo en via dell&#8217;Artigianato 36, 36042 Breganze (VI). Inscrita en el registro mercantil de Vicenza con n\u00famero de IVA y c\u00f3digo fiscal 03542090281 contactada en&nbsp;<a href=\"mailto:faresin@faresin.com\">faresin@faresin.com.<\/a><\/div>\n<div>&nbsp;<\/div>\n<div>Los datos ser\u00e1n utilizados por el titular para los siguientes fines:&nbsp;<\/div>\n<div>&#8211; Para la gesti\u00f3n de la relaci\u00f3n comercial establecida, incluido dentro de la misma el contacto con nuestra organizaci\u00f3n de ventas, como necesidad contractual;<\/div>\n<div>&#8211; Para el registro de una cuenta individual tras completar la secci\u00f3n dedicada, si no realiza una compra con el mero perfil de invitado o la comprobaci\u00f3n r\u00e1pida;<\/div>\n<div>&#8211; Para la tramitaci\u00f3n de todas las obligaciones administrativas y fiscales que de ello se deriven, como obligaci\u00f3n legal;&nbsp;<\/div>\n<div>&#8211; Para la defensa de los derechos del escritor derivados de la relaci\u00f3n contractual.<\/div><div>&#8211; opcionalmente, con su consentimiento espec\u00edfico, para suscribirse a nuestro bolet\u00edn de noticias o enviarle comunicaciones promocionales u ofertas comerciales por correo electr\u00f3nico o mensajer\u00eda instant\u00e1nea.<br><\/div>\n<div>&nbsp;<\/div>\n<div>Tenga en cuenta que los datos marcados con un * (asterisco) son obligatorios para poder beneficiarse de los servicios que pretende solicitar; si no se cumplimentan, puede que no sea posible prestarle dichos servicios y que los datos en s\u00ed no se adquieran. Rellenar los dem\u00e1s datos del formulario es opcional y usted es libre de decidir si los rellena o no.<\/div>\n<div>&nbsp;<\/div>\n<div>Los datos que haya comunicado podr\u00e1n ser comunicados a los empleados del responsable del tratamiento que participen en la ejecuci\u00f3n de los servicios que haya solicitado y a los terceros que participen en la ejecuci\u00f3n de las mismas actividades en calidad de encargados del tratamiento.&nbsp;<\/div>\n<div>Los datos de los formularios podr\u00e1n ser comunicados a nuestra organizaci\u00f3n de ventas para los fines indicados o podr\u00e1n ser comunicados a terceros si ello es necesario para la prestaci\u00f3n de los servicios solicitados.&nbsp;<\/div>\n<div>&nbsp;<\/div>\n<div>Los datos tambi\u00e9n pueden comunicarse a (a) las partes que prestan servicios de gesti\u00f3n, contabilidad o fiscales a nuestra empresa, en su calidad de encargados del tratamiento de datos; (b) las partes a las que la ley obliga a revelar informaci\u00f3n; (c) entidades bancarias para la gesti\u00f3n de los pagos; d) &nbsp;compa\u00f1\u00edas de seguros y\/o de cobro de deudas; e) transportistas a los que se asigne el servicio de transporte.<\/div>\n<div>&nbsp;<\/div>\n<div>&nbsp;Los datos se conservar\u00e1n hasta que finalicen los servicios solicitados o se solicite su supresi\u00f3n y, en caso de exigencias organizativas o normativas, podr\u00e1n conservarse en archivos espec\u00edficos durante el plazo estrictamente necesario para estos fines.<\/div>\n<div>&nbsp;<\/div>\n<div>&nbsp;Le recordamos que puede ejercer su derecho a solicitar al responsable del tratamiento el acceso, la rectificaci\u00f3n, la supresi\u00f3n o la limitaci\u00f3n de sus datos personales y a oponerse a dicho tratamiento, as\u00ed como su derecho a la portabilidad de los datos; puede ejercer estos derechos utilizando los datos de contacto indicados anteriormente. El consentimiento otorgado podr\u00e1 revocarse en cualquier momento poni\u00e9ndose en contacto con el titular en las direcciones de correo electr\u00f3nico indicadas o utilizando los m\u00e9todos indicados por las herramientas utilizadas para el tratamiento.<\/div>\n<div>&nbsp;<\/div>\n<div>&nbsp;Asimismo, le recordamos su derecho a presentar una reclamaci\u00f3n ante la autoridad de control, en Italia representada por el Garante per la protezione dei dati personali (www.garanteprivacy.it).<\/div>\n<div>&nbsp;<\/div>\n<div>Encontrar\u00e1 m\u00e1s informaci\u00f3n sobre el responsable del tratamiento de los datos y sobre las modalidades de tratamiento resultantes de la navegaci\u00f3n por este sitio en la p\u00e1gina que presenta la<a href=\"https:\/\/www.faresindustries.com\/privacy-policy\" target=\"_blank\" rel=\"noopener\">pol\u00edtica de confidencialidad<\/a>&nbsp;<a href=\"https:\/\/www.faresindustries.com\/privacy-policy\" target=\"_blank\" rel=\"noopener\">&nbsp; .<\/a><\/div>\n<\/div>\n<\/div>\n<\/div>\n<\/div>\n<\/section>\t\t\t\t\t\t\t\t<\/div>\n\t\t\t\t<\/div>\n\t\t\t\t\t<\/div>\n\t\t<\/div>\n\t\t\t\t\t<\/div>\n\t\t<\/section>\n\t\t\t\t<\/div>\n\t\t","protected":false},"excerpt":{"rendered":"<p>Informativo Informaci\u00f3n con arreglo al art. 13 del Reglamento Europeo de Protecci\u00f3n de Datos (GDPR &#8211; EU Reg. 679\/16) De conformidad con el art. 13 del Reglamento UE 679\/16 se le facilita la siguiente informaci\u00f3n sobre el tratamiento que puede tener lugar como consecuencia de su compra en l\u00ednea en nuestro sitio web www.faresindustries.com &nbsp;y [&hellip;]<\/p>\n","protected":false},"author":1,"featured_media":0,"parent":0,"menu_order":0,"comment_status":"closed","ping_status":"closed","template":"elementor_header_footer","meta":{"footnotes":""},"class_list":["post-17857","page","type-page","status-publish","hentry"],"_links":{"self":[{"href":"https:\/\/shop.faresin.com\/es\/wp-json\/wp\/v2\/pages\/17857","targetHints":{"allow":["GET"]}}],"collection":[{"href":"https:\/\/shop.faresin.com\/es\/wp-json\/wp\/v2\/pages"}],"about":[{"href":"https:\/\/shop.faresin.com\/es\/wp-json\/wp\/v2\/types\/page"}],"author":[{"embeddable":true,"href":"https:\/\/shop.faresin.com\/es\/wp-json\/wp\/v2\/users\/1"}],"replies":[{"embeddable":true,"href":"https:\/\/shop.faresin.com\/es\/wp-json\/wp\/v2\/comments?post=17857"}],"version-history":[{"count":1,"href":"https:\/\/shop.faresin.com\/es\/wp-json\/wp\/v2\/pages\/17857\/revisions"}],"predecessor-version":[{"id":17858,"href":"https:\/\/shop.faresin.com\/es\/wp-json\/wp\/v2\/pages\/17857\/revisions\/17858"}],"wp:attachment":[{"href":"https:\/\/shop.faresin.com\/es\/wp-json\/wp\/v2\/media?parent=17857"}],"curies":[{"name":"wp","href":"https:\/\/api.w.org\/{rel}","templated":true}]}}