{"id":16816,"date":"2022-08-26T09:56:06","date_gmt":"2022-08-26T07:56:06","guid":{"rendered":"https:\/\/shop.faresin.com\/descargo-de-responsabilidad\/"},"modified":"2023-02-08T15:34:43","modified_gmt":"2023-02-08T14:34:43","slug":"descargo-de-responsabilidad","status":"publish","type":"page","link":"https:\/\/shop.faresin.com\/es\/descargo-de-responsabilidad\/","title":{"rendered":"Descargo de responsabilidad"},"content":{"rendered":"\t\t<div data-elementor-type=\"wp-page\" data-elementor-id=\"16816\" class=\"elementor elementor-16816 elementor-14023\" data-elementor-post-type=\"page\">\n\t\t\t\t\t\t<section class=\"elementor-section elementor-top-section elementor-element elementor-element-0c1285d elementor-section-boxed elementor-section-height-default elementor-section-height-default\" data-id=\"0c1285d\" data-element_type=\"section\" data-e-type=\"section\" data-settings=\"{&quot;background_background&quot;:&quot;classic&quot;}\">\n\t\t\t\t\t\t<div class=\"elementor-container elementor-column-gap-default\">\n\t\t\t\t\t<div class=\"elementor-column elementor-col-100 elementor-top-column elementor-element elementor-element-a5e6c3d\" data-id=\"a5e6c3d\" data-element_type=\"column\" data-e-type=\"column\" data-settings=\"{&quot;background_background&quot;:&quot;classic&quot;}\">\n\t\t\t<div class=\"elementor-widget-wrap elementor-element-populated\">\n\t\t\t\t\t\t<div class=\"elementor-element elementor-element-270d6d1 elementor-widget elementor-widget-heading\" data-id=\"270d6d1\" data-element_type=\"widget\" data-e-type=\"widget\" data-widget_type=\"heading.default\">\n\t\t\t\t<div class=\"elementor-widget-container\">\n\t\t\t\t\t<h1 class=\"elementor-heading-title elementor-size-default\">Descargo de responsabilidad<\/h1>\t\t\t\t<\/div>\n\t\t\t\t<\/div>\n\t\t\t\t\t<\/div>\n\t\t<\/div>\n\t\t\t\t\t<\/div>\n\t\t<\/section>\n\t\t\t\t<section class=\"elementor-section elementor-top-section elementor-element elementor-element-c6f0c1d elementor-section-boxed elementor-section-height-default elementor-section-height-default\" data-id=\"c6f0c1d\" data-element_type=\"section\" data-e-type=\"section\">\n\t\t\t\t\t\t<div class=\"elementor-container elementor-column-gap-default\">\n\t\t\t\t\t<div class=\"elementor-column elementor-col-100 elementor-top-column elementor-element elementor-element-575362e\" data-id=\"575362e\" data-element_type=\"column\" data-e-type=\"column\">\n\t\t\t<div class=\"elementor-widget-wrap elementor-element-populated\">\n\t\t\t\t\t\t<div class=\"elementor-element elementor-element-c32336a elementor-widget elementor-widget-text-editor\" data-id=\"c32336a\" data-element_type=\"widget\" data-e-type=\"widget\" data-widget_type=\"text-editor.default\">\n\t\t\t\t<div class=\"elementor-widget-container\">\n\t\t\t\t\t\t\t\t\t<section>\n<section class=\"page-article\">\n<div class=\"page-article-stack\">\n<div class=\"page-article-main\">\n<div class=\"page-article-content\">\n<h4>Notas legales y condiciones de uso<\/h4>\n<p><br><\/p>\n<p>Todos los derechos reservados. Ninguna parte de este Aviso Legal puede ser utilizada o reproducida en forma alguna sin el permiso de FARESIN INDUSTRIES s.p.a. (en adelante Faresin Industries).<\/p>\n<p>Faresin Industries no acepta ninguna reclamaci\u00f3n o solicitud de garant\u00eda con referencia al contenido de este descargo de responsabilidad o a la descripci\u00f3n de sus productos contenida en el sitio, en los folletos, documentos ilustrativos, manuales de uso y mantenimiento adoptados, o a la descripci\u00f3n de sus productos contenida en los mismos.<\/p>\n<p><br><\/p>\n<h4>Comunicaci\u00f3n sobre la informaci\u00f3n disponible en el sitio web y en la documentaci\u00f3n publicitaria<\/h4>\n<p><br><\/p>\n<p>Los usuarios del sitio propiedad de Faresin Industries y, m\u00e1s en general, todos aquellos que entren en posesi\u00f3n y vean folletos, prospectos, cat\u00e1logos, manuales de uso y mantenimiento y cualquier otra cosa divulgada por Faresin Industries, est\u00e1n autorizados a utilizar la documentaci\u00f3n t\u00e9cnica, informaci\u00f3n y datos publicados, especificaciones y datos t\u00e9cnicos, noticias, dibujos, etc. (en lo sucesivo denominados de forma acumulativa &nbsp;\u00abDocumentaci\u00f3n\u00bb) con la condici\u00f3n expresa de que: (i) las palabras &lt; copyright &nbsp;todos los derechos reservados por Faresin Industries &gt; est\u00e1n siempre presentes en cada copia; (ii) que el uso de dicha Documentaci\u00f3n se destine exclusivamente a fines informativos y no comerciales y que no se reproduzca o copie ni se publique en una red, ni siquiera en una intranet, ni se coloque en canales de comunicaci\u00f3n; (iii) y, por \u00faltimo, que los Documentos no se alteren ni modifiquen en modo alguno.<\/p>\n<p>Todos los elementos que constituyen y componen el sitio web de Industrias Faresin est\u00e1n protegidos por la ley y no pueden ser copiados ni imitados, ni siquiera parcialmente.<\/p>\n<p>Faresin Industries no asume ninguna responsabilidad, ya sea expresa o impl\u00edcita, de cualquier naturaleza, por la integridad y exactitud de cualquier informaci\u00f3n contenida y \/ o reportados en su sitio.<\/p>\n<p>El sitio web de Faresin Industries y todos los folletos, prospectos, cat\u00e1logos, manuales de uso y mantenimiento y cualquier otra cosa divulgada por Faresin Industries contienen datos, materiales, marcas e informaci\u00f3n, incluyendo, sin limitaci\u00f3n, texto, software, fotograf\u00edas, v\u00eddeos, gr\u00e1ficos, todos los cuales est\u00e1n protegidos por las leyes italianas e internacionales sobre la protecci\u00f3n de los derechos de propiedad intelectual.<\/p>\n<p><br><\/p>\n<h4>Informaci\u00f3n sobre el contenido y la documentaci\u00f3n del sitio<\/h4>\n<p><br><\/p>\n<p>Faresin Industries es una empresa que dise\u00f1a, fabrica, comercializa, vende e instala vagones mezcladores para alimentaci\u00f3n animal, manipuladores telesc\u00f3picos para la elevaci\u00f3n y manipulaci\u00f3n de diversos materiales y dispositivos de diversa \u00edndole (en lo sucesivo denominados colectivamente Maquinaria y Dispositivos).<\/p>\n<p>La maquinaria y los dispositivos de Faresin Industries se conciben, dise\u00f1an y fabrican siempre a escala industrial, sobre una base est\u00e1ndar, salvo adaptaciones y\/o producciones especiales a ra\u00edz de peticiones espec\u00edficas de los clientes.<\/p><p><br><\/p>\n<h4>Exclusi\u00f3n y exoneraci\u00f3n de responsabilidad<\/h4><p><br><\/p>\n<p>Faresin Industries recomienda a toda persona que pretenda adquirir y\/o utilizar sus M\u00e1quinas y\/o Dispositivos que examine escrupulosa y cuidadosamente la Documentaci\u00f3n presente en el sitio y en los documentos en papel y, por tanto, todas las caracter\u00edsticas t\u00e9cnicas de las M\u00e1quinas y\/o Dispositivos individuales y espec\u00edficos, expuestas -adem\u00e1s de en este sitio- en los cat\u00e1logos, folletos, manuales de uso y mantenimiento y en todos los dem\u00e1s materiales y documentos t\u00e9cnicos elaborados por Faresin Industries, con el fin de comprobar y cerciorarse de que las M\u00e1quinas y\/o Dispositivos  &nbsp;poseer las caracter\u00edsticas necesarias y adecuadas para el uso y\/o destino del comprador.  &nbsp;&nbsp;<\/p>\n<p>Por lo tanto, Faresin Industries declina toda responsabilidad por el mal funcionamiento de la maquinaria y\/o los dispositivos.  &nbsp;y\/o su reducida capacidad de uso y\/o sus diferentes prestaciones -en comparaci\u00f3n con las indicadas en la Documentaci\u00f3n y en sus propios materiales ilustrativos y\/o en sus propios manuales de uso y\/o mantenimiento- y\/o por un posible mal funcionamiento y\/o una reducida capacidad de uso y\/o por aver\u00edas, debidas a una elecci\u00f3n y\/o una valoraci\u00f3n err\u00f3neas por parte del cliente\/usuario.<\/p>\n<p>Asimismo, Faresin Industries declina toda responsabilidad por los da\u00f1os, de cualquier tipo, que puedan, directa o indirectamente, causarse a personas o cosas, como consecuencia de una elecci\u00f3n incorrecta por parte del cliente\/usuario, o del incumplimiento de todas las prescripciones indicadas en la Documentaci\u00f3n y en los manuales de uso y mantenimiento, relativas, en particular, a las advertencias sobre la instalaci\u00f3n,  &nbsp;puesta en marcha, utilizaci\u00f3n y mantenimiento de sus M\u00e1quinas y\/o Dispositivos.<\/p>\n<p>Faresin Industries le invita a utilizar la Maquinaria y\/o Dispositivos \u00fanica y exclusivamente tras haber examinado detenidamente los manuales de uso y mantenimiento y dem\u00e1s documentos t\u00e9cnicos que los acompa\u00f1an, as\u00ed como  &nbsp;acceder y utilizar las M\u00e1quinas y\/o Dispositivos \u00fanica y exclusivamente dentro de los l\u00edmites indicados en la Documentaci\u00f3n, dado que su uso debe estar reservado a personal experto, autorizado para utilizar este tipo de m\u00e1quinas y dispositivos, mayor de 18 a\u00f1os, en condiciones psicof\u00edsicas adecuadas y no en estado de alteraci\u00f3n debido a la asunci\u00f3n o uso de alcohol, sustancias embriagantes o estupefacientes, psicotr\u00f3picos, etc&#8230;&#8230; Las m\u00e1quinas y\/o dispositivos s\u00f3lo podr\u00e1n ser utilizados por un operador a la vez, el cual, antes de ponerlos en marcha y, por tanto, de iniciar su funcionamiento, deber\u00e1 comprobar que no hay personas ni animales en las proximidades y que se han realizado las operaciones de mantenimiento prescritas por los manuales de uso y mantenimiento.<\/p>\n<p>Faresin Industries &nbsp;subraya que las ventajas o desventajas de &nbsp;utilizando  &nbsp;de las M\u00e1quinas y\/o Dispositivos fabricados por ella pueden ser evaluados de forma cr\u00edtica y completa \u00fanica y exclusivamente a trav\u00e9s de las inspecciones, an\u00e1lisis y pruebas realizadas por los propios compradores\/usuarios, ya que s\u00f3lo \u00e9stos est\u00e1n en condiciones de conocer sus necesidades reales, especialmente en lo que se refiere a operatividad, seguridad, fiabilidad duraci\u00f3n, condiciones de uso, prestaciones, normas, as\u00ed como para cumplir los requisitos establecidos por las normas, prescripciones t\u00e9cnicas, est\u00e1ndares, costumbres locales, o impuestos o sugeridos por condiciones de uso particulares o inusuales, debidas a condiciones clim\u00e1ticas y\/o atmosf\u00e9ricas particulares (a t\u00edtulo meramente enunciativo, y por tanto no exhaustivo, temperaturas m\u00e1s bajas  &nbsp;a &#8211; 20\u00b0 C &nbsp;o por encima de 40\u00b0 C , &#8211; escala internacional Celsius &#8211; humedad elevada &nbsp;, lugares polvorientos &nbsp;, climas salinos &nbsp;, tormentas electromagn\u00e9ticas, &nbsp;presencia de sustancias corrosivas, etc&#8230;.) y lugares insalubres.<\/p>\n<p>Las M\u00e1quinas y\/o Dispositivos pueden tener limitaciones de uso, por lo que le rogamos consulte la Documentaci\u00f3n, folletos, material ilustrativo, manuales de uso y mantenimiento para saber para qu\u00e9 usos est\u00e1n destinados. En cualquier caso, las M\u00e1quinas y\/o Dispositivos s\u00f3lo podr\u00e1n circular por la v\u00eda p\u00fablica si han sido previamente homologadas para este tipo de circulaci\u00f3n, debiendo en todo caso ser utilizadas \u00fanica y exclusivamente en zonas adecuadamente ventiladas, y si han sido sometidas al mantenimiento peri\u00f3dico previsto en los manuales de uso y mantenimiento.<\/p>\n<p>De ello se desprende que Faresin Industries declina toda responsabilidad  &nbsp;si,  &nbsp;en violaci\u00f3n de lo anterior, se insertan Maquinaria y\/o Dispositivos y\/o  &nbsp;colocados en l\u00edneas de producci\u00f3n o utilizados en condiciones inusuales o no conformes con las caracter\u00edsticas t\u00e9cnicas y m\u00e9todos de uso sugeridos por Faresin Industries y\/o contenidos  &nbsp;en  &nbsp;.  &nbsp;  y\/o  &nbsp;en los folletos y \/ o &nbsp;en el &nbsp;diversos materiales &nbsp;ilustrativos de &nbsp;Faresin Industries, incluidos los manuales de uso y mantenimiento, o, de nuevo, no en conformidad con las leyes y \/ o normas t\u00e9cnicas, las costumbres o lo que es sugerido por la experiencia com\u00fan.<\/p>\n<p>Esta exenci\u00f3n de responsabilidad se refiere tanto a la responsabilidad frente a terceros, de acuerdo con la legislaci\u00f3n mundial sobre responsabilidad por productos defectuosos, como en t\u00e9rminos de garant\u00eda y responsabilidad contractual.<\/p><p><br><\/p>\n<h4>Otras disposiciones<\/h4><p><br><\/p>\n<p>Compradores\/usuarios de maquinaria y\/o dispositivos fabricados por Faresin Industries  &nbsp;est\u00e1n obligados a efectuar, bajo su responsabilidad directa y a sus expensas, los controles, ensayos, verificaciones y, en su caso, pruebas t\u00e9cnicas de funcionamiento necesarios y apropiados, con el fin de comprobar la conformidad de la Maquinaria y de los Dispositivos  &nbsp;comprados con respecto a sus necesidades y\/o requisitos, y, m\u00e1s en general, a  &nbsp;lo indicado en el sitio web de Faresin Industries, en la Documentaci\u00f3n y materiales ilustrativos y en los manuales de uso y mantenimiento que acompa\u00f1an a las M\u00e1quinas y Dispositivos.<br>Todos los datos e informaciones de car\u00e1cter t\u00e9cnico suministrados por Faresin Industries son el resultado de controles, pruebas, verificaciones y ensayos t\u00e9cnicos de funcionamiento realizados por su personal, utilizando la tecnicidad y los par\u00e1metros prescritos y\/o sugeridos por la experiencia, las normas t\u00e9cnicas y las mejores pr\u00e1cticas.<br>Toda la maquinaria y dispositivos dise\u00f1ados y fabricados por Faresin Industries han sido concebidos, dise\u00f1ados y fabricados para una variedad de usos, pero no han sido concebidos, dise\u00f1ados o fabricados para causar da\u00f1os a personas o bienes.<br>La Maquinaria y los Dispositivos no podr\u00e1n utilizarse para fines il\u00edcitos o distintos de los indicados en el sitio y\/o en los documentos ilustrativos, folletos, materiales ilustrativos y manuales de uso y mantenimiento adoptados por Faresin Industries.<br>En ning\u00fan caso Faresin Industries ser\u00e1 responsable de cualquier da\u00f1o directo o indirecto, aunque sea accidental, o de los llamados da\u00f1os punitivos, como resultado de o en conexi\u00f3n con el uso de su Maquinaria y\/o Dispositivos.<\/p>\n<p>Faresin Industries no acepta ninguna reclamaci\u00f3n o solicitud de garant\u00eda con referencia al contenido de este Descargo de responsabilidad o a la descripci\u00f3n de las M\u00e1quinas y\/o Dispositivos &nbsp;contenidos en su sitio web, Documentaci\u00f3n, folletos, manuales de uso y mantenimiento &nbsp;o a la descripci\u00f3n de las M\u00e1quinas y Dispositivos contenidos en los mismos.<\/p>\n<p>La invalidez o ineficacia de una o varias disposiciones del presente Descargo de Responsabilidad no afectar\u00e1 a la validez y eficacia de las dem\u00e1s disposiciones.<\/p>\n<p>En tal caso, toda disposici\u00f3n o cl\u00e1usula inv\u00e1lida o ineficaz ser\u00e1 sustituida por otra v\u00e1lida y eficaz que alcance, en la medida de lo posible, los mismos resultados y la misma intenci\u00f3n de Faresin Industries s.p.a..<\/p>\n<\/div>\n<\/div>\n<\/div>\n<\/section>\n<section class=\"page-article\">\n<div class=\"page-article-stack\">\n<div class=\"page-article-main\">\n<div class=\"page-article-content\">&nbsp;<\/div>\n<\/div>\n<\/div>\n<\/section>\n<\/section>\t\t\t\t\t\t\t\t<\/div>\n\t\t\t\t<\/div>\n\t\t\t\t\t<\/div>\n\t\t<\/div>\n\t\t\t\t\t<\/div>\n\t\t<\/section>\n\t\t\t\t<\/div>\n\t\t","protected":false},"excerpt":{"rendered":"<p>Descargo de responsabilidad Notas legales y condiciones de uso Todos los derechos reservados. Ninguna parte de este Aviso Legal puede ser utilizada o reproducida en forma alguna sin el permiso de FARESIN INDUSTRIES s.p.a. (en adelante Faresin Industries). Faresin Industries no acepta ninguna reclamaci\u00f3n o solicitud de garant\u00eda con referencia al contenido de este descargo [&hellip;]<\/p>\n","protected":false},"author":1,"featured_media":0,"parent":0,"menu_order":0,"comment_status":"closed","ping_status":"closed","template":"elementor_header_footer","meta":{"footnotes":""},"class_list":["post-16816","page","type-page","status-publish","hentry"],"_links":{"self":[{"href":"https:\/\/shop.faresin.com\/es\/wp-json\/wp\/v2\/pages\/16816","targetHints":{"allow":["GET"]}}],"collection":[{"href":"https:\/\/shop.faresin.com\/es\/wp-json\/wp\/v2\/pages"}],"about":[{"href":"https:\/\/shop.faresin.com\/es\/wp-json\/wp\/v2\/types\/page"}],"author":[{"embeddable":true,"href":"https:\/\/shop.faresin.com\/es\/wp-json\/wp\/v2\/users\/1"}],"replies":[{"embeddable":true,"href":"https:\/\/shop.faresin.com\/es\/wp-json\/wp\/v2\/comments?post=16816"}],"version-history":[{"count":1,"href":"https:\/\/shop.faresin.com\/es\/wp-json\/wp\/v2\/pages\/16816\/revisions"}],"predecessor-version":[{"id":16817,"href":"https:\/\/shop.faresin.com\/es\/wp-json\/wp\/v2\/pages\/16816\/revisions\/16817"}],"wp:attachment":[{"href":"https:\/\/shop.faresin.com\/es\/wp-json\/wp\/v2\/media?parent=16816"}],"curies":[{"name":"wp","href":"https:\/\/api.w.org\/{rel}","templated":true}]}}