{"id":16607,"date":"2022-03-09T10:33:05","date_gmt":"2022-03-09T09:33:05","guid":{"rendered":"https:\/\/shop.faresin.com\/empresa\/"},"modified":"2022-12-19T10:32:41","modified_gmt":"2022-12-19T09:32:41","slug":"empresa","status":"publish","type":"page","link":"https:\/\/shop.faresin.com\/es\/empresa\/","title":{"rendered":"Empresa"},"content":{"rendered":"\t\t<div data-elementor-type=\"wp-page\" data-elementor-id=\"16607\" class=\"elementor elementor-16607 elementor-16492\" data-elementor-post-type=\"page\">\n\t\t\t\t\t\t<section class=\"elementor-section elementor-top-section elementor-element elementor-element-7b377774 elementor-section-boxed elementor-section-height-default elementor-section-height-default\" data-id=\"7b377774\" data-element_type=\"section\" data-e-type=\"section\">\n\t\t\t\t\t\t<div class=\"elementor-container elementor-column-gap-default\">\n\t\t\t\t\t<div class=\"elementor-column elementor-col-100 elementor-top-column elementor-element elementor-element-64dc47e1\" data-id=\"64dc47e1\" data-element_type=\"column\" data-e-type=\"column\">\n\t\t\t<div class=\"elementor-widget-wrap elementor-element-populated\">\n\t\t\t\t\t\t<div class=\"elementor-element elementor-element-5731108 elementor-widget-divider--view-line elementor-widget elementor-widget-divider\" data-id=\"5731108\" data-element_type=\"widget\" data-e-type=\"widget\" data-widget_type=\"divider.default\">\n\t\t\t\t<div class=\"elementor-widget-container\">\n\t\t\t\t\t\t\t<div class=\"elementor-divider\">\n\t\t\t<span class=\"elementor-divider-separator\">\n\t\t\t\t\t\t<\/span>\n\t\t<\/div>\n\t\t\t\t\t\t<\/div>\n\t\t\t\t<\/div>\n\t\t\t\t<div class=\"elementor-element elementor-element-c803721 elementor-widget elementor-widget-heading\" data-id=\"c803721\" data-element_type=\"widget\" data-e-type=\"widget\" data-widget_type=\"heading.default\">\n\t\t\t\t<div class=\"elementor-widget-container\">\n\t\t\t\t\t<h2 class=\"elementor-heading-title elementor-size-default\">Qui\u00e9nes Somos<\/h2>\t\t\t\t<\/div>\n\t\t\t\t<\/div>\n\t\t\t\t<div class=\"elementor-element elementor-element-18600c7 elementor-widget elementor-widget-text-editor\" data-id=\"18600c7\" data-element_type=\"widget\" data-e-type=\"widget\" data-widget_type=\"text-editor.default\">\n\t\t\t\t<div class=\"elementor-widget-container\">\n\t\t\t\t\t\t\t\t\t<p>Faresin Industries, con sede en Breganze (VI), dise\u00f1a, produce y comercializa carros mezcladores e instrumentos para el an\u00e1lisis de la raci\u00f3n para el sector ganadero, as\u00ed como manipuladores telesc\u00f3picos para uso agr\u00edcola e industrial. La empresa, fundada en 1973 por el actual Presidente Sante Faresin, une la tradici\u00f3n de una s\u00f3lida direcci\u00f3n familiar al dinamismo de un grupo internacional presente a nivel global gracias a una extensa red de filiales, distribuidores y puntos de venta.<\/p>\n\t\t\t\t\t\t\t\t<\/div>\n\t\t\t\t<\/div>\n\t\t\t\t<div class=\"elementor-element elementor-element-57a0629 elementor-widget elementor-widget-heading\" data-id=\"57a0629\" data-element_type=\"widget\" data-e-type=\"widget\" data-widget_type=\"heading.default\">\n\t\t\t\t<div class=\"elementor-widget-container\">\n\t\t\t\t\t<h2 class=\"elementor-heading-title elementor-size-default\">Misi\u00f3n Y Visi\u00f3n<\/h2>\t\t\t\t<\/div>\n\t\t\t\t<\/div>\n\t\t\t\t<div class=\"elementor-element elementor-element-3d0f5a0 elementor-widget elementor-widget-text-editor\" data-id=\"3d0f5a0\" data-element_type=\"widget\" data-e-type=\"widget\" data-widget_type=\"text-editor.default\">\n\t\t\t\t<div class=\"elementor-widget-container\">\n\t\t\t\t\t\t\t\t\t<p>Innovaci\u00f3n al servicio del trabajo cotidiano de nuestros clientes. Una misi\u00f3n que se ha iniciado hace 50 a\u00f1os gracias a la voluntad de desarrollar, producir y comercializar en todo el mundo m\u00e1quinas tecnol\u00f3gicamente avanzadas para el sector agr\u00edcola, ganadero, industrial y de la construcci\u00f3n. Todas nuestras actividades, desde el dise\u00f1o hasta el servicio posventa, est\u00e1n orientadas a hacer cada vez m\u00e1s seguro, eficiente y simple el trabajo de nuestros clientes.<\/p>\n<p>La mirada dirigida a objetivos y ambiciones para el futuro, las ra\u00edces bien s\u00f3lidas mantenidas en los valores de nuestro pasado. Faresin Industries es una empresa con vocaci\u00f3n internacional que en el curso del tiempo se ha estructurado y ha crecido en todo el mundo, pero siempre ha mantenido la gesti\u00f3n de una familia fuertemente ligada a su territorio de origen. La decisi\u00f3n de mantener en Breganze la sede y los establecimientos productivos est\u00e1 orientada a otorgar un importante valor agregado al tejido socio-econ\u00f3mico local, proyectando las excelencias en la escena de los mercados globales. Estamos convencidos de que son las personas las que marcan la diferencia, por eso damos prioridad a la formaci\u00f3n de nuestros empleados y al establecimiento de s\u00f3lidas relaciones de confianza con socios, clientes y proveedores.<\/p>\n\t\t\t\t\t\t\t\t<\/div>\n\t\t\t\t<\/div>\n\t\t\t\t<div class=\"elementor-element elementor-element-48d57b3 elementor-widget elementor-widget-button\" data-id=\"48d57b3\" data-element_type=\"widget\" data-e-type=\"widget\" data-widget_type=\"button.default\">\n\t\t\t\t<div class=\"elementor-widget-container\">\n\t\t\t\t\t\t\t\t\t<div class=\"elementor-button-wrapper\">\n\t\t\t\t\t<a class=\"elementor-button elementor-button-link elementor-size-md\" href=\"https:\/\/www.faresin.com\" target=\"_blank\" rel=\"noopener\">\n\t\t\t\t\t\t<span class=\"elementor-button-content-wrapper\">\n\t\t\t\t\t\t\t\t\t<span class=\"elementor-button-text\">M\u00e1s informaci\u00f3n en faresin.com<\/span>\n\t\t\t\t\t<\/span>\n\t\t\t\t\t<\/a>\n\t\t\t\t<\/div>\n\t\t\t\t\t\t\t\t<\/div>\n\t\t\t\t<\/div>\n\t\t\t\t\t<\/div>\n\t\t<\/div>\n\t\t\t\t\t<\/div>\n\t\t<\/section>\n\t\t\t\t<\/div>\n\t\t","protected":false},"excerpt":{"rendered":"<p>Home Qui\u00e9nes Somos Faresin Industries, con sede en Breganze (VI), dise\u00f1a, produce y comercializa carros mezcladores e instrumentos para el an\u00e1lisis de la raci\u00f3n para el sector ganadero, as\u00ed como manipuladores telesc\u00f3picos para uso agr\u00edcola e industrial. La empresa, fundada en 1973 por el actual Presidente Sante Faresin, une la tradici\u00f3n de una s\u00f3lida direcci\u00f3n [&hellip;]<\/p>\n","protected":false},"author":1,"featured_media":0,"parent":0,"menu_order":0,"comment_status":"closed","ping_status":"closed","template":"elementor_header_footer","meta":{"footnotes":""},"class_list":["post-16607","page","type-page","status-publish","hentry"],"_links":{"self":[{"href":"https:\/\/shop.faresin.com\/es\/wp-json\/wp\/v2\/pages\/16607","targetHints":{"allow":["GET"]}}],"collection":[{"href":"https:\/\/shop.faresin.com\/es\/wp-json\/wp\/v2\/pages"}],"about":[{"href":"https:\/\/shop.faresin.com\/es\/wp-json\/wp\/v2\/types\/page"}],"author":[{"embeddable":true,"href":"https:\/\/shop.faresin.com\/es\/wp-json\/wp\/v2\/users\/1"}],"replies":[{"embeddable":true,"href":"https:\/\/shop.faresin.com\/es\/wp-json\/wp\/v2\/comments?post=16607"}],"version-history":[{"count":4,"href":"https:\/\/shop.faresin.com\/es\/wp-json\/wp\/v2\/pages\/16607\/revisions"}],"predecessor-version":[{"id":16737,"href":"https:\/\/shop.faresin.com\/es\/wp-json\/wp\/v2\/pages\/16607\/revisions\/16737"}],"wp:attachment":[{"href":"https:\/\/shop.faresin.com\/es\/wp-json\/wp\/v2\/media?parent=16607"}],"curies":[{"name":"wp","href":"https:\/\/api.w.org\/{rel}","templated":true}]}}