{"id":16363,"date":"2022-05-18T15:06:34","date_gmt":"2022-05-18T13:06:34","guid":{"rendered":"https:\/\/shop.faresin.com\/carro\/"},"modified":"2022-12-19T11:48:34","modified_gmt":"2022-12-19T10:48:34","slug":"carro","status":"publish","type":"page","link":"https:\/\/shop.faresin.com\/es\/carro\/","title":{"rendered":"Carro"},"content":{"rendered":"\t\t<div data-elementor-type=\"wp-page\" data-elementor-id=\"16363\" class=\"elementor elementor-16363 elementor-3766\" data-elementor-post-type=\"page\">\n\t\t\t\t\t\t<section class=\"elementor-section elementor-top-section elementor-element elementor-element-937d209 elementor-section-boxed elementor-section-height-default elementor-section-height-default\" data-id=\"937d209\" data-element_type=\"section\" data-e-type=\"section\">\n\t\t\t\t\t\t<div class=\"elementor-container elementor-column-gap-default\">\n\t\t\t\t\t<div class=\"elementor-column elementor-col-100 elementor-top-column elementor-element elementor-element-653923ff\" data-id=\"653923ff\" data-element_type=\"column\" data-e-type=\"column\">\n\t\t\t<div class=\"elementor-widget-wrap elementor-element-populated\">\n\t\t\t\t\t\t\t<\/div>\n\t\t<\/div>\n\t\t\t\t\t<\/div>\n\t\t<\/section>\n\t\t\t\t<\/div>\n\t\t","protected":false},"excerpt":{"rendered":"<p>Rimuovi articolo Miniatura immagine Prodotto Prezzo Quantit\u00e0 Subtotale &times; GIUBBOTTO GRIGIO &euro;57,38 GIUBBOTTO GRIGIO quantit\u00e0 &euro;57,38 (IVA escl.) A\u00f1adir c\u00f3digo de descuento Total Subtotale &euro;57,38 (IVA escl.) Spedizione Tariffa unica: &euro;7,00 (IVA escl.) Spedizione a VICENZA. Modifica indirizzo Paese\/regione: Seleziona un Paese\/una regione\u2026AfghanistanAlbaniaAlgeriaAmerican SamoaAndorraAngolaAnguillaAntartideAntigua e BarbudaArabia SauditaArgentinaArmeniaArubaAustraliaAustriaAzerbaijanBahamasBahrainBangladeshBarbadosBelauBelgioBelizeBeninBermudaBhutanBielorussiaBirmaniaBoliviaBonaire, Saint Eustatius e SabaBosnia-ErzegovinaBotswanaBrasileBruneiBulgariaBurkina FasoBurundiCambogiaCamerunCanadaCapo VerdeCiadCileCinaCiproColombiaComoreCongo (Brazzaville)Congo (Kinshasa)Corea [&hellip;]<\/p>\n","protected":false},"author":1,"featured_media":0,"parent":0,"menu_order":0,"comment_status":"closed","ping_status":"closed","template":"elementor_header_footer","meta":{"footnotes":""},"class_list":["post-16363","page","type-page","status-publish","hentry"],"_links":{"self":[{"href":"https:\/\/shop.faresin.com\/es\/wp-json\/wp\/v2\/pages\/16363","targetHints":{"allow":["GET"]}}],"collection":[{"href":"https:\/\/shop.faresin.com\/es\/wp-json\/wp\/v2\/pages"}],"about":[{"href":"https:\/\/shop.faresin.com\/es\/wp-json\/wp\/v2\/types\/page"}],"author":[{"embeddable":true,"href":"https:\/\/shop.faresin.com\/es\/wp-json\/wp\/v2\/users\/1"}],"replies":[{"embeddable":true,"href":"https:\/\/shop.faresin.com\/es\/wp-json\/wp\/v2\/comments?post=16363"}],"version-history":[{"count":2,"href":"https:\/\/shop.faresin.com\/es\/wp-json\/wp\/v2\/pages\/16363\/revisions"}],"predecessor-version":[{"id":16749,"href":"https:\/\/shop.faresin.com\/es\/wp-json\/wp\/v2\/pages\/16363\/revisions\/16749"}],"wp:attachment":[{"href":"https:\/\/shop.faresin.com\/es\/wp-json\/wp\/v2\/media?parent=16363"}],"curies":[{"name":"wp","href":"https:\/\/api.w.org\/{rel}","templated":true}]}}