{"id":18726,"date":"2025-01-13T10:12:29","date_gmt":"2025-01-13T09:12:29","guid":{"rendered":"https:\/\/shop.faresin.com\/prodotto\/schwarzes-fs-t-shirt-6-26\/"},"modified":"2025-01-13T10:12:29","modified_gmt":"2025-01-13T09:12:29","slug":"schwarzes-fs-t-shirt-6-26","status":"publish","type":"product","link":"https:\/\/shop.faresin.com\/de\/prodotto\/schwarzes-fs-t-shirt-6-26\/","title":{"rendered":"SCHWARZES FS T-SHIRT 6.26"},"content":{"rendered":"","protected":false},"excerpt":{"rendered":"<p>T-Shirt mit Rundhalsausschnitt aus 100% Baumwolle, mit geripptem Kragen und Elastan f\u00fcr eine bequeme und dauerhafte Passform. Exklusives Design f\u00fcr den FS 6.26 Heber, f\u00fcr jede Gelegenheit. <\/p>\n","protected":false},"featured_media":18659,"template":"","meta":[],"product_brand":[],"product_cat":[187],"product_tag":[],"class_list":{"0":"post-18726","1":"product","2":"type-product","3":"status-publish","4":"has-post-thumbnail","6":"product_cat-t-shirt-de","8":"first","9":"instock","10":"taxable","11":"shipping-taxable","12":"purchasable","13":"product-type-variable"},"_links":{"self":[{"href":"https:\/\/shop.faresin.com\/de\/wp-json\/wp\/v2\/product\/18726","targetHints":{"allow":["GET"]}}],"collection":[{"href":"https:\/\/shop.faresin.com\/de\/wp-json\/wp\/v2\/product"}],"about":[{"href":"https:\/\/shop.faresin.com\/de\/wp-json\/wp\/v2\/types\/product"}],"wp:featuredmedia":[{"embeddable":true,"href":"https:\/\/shop.faresin.com\/de\/wp-json\/wp\/v2\/media\/18659"}],"wp:attachment":[{"href":"https:\/\/shop.faresin.com\/de\/wp-json\/wp\/v2\/media?parent=18726"}],"wp:term":[{"taxonomy":"product_brand","embeddable":true,"href":"https:\/\/shop.faresin.com\/de\/wp-json\/wp\/v2\/product_brand?post=18726"},{"taxonomy":"product_cat","embeddable":true,"href":"https:\/\/shop.faresin.com\/de\/wp-json\/wp\/v2\/product_cat?post=18726"},{"taxonomy":"product_tag","embeddable":true,"href":"https:\/\/shop.faresin.com\/de\/wp-json\/wp\/v2\/product_tag?post=18726"}],"curies":[{"name":"wp","href":"https:\/\/api.w.org\/{rel}","templated":true}]}}