{"id":18673,"date":"2025-01-13T10:43:36","date_gmt":"2025-01-13T09:43:36","guid":{"rendered":"https:\/\/shop.faresin.com\/prodotto\/fs-schwarzes-kinder-t-shirt-6-26\/"},"modified":"2025-01-13T10:43:36","modified_gmt":"2025-01-13T09:43:36","slug":"fs-schwarzes-kinder-t-shirt-6-26","status":"publish","type":"product","link":"https:\/\/shop.faresin.com\/de\/prodotto\/fs-schwarzes-kinder-t-shirt-6-26\/","title":{"rendered":"FS SCHWARZES KINDER-T-SHIRT 6.26"},"content":{"rendered":"","protected":false},"excerpt":{"rendered":"<p>T-Shirt mit Rundhalsausschnitt aus 100% Baumwolle, mit geripptem Kragen und Elastan f\u00fcr eine bequeme und dauerhafte Passform. Exklusives Design f\u00fcr den FS 6.26 Heber, f\u00fcr jede Gelegenheit. <\/p>\n","protected":false},"featured_media":18659,"template":"","meta":[],"product_brand":[],"product_cat":[187],"product_tag":[],"class_list":{"0":"post-18673","1":"product","2":"type-product","3":"status-publish","4":"has-post-thumbnail","6":"product_cat-t-shirt-de","8":"first","9":"instock","10":"taxable","11":"shipping-taxable","12":"purchasable","13":"product-type-variable"},"_links":{"self":[{"href":"https:\/\/shop.faresin.com\/de\/wp-json\/wp\/v2\/product\/18673","targetHints":{"allow":["GET"]}}],"collection":[{"href":"https:\/\/shop.faresin.com\/de\/wp-json\/wp\/v2\/product"}],"about":[{"href":"https:\/\/shop.faresin.com\/de\/wp-json\/wp\/v2\/types\/product"}],"wp:featuredmedia":[{"embeddable":true,"href":"https:\/\/shop.faresin.com\/de\/wp-json\/wp\/v2\/media\/18659"}],"wp:attachment":[{"href":"https:\/\/shop.faresin.com\/de\/wp-json\/wp\/v2\/media?parent=18673"}],"wp:term":[{"taxonomy":"product_brand","embeddable":true,"href":"https:\/\/shop.faresin.com\/de\/wp-json\/wp\/v2\/product_brand?post=18673"},{"taxonomy":"product_cat","embeddable":true,"href":"https:\/\/shop.faresin.com\/de\/wp-json\/wp\/v2\/product_cat?post=18673"},{"taxonomy":"product_tag","embeddable":true,"href":"https:\/\/shop.faresin.com\/de\/wp-json\/wp\/v2\/product_tag?post=18673"}],"curies":[{"name":"wp","href":"https:\/\/api.w.org\/{rel}","templated":true}]}}