{"id":17970,"date":"2023-06-14T15:58:18","date_gmt":"2023-06-14T13:58:18","guid":{"rendered":"https:\/\/shop.faresin.com\/?post_type=product&#038;p=17970"},"modified":"2024-08-19T08:35:11","modified_gmt":"2024-08-19T06:35:11","slug":"soft-shell","status":"publish","type":"product","link":"https:\/\/shop.faresin.com\/de\/prodotto\/soft-shell\/","title":{"rendered":"SOFT SHELL"},"content":{"rendered":"","protected":false},"excerpt":{"rendered":"<p>Weiche, wasserdichte schwarze Jacke mit Polyesterwattierung. Graue Rei\u00dfverschl\u00fcsse, gepolsterte Kapuze und drei Rei\u00dfverschlusstaschen. Faresin Logo auf der linken Seite gestickt.<\/p>\n","protected":false},"featured_media":18158,"template":"","meta":[],"product_brand":[],"product_cat":[191],"product_tag":[],"class_list":{"0":"post-17970","1":"product","2":"type-product","3":"status-publish","4":"has-post-thumbnail","6":"product_cat-jacke","8":"first","9":"instock","10":"taxable","11":"shipping-taxable","12":"purchasable","13":"product-type-variable"},"_links":{"self":[{"href":"https:\/\/shop.faresin.com\/de\/wp-json\/wp\/v2\/product\/17970","targetHints":{"allow":["GET"]}}],"collection":[{"href":"https:\/\/shop.faresin.com\/de\/wp-json\/wp\/v2\/product"}],"about":[{"href":"https:\/\/shop.faresin.com\/de\/wp-json\/wp\/v2\/types\/product"}],"wp:featuredmedia":[{"embeddable":true,"href":"https:\/\/shop.faresin.com\/de\/wp-json\/wp\/v2\/media\/18158"}],"wp:attachment":[{"href":"https:\/\/shop.faresin.com\/de\/wp-json\/wp\/v2\/media?parent=17970"}],"wp:term":[{"taxonomy":"product_brand","embeddable":true,"href":"https:\/\/shop.faresin.com\/de\/wp-json\/wp\/v2\/product_brand?post=17970"},{"taxonomy":"product_cat","embeddable":true,"href":"https:\/\/shop.faresin.com\/de\/wp-json\/wp\/v2\/product_cat?post=17970"},{"taxonomy":"product_tag","embeddable":true,"href":"https:\/\/shop.faresin.com\/de\/wp-json\/wp\/v2\/product_tag?post=17970"}],"curies":[{"name":"wp","href":"https:\/\/api.w.org\/{rel}","templated":true}]}}