{"id":15991,"date":"2022-06-27T17:38:39","date_gmt":"2022-06-27T15:38:39","guid":{"rendered":"https:\/\/shop.faresin.com\/prodotto\/man-sweatshirt\/"},"modified":"2024-08-19T10:13:33","modified_gmt":"2024-08-19T08:13:33","slug":"herren-sweatshirt-mit-gaze","status":"publish","type":"product","link":"https:\/\/shop.faresin.com\/de\/prodotto\/herren-sweatshirt-mit-gaze\/","title":{"rendered":"HENNER-SWEATSHIRT MIT GAZE"},"content":{"rendered":"","protected":false},"excerpt":{"rendered":"<p>Blaues Sweatshirt f\u00fcr M\u00e4nner mit Gaze f\u00fcr die \u00dcbergangszeit. Zwei praktische Taschen und ein Rei\u00dfverschluss machen sie sowohl f\u00fcr die Arbeit als auch f\u00fcr die Freizeit nutzbar. Gummiz\u00fcge an der Taille und an den \u00c4rmelb\u00fcndchen erh\u00f6hen den Tragekomfort des Sweatshirts.<\/p>\n","protected":false},"featured_media":18211,"template":"","meta":[],"product_brand":[],"product_cat":[182],"product_tag":[],"class_list":{"0":"post-15991","1":"product","2":"type-product","3":"status-publish","4":"has-post-thumbnail","6":"product_cat-sweatshirt","8":"first","9":"instock","10":"taxable","11":"shipping-taxable","12":"purchasable","13":"product-type-variable"},"_links":{"self":[{"href":"https:\/\/shop.faresin.com\/de\/wp-json\/wp\/v2\/product\/15991","targetHints":{"allow":["GET"]}}],"collection":[{"href":"https:\/\/shop.faresin.com\/de\/wp-json\/wp\/v2\/product"}],"about":[{"href":"https:\/\/shop.faresin.com\/de\/wp-json\/wp\/v2\/types\/product"}],"wp:featuredmedia":[{"embeddable":true,"href":"https:\/\/shop.faresin.com\/de\/wp-json\/wp\/v2\/media\/18211"}],"wp:attachment":[{"href":"https:\/\/shop.faresin.com\/de\/wp-json\/wp\/v2\/media?parent=15991"}],"wp:term":[{"taxonomy":"product_brand","embeddable":true,"href":"https:\/\/shop.faresin.com\/de\/wp-json\/wp\/v2\/product_brand?post=15991"},{"taxonomy":"product_cat","embeddable":true,"href":"https:\/\/shop.faresin.com\/de\/wp-json\/wp\/v2\/product_cat?post=15991"},{"taxonomy":"product_tag","embeddable":true,"href":"https:\/\/shop.faresin.com\/de\/wp-json\/wp\/v2\/product_tag?post=15991"}],"curies":[{"name":"wp","href":"https:\/\/api.w.org\/{rel}","templated":true}]}}