{"id":17853,"date":"2022-07-29T17:13:41","date_gmt":"2022-07-29T15:13:41","guid":{"rendered":"https:\/\/shop.faresin.com\/informativ\/"},"modified":"2023-02-20T14:00:26","modified_gmt":"2023-02-20T13:00:26","slug":"informativ","status":"publish","type":"page","link":"https:\/\/shop.faresin.com\/de\/informativ\/","title":{"rendered":"Informativ"},"content":{"rendered":"\t\t<div data-elementor-type=\"wp-page\" data-elementor-id=\"17853\" class=\"elementor elementor-17853 elementor-13159\" data-elementor-post-type=\"page\">\n\t\t\t\t\t\t<section class=\"elementor-section elementor-top-section elementor-element elementor-element-306f86f elementor-section-boxed elementor-section-height-default elementor-section-height-default\" data-id=\"306f86f\" data-element_type=\"section\" data-e-type=\"section\" data-settings=\"{&quot;background_background&quot;:&quot;classic&quot;}\">\n\t\t\t\t\t\t<div class=\"elementor-container elementor-column-gap-default\">\n\t\t\t\t\t<div class=\"elementor-column elementor-col-100 elementor-top-column elementor-element elementor-element-f821701\" data-id=\"f821701\" data-element_type=\"column\" data-e-type=\"column\" data-settings=\"{&quot;background_background&quot;:&quot;classic&quot;}\">\n\t\t\t<div class=\"elementor-widget-wrap elementor-element-populated\">\n\t\t\t\t\t\t<div class=\"elementor-element elementor-element-8710609 elementor-widget elementor-widget-heading\" data-id=\"8710609\" data-element_type=\"widget\" data-e-type=\"widget\" data-widget_type=\"heading.default\">\n\t\t\t\t<div class=\"elementor-widget-container\">\n\t\t\t\t\t<h1 class=\"elementor-heading-title elementor-size-default\">Informativ<\/h1>\t\t\t\t<\/div>\n\t\t\t\t<\/div>\n\t\t\t\t<div class=\"elementor-element elementor-element-ca97376 elementor-widget elementor-widget-heading\" data-id=\"ca97376\" data-element_type=\"widget\" data-e-type=\"widget\" data-widget_type=\"heading.default\">\n\t\t\t\t<div class=\"elementor-widget-container\">\n\t\t\t\t\t<h2 class=\"elementor-heading-title elementor-size-medium\">Informationen gem\u00e4\u00df Art. 13 der Europ\u00e4ischen Datenschutzverordnung (GDPR - EU Reg. 679\/16)<\/h2>\t\t\t\t<\/div>\n\t\t\t\t<\/div>\n\t\t\t\t\t<\/div>\n\t\t<\/div>\n\t\t\t\t\t<\/div>\n\t\t<\/section>\n\t\t\t\t<section class=\"elementor-section elementor-top-section elementor-element elementor-element-a2410e0 elementor-section-boxed elementor-section-height-default elementor-section-height-default\" data-id=\"a2410e0\" data-element_type=\"section\" data-e-type=\"section\">\n\t\t\t\t\t\t<div class=\"elementor-container elementor-column-gap-default\">\n\t\t\t\t\t<div class=\"elementor-column elementor-col-100 elementor-top-column elementor-element elementor-element-6995aa9\" data-id=\"6995aa9\" data-element_type=\"column\" data-e-type=\"column\">\n\t\t\t<div class=\"elementor-widget-wrap\">\n\t\t\t\t\t\t\t<\/div>\n\t\t<\/div>\n\t\t\t\t\t<\/div>\n\t\t<\/section>\n\t\t\t\t<section class=\"elementor-section elementor-top-section elementor-element elementor-element-aa05541 elementor-section-boxed elementor-section-height-default elementor-section-height-default\" data-id=\"aa05541\" data-element_type=\"section\" data-e-type=\"section\">\n\t\t\t\t\t\t<div class=\"elementor-container elementor-column-gap-default\">\n\t\t\t\t\t<div class=\"elementor-column elementor-col-100 elementor-top-column elementor-element elementor-element-324a2a0\" data-id=\"324a2a0\" data-element_type=\"column\" data-e-type=\"column\">\n\t\t\t<div class=\"elementor-widget-wrap elementor-element-populated\">\n\t\t\t\t\t\t<div class=\"elementor-element elementor-element-7714b9d elementor-widget elementor-widget-text-editor\" data-id=\"7714b9d\" data-element_type=\"widget\" data-e-type=\"widget\" data-widget_type=\"text-editor.default\">\n\t\t\t\t<div class=\"elementor-widget-container\">\n\t\t\t\t\t\t\t\t\t<section>\n<div>\n<div>\n<p><span style=\"color: var( --e-global-color-text ); font-family: var( --e-global-typography-text-font-family ), Sans-serif; font-size: 16px;\">Gem\u00e4\u00df Art. 13 der EU-Verordnung 679\/16 erhalten Sie die folgenden Informationen \u00fcber die Verarbeitung, die infolge Ihres Online-Kaufs auf unserer Website www.faresindustries.com &nbsp;und der eventuellen Registrierung eines pers\u00f6nlichen Kontos erfolgen kann.&nbsp;<\/span><\/p>\n<\/div>\n<\/div>\n<\/section>\n<section>\n<div>\n<div>\n<div>\n<div>\n<div>Der Inhaber der Datenverarbeitung ist Faresin Industries Spa mit Sitz und Verwaltung in Via dell&#8217;Artigianato 36, 36042 Breganze (VI). Eingetragen im Unternehmensregister von Vicenza mit der Umsatzsteueridentifikationsnummer und der Steuernummer 03542090281, kontaktiert unter&nbsp;<a href=\"mailto:faresin@faresin.com\">faresin@faresin.com.<\/a><\/div>\n<div>&nbsp;<\/div>\n<div>Die Daten werden vom Inhaber f\u00fcr die folgenden Zwecke verwendet:&nbsp;<\/div>\n<div>&#8211; F\u00fcr die Verwaltung der bestehenden Gesch\u00e4ftsbeziehung, einschlie\u00dflich des Kontakts mit unserer Vertriebsorganisation, die vertraglich erforderlich ist;<\/div>\n<div>&#8211; F\u00fcr die Registrierung eines individuellen Kontos nach Abschluss des entsprechenden Abschnitts, wenn Sie keinen Kauf mit dem reinen Gastprofil oder der Schnellabfertigung t\u00e4tigen;<\/div>\n<div>&#8211; F\u00fcr die Erledigung aller sich daraus ergebenden administrativen und steuerlichen Verpflichtungen als gesetzliche Verpflichtung;&nbsp;<\/div>\n<div>&#8211; Zur Wahrung der Rechte des Urhebers aus dem Vertragsverh\u00e4ltnis.<\/div><div>&#8211; optional, mit Ihrer ausdr\u00fccklichen Zustimmung, um unseren Newsletter zu abonnieren oder Ihnen Werbemitteilungen oder kommerzielle Angebote per E-Mail oder Instant Messaging zu senden.<br><\/div>\n<div>&nbsp;<\/div>\n<div>Bitte beachten Sie, dass die mit einem * (Sternchen) gekennzeichneten Daten angegeben werden m\u00fcssen, damit die von Ihnen gew\u00fcnschten Dienste in Anspruch genommen werden k\u00f6nnen; werden diese Daten nicht ausgef\u00fcllt, k\u00f6nnen Ihnen diese Dienste m\u00f6glicherweise nicht zur Verf\u00fcgung gestellt werden und die Daten selbst k\u00f6nnen nicht erfasst werden. Das Ausf\u00fcllen der anderen Daten im Formular ist fakultativ, und es steht Ihnen frei, ob Sie sie ausf\u00fcllen wollen oder nicht.<\/div>\n<div>&nbsp;<\/div>\n<div>Die von Ihnen mitgeteilten Daten k\u00f6nnen an die Mitarbeiter des f\u00fcr die Datenverarbeitung Verantwortlichen, die an der Ausf\u00fchrung der von Ihnen angeforderten Dienstleistungen beteiligt sind, sowie an Dritte, die in ihrer Eigenschaft als Datenverarbeiter an der Ausf\u00fchrung derselben T\u00e4tigkeiten beteiligt sind, weitergegeben werden.&nbsp;<\/div>\n<div>Die Daten in den Formularen k\u00f6nnen zu den angegebenen Zwecken an unsere Vertriebsorganisation weitergegeben werden oder an Dritte, wenn dies f\u00fcr die Erbringung der angeforderten Dienstleistungen erforderlich ist.&nbsp;<\/div>\n<div>&nbsp;<\/div>\n<div>Die Daten k\u00f6nnen auch \u00fcbermittelt werden an (a) Personen, die f\u00fcr unser Unternehmen Dienstleistungen in den Bereichen Verwaltung, Buchhaltung oder Steuern erbringen, in ihrer Eigenschaft als Datenverarbeiter; (b) Parteien, denen gegen\u00fcber die Offenlegung gesetzlich vorgeschrieben ist; (c) Bankinstitute f\u00fcr die Abwicklung von Zahlungen; d) &nbsp;Versicherungs- und\/oder Inkassogesellschaften; e) Bef\u00f6rderungsunternehmen, denen der Transportdienst \u00fcbertragen wurde.<\/div>\n<div>&nbsp;<\/div>\n<div>&nbsp;Die Daten werden so lange aufbewahrt, bis die angeforderten Dienstleistungen abgeschlossen sind oder ihre L\u00f6schung beantragt wird; im Falle organisatorischer oder rechtlicher Anforderungen k\u00f6nnen sie in speziellen Archiven f\u00fcr den Zeitraum aufbewahrt werden, der f\u00fcr diese Zwecke unbedingt erforderlich ist.<\/div>\n<div>&nbsp;<\/div>\n<div>&nbsp;Wir erinnern Sie an Ihr Recht, von dem f\u00fcr die Datenverarbeitung Verantwortlichen Zugang zu Ihren personenbezogenen Daten, deren Berichtigung oder L\u00f6schung oder deren Einschr\u00e4nkung zu verlangen und einer solchen Verarbeitung zu widersprechen, sowie an Ihr Recht auf Daten\u00fcbertragbarkeit; Sie k\u00f6nnen diese Rechte unter den oben genannten Kontaktdaten aus\u00fcben. Die erteilte Einwilligung kann jederzeit widerrufen werden, indem man sich an die angegebenen E-Mail-Adressen wendet oder die von den f\u00fcr die Verarbeitung verwendeten Instrumenten angegebenen Methoden benutzt.<\/div>\n<div>&nbsp;<\/div>\n<div>&nbsp;Wir erinnern Sie auch an Ihr Recht, eine Beschwerde bei der Aufsichtsbeh\u00f6rde einzureichen, in Italien vertreten durch die Garante per la protezione dei dati personali (www.garanteprivacy.it).<\/div>\n<div>&nbsp;<\/div>\n<div>Weitere Informationen \u00fcber den Inhaber der Datenverarbeitung und \u00fcber die sich aus dem Besuch dieser Website ergebenden Verarbeitungen finden Sie auf der Seite mit der<a href=\"https:\/\/www.faresindustries.com\/privacy-policy\" target=\"_blank\" rel=\"noopener\">Datenschutzpolitik<\/a>&nbsp;<a href=\"https:\/\/www.faresindustries.com\/privacy-policy\" target=\"_blank\" rel=\"noopener\">&nbsp; .<\/a><\/div>\n<\/div>\n<\/div>\n<\/div>\n<\/div>\n<\/section>\t\t\t\t\t\t\t\t<\/div>\n\t\t\t\t<\/div>\n\t\t\t\t\t<\/div>\n\t\t<\/div>\n\t\t\t\t\t<\/div>\n\t\t<\/section>\n\t\t\t\t<\/div>\n\t\t","protected":false},"excerpt":{"rendered":"<p>Informativ Informationen gem\u00e4\u00df Art. 13 der Europ\u00e4ischen Datenschutzverordnung (GDPR &#8211; EU Reg. 679\/16) Gem\u00e4\u00df Art. 13 der EU-Verordnung 679\/16 erhalten Sie die folgenden Informationen \u00fcber die Verarbeitung, die infolge Ihres Online-Kaufs auf unserer Website www.faresindustries.com &nbsp;und der eventuellen Registrierung eines pers\u00f6nlichen Kontos erfolgen kann.&nbsp; Der Inhaber der Datenverarbeitung ist Faresin Industries Spa mit Sitz und [&hellip;]<\/p>\n","protected":false},"author":1,"featured_media":0,"parent":0,"menu_order":0,"comment_status":"closed","ping_status":"closed","template":"elementor_header_footer","meta":{"footnotes":""},"class_list":["post-17853","page","type-page","status-publish","hentry"],"_links":{"self":[{"href":"https:\/\/shop.faresin.com\/de\/wp-json\/wp\/v2\/pages\/17853","targetHints":{"allow":["GET"]}}],"collection":[{"href":"https:\/\/shop.faresin.com\/de\/wp-json\/wp\/v2\/pages"}],"about":[{"href":"https:\/\/shop.faresin.com\/de\/wp-json\/wp\/v2\/types\/page"}],"author":[{"embeddable":true,"href":"https:\/\/shop.faresin.com\/de\/wp-json\/wp\/v2\/users\/1"}],"replies":[{"embeddable":true,"href":"https:\/\/shop.faresin.com\/de\/wp-json\/wp\/v2\/comments?post=17853"}],"version-history":[{"count":1,"href":"https:\/\/shop.faresin.com\/de\/wp-json\/wp\/v2\/pages\/17853\/revisions"}],"predecessor-version":[{"id":17854,"href":"https:\/\/shop.faresin.com\/de\/wp-json\/wp\/v2\/pages\/17853\/revisions\/17854"}],"wp:attachment":[{"href":"https:\/\/shop.faresin.com\/de\/wp-json\/wp\/v2\/media?parent=17853"}],"curies":[{"name":"wp","href":"https:\/\/api.w.org\/{rel}","templated":true}]}}