{"id":16603,"date":"2022-03-09T10:33:05","date_gmt":"2022-03-09T09:33:05","guid":{"rendered":"https:\/\/shop.faresin.com\/unternehmen\/"},"modified":"2022-12-19T10:32:40","modified_gmt":"2022-12-19T09:32:40","slug":"unternehmen","status":"publish","type":"page","link":"https:\/\/shop.faresin.com\/de\/unternehmen\/","title":{"rendered":"Unternehmen"},"content":{"rendered":"\t\t<div data-elementor-type=\"wp-page\" data-elementor-id=\"16603\" class=\"elementor elementor-16603 elementor-16492\" data-elementor-post-type=\"page\">\n\t\t\t\t\t\t<section class=\"elementor-section elementor-top-section elementor-element elementor-element-7b377774 elementor-section-boxed elementor-section-height-default elementor-section-height-default\" data-id=\"7b377774\" data-element_type=\"section\" data-e-type=\"section\">\n\t\t\t\t\t\t<div class=\"elementor-container elementor-column-gap-default\">\n\t\t\t\t\t<div class=\"elementor-column elementor-col-100 elementor-top-column elementor-element elementor-element-64dc47e1\" data-id=\"64dc47e1\" data-element_type=\"column\" data-e-type=\"column\">\n\t\t\t<div class=\"elementor-widget-wrap elementor-element-populated\">\n\t\t\t\t\t\t<div class=\"elementor-element elementor-element-5731108 elementor-widget-divider--view-line elementor-widget elementor-widget-divider\" data-id=\"5731108\" data-element_type=\"widget\" data-e-type=\"widget\" data-widget_type=\"divider.default\">\n\t\t\t\t<div class=\"elementor-widget-container\">\n\t\t\t\t\t\t\t<div class=\"elementor-divider\">\n\t\t\t<span class=\"elementor-divider-separator\">\n\t\t\t\t\t\t<\/span>\n\t\t<\/div>\n\t\t\t\t\t\t<\/div>\n\t\t\t\t<\/div>\n\t\t\t\t<div class=\"elementor-element elementor-element-c803721 elementor-widget elementor-widget-heading\" data-id=\"c803721\" data-element_type=\"widget\" data-e-type=\"widget\" data-widget_type=\"heading.default\">\n\t\t\t\t<div class=\"elementor-widget-container\">\n\t\t\t\t\t<h2 class=\"elementor-heading-title elementor-size-default\">\u00dcber Uns<\/h2>\t\t\t\t<\/div>\n\t\t\t\t<\/div>\n\t\t\t\t<div class=\"elementor-element elementor-element-18600c7 elementor-widget elementor-widget-text-editor\" data-id=\"18600c7\" data-element_type=\"widget\" data-e-type=\"widget\" data-widget_type=\"text-editor.default\">\n\t\t\t\t<div class=\"elementor-widget-container\">\n\t\t\t\t\t\t\t\t\t<p>Faresin Industries, mit Hauptsitz in Breganze (VI), entwirft, produziert und verkauft Mischwagen und Instrumente f\u00fcr die Rationenanalyse f\u00fcr den Viehsektor, Teleskoplader f\u00fcr landwirtschaftliche und industrielle Zwecke. Das 1973 vom aktuellen Firmenchef Sante Faresin gegr\u00fcndete Haus vereint die Tradition eines soliden Familienunternehmens mit der Dynamik und Modernit\u00e4t eines gro\u00dfen internationalen Konzerns, der heute mit seinem Netzwerk aus Niederlassungen, Vertriebsstellen und H\u00e4ndlern auf allen Kontinenten vertreten ist.<\/p>\n\t\t\t\t\t\t\t\t<\/div>\n\t\t\t\t<\/div>\n\t\t\t\t<div class=\"elementor-element elementor-element-57a0629 elementor-widget elementor-widget-heading\" data-id=\"57a0629\" data-element_type=\"widget\" data-e-type=\"widget\" data-widget_type=\"heading.default\">\n\t\t\t\t<div class=\"elementor-widget-container\">\n\t\t\t\t\t<h2 class=\"elementor-heading-title elementor-size-default\">Mission Und Vision<\/h2>\t\t\t\t<\/div>\n\t\t\t\t<\/div>\n\t\t\t\t<div class=\"elementor-element elementor-element-3d0f5a0 elementor-widget elementor-widget-text-editor\" data-id=\"3d0f5a0\" data-element_type=\"widget\" data-e-type=\"widget\" data-widget_type=\"text-editor.default\">\n\t\t\t\t<div class=\"elementor-widget-container\">\n\t\t\t\t\t\t\t\t\t<p>Innovation im Dienste der t\u00e4glichen Arbeit unserer Kunden. Eine vor 50 Jahren mit dem Wunsch, auf der ganzen Welt technologisch fortschrittliche Maschinen f\u00fcr die Bereiche Landwirtschaft, Viehzucht, Bauwesen und Industrie zu entwickeln, herzustellen und zu verkaufen, begonnene Mission. Jede unserer Aktivit\u00e4ten, vom Design bis zum After-Sales-Service, ist darauf ausgerichtet, die Arbeit unserer Kunden immer sicherer, effizienter und einfacher zu gestalten.<\/p>\n<p>Der Blick richtete sich auf ehrgeizige Ziele f\u00fcr die Zukunft, mit fest in unserer Vergangenheit verwurzelten Werten. Faresin Industries ist ein international ausgerichtetes Unternehmen, das sich im Laufe der Jahre strukturiert hat und das sein Wirken auf der ganzen Welt ausgedehnt hat, und all dies vereint mit der Tradition eines soliden Familienunternehmens, welches stark mit dem Herkunftsgebiet verbunden ist. Die Entscheidung, die Zentrale und die Produktionsanlagen in Breganze zu behalten, zielt darauf ab, der lokalen sozio\u00f6konomischen Struktur einen erheblichen Mehrwert zu verleihen und ihre Exzellenz auf den Weltmarkt zu projizieren. Wir glauben, dass es die Menschen sind, die den Unterschied machen: Deshalb konzentrieren wir uns darauf, unsere Mitarbeiter zu schulen und eine solide Vertrauensbeziehung zu Partnern, Kunden und Lieferanten aufzubauen.<\/p>\n\t\t\t\t\t\t\t\t<\/div>\n\t\t\t\t<\/div>\n\t\t\t\t<div class=\"elementor-element elementor-element-48d57b3 elementor-widget elementor-widget-button\" data-id=\"48d57b3\" data-element_type=\"widget\" data-e-type=\"widget\" data-widget_type=\"button.default\">\n\t\t\t\t<div class=\"elementor-widget-container\">\n\t\t\t\t\t\t\t\t\t<div class=\"elementor-button-wrapper\">\n\t\t\t\t\t<a class=\"elementor-button elementor-button-link elementor-size-md\" href=\"https:\/\/www.faresin.com\" target=\"_blank\" rel=\"noopener\">\n\t\t\t\t\t\t<span class=\"elementor-button-content-wrapper\">\n\t\t\t\t\t\t\t\t\t<span class=\"elementor-button-text\">Weitere Informationen finden Sie unter faresin.com<\/span>\n\t\t\t\t\t<\/span>\n\t\t\t\t\t<\/a>\n\t\t\t\t<\/div>\n\t\t\t\t\t\t\t\t<\/div>\n\t\t\t\t<\/div>\n\t\t\t\t\t<\/div>\n\t\t<\/div>\n\t\t\t\t\t<\/div>\n\t\t<\/section>\n\t\t\t\t<\/div>\n\t\t","protected":false},"excerpt":{"rendered":"<p>Home \u00dcber Uns Faresin Industries, mit Hauptsitz in Breganze (VI), entwirft, produziert und verkauft Mischwagen und Instrumente f\u00fcr die Rationenanalyse f\u00fcr den Viehsektor, Teleskoplader f\u00fcr landwirtschaftliche und industrielle Zwecke. Das 1973 vom aktuellen Firmenchef Sante Faresin gegr\u00fcndete Haus vereint die Tradition eines soliden Familienunternehmens mit der Dynamik und Modernit\u00e4t eines gro\u00dfen internationalen Konzerns, der heute [&hellip;]<\/p>\n","protected":false},"author":1,"featured_media":0,"parent":0,"menu_order":0,"comment_status":"closed","ping_status":"closed","template":"elementor_header_footer","meta":{"footnotes":""},"class_list":["post-16603","page","type-page","status-publish","hentry"],"_links":{"self":[{"href":"https:\/\/shop.faresin.com\/de\/wp-json\/wp\/v2\/pages\/16603","targetHints":{"allow":["GET"]}}],"collection":[{"href":"https:\/\/shop.faresin.com\/de\/wp-json\/wp\/v2\/pages"}],"about":[{"href":"https:\/\/shop.faresin.com\/de\/wp-json\/wp\/v2\/types\/page"}],"author":[{"embeddable":true,"href":"https:\/\/shop.faresin.com\/de\/wp-json\/wp\/v2\/users\/1"}],"replies":[{"embeddable":true,"href":"https:\/\/shop.faresin.com\/de\/wp-json\/wp\/v2\/comments?post=16603"}],"version-history":[{"count":4,"href":"https:\/\/shop.faresin.com\/de\/wp-json\/wp\/v2\/pages\/16603\/revisions"}],"predecessor-version":[{"id":16735,"href":"https:\/\/shop.faresin.com\/de\/wp-json\/wp\/v2\/pages\/16603\/revisions\/16735"}],"wp:attachment":[{"href":"https:\/\/shop.faresin.com\/de\/wp-json\/wp\/v2\/media?parent=16603"}],"curies":[{"name":"wp","href":"https:\/\/api.w.org\/{rel}","templated":true}]}}